{"id":991,"date":"2016-03-17T19:15:23","date_gmt":"2016-03-17T18:15:23","guid":{"rendered":"http:\/\/www.kreisfeuerwehrverband-vechta.de\/?page_id=991"},"modified":"2023-03-26T20:31:44","modified_gmt":"2023-03-26T18:31:44","slug":"vorstand","status":"publish","type":"page","link":"https:\/\/www.kreisfeuerwehrverband-vechta.de\/?page_id=991","title":{"rendered":"Vorstand"},"content":{"rendered":"<figure id=\"attachment_8850\" aria-describedby=\"caption-attachment-8850\" style=\"width: 1000px\" class=\"wp-caption aligncenter\"><img fetchpriority=\"high\" decoding=\"async\" class=\"wp-image-8850 size-full\" src=\"http:\/\/www.kreisfeuerwehrverband-vechta.de\/wp_KFV_2016\/wp-content\/uploads\/Foto_Vorstand_2022-1.jpg\" alt=\"\" width=\"1000\" height=\"562\" srcset=\"https:\/\/www.kreisfeuerwehrverband-vechta.de\/wp_KFV_2016\/wp-content\/uploads\/Foto_Vorstand_2022-1.jpg 1000w, https:\/\/www.kreisfeuerwehrverband-vechta.de\/wp_KFV_2016\/wp-content\/uploads\/Foto_Vorstand_2022-1-300x169.jpg 300w\" sizes=\"(max-width: 1000px) 100vw, 1000px\" \/><figcaption id=\"caption-attachment-8850\" class=\"wp-caption-text\">v.l.n.r.: FBL Lehrgangsarbeit Tanja Rawe (JF Damme), Schriftf\u00fchrerin Annika Wilke (JF Langf\u00f6rden), stv. KJF-Wart Jens Br\u00e4uer (JF Damme), KJF-Wart Markus Fiswick (JF Neuenkirchen), Kassenwart Daniel Burwinkel (JF Dinklage), FBL Wettbewerbe Daniel Simon (JF Dinklage), FBL \u00d6ffentlichkeitsarbeit Hannah Runnebohm (JF S\u00fcdlohne)<\/figcaption><\/figure> <figure id=\"attachment_8968\" aria-describedby=\"caption-attachment-8968\" style=\"width: 1000px\" class=\"wp-caption aligncenter\"><img decoding=\"async\" class=\"wp-image-8968 size-full\" src=\"http:\/\/www.kreisfeuerwehrverband-vechta.de\/wp_KFV_2016\/wp-content\/uploads\/Kreisjugendsprecher-1-rotated.jpg\" alt=\"\" width=\"1000\" height=\"563\" srcset=\"https:\/\/www.kreisfeuerwehrverband-vechta.de\/wp_KFV_2016\/wp-content\/uploads\/Kreisjugendsprecher-1-rotated.jpg 1000w, https:\/\/www.kreisfeuerwehrverband-vechta.de\/wp_KFV_2016\/wp-content\/uploads\/Kreisjugendsprecher-1-300x169.jpg 300w\" sizes=\"(max-width: 1000px) 100vw, 1000px\" \/><figcaption id=\"caption-attachment-8968\" class=\"wp-caption-text\">v.l.n.r.: stellv. Kreisjugendsprecher Sebastian Witte (JF Dinklage), Kreisjugendsprecher Max Germann (JF Dinklage),<\/figcaption><\/figure>\n","protected":false},"excerpt":{"rendered":"","protected":false},"author":1,"featured_media":0,"parent":154,"menu_order":0,"comment_status":"closed","ping_status":"closed","template":"","meta":{"ngg_post_thumbnail":0,"footnotes":""},"class_list":["post-991","page","type-page","status-publish","hentry"],"_links":{"self":[{"href":"https:\/\/www.kreisfeuerwehrverband-vechta.de\/index.php?rest_route=\/wp\/v2\/pages\/991","targetHints":{"allow":["GET"]}}],"collection":[{"href":"https:\/\/www.kreisfeuerwehrverband-vechta.de\/index.php?rest_route=\/wp\/v2\/pages"}],"about":[{"href":"https:\/\/www.kreisfeuerwehrverband-vechta.de\/index.php?rest_route=\/wp\/v2\/types\/page"}],"author":[{"embeddable":true,"href":"https:\/\/www.kreisfeuerwehrverband-vechta.de\/index.php?rest_route=\/wp\/v2\/users\/1"}],"replies":[{"embeddable":true,"href":"https:\/\/www.kreisfeuerwehrverband-vechta.de\/index.php?rest_route=%2Fwp%2Fv2%2Fcomments&post=991"}],"version-history":[{"count":0,"href":"https:\/\/www.kreisfeuerwehrverband-vechta.de\/index.php?rest_route=\/wp\/v2\/pages\/991\/revisions"}],"up":[{"embeddable":true,"href":"https:\/\/www.kreisfeuerwehrverband-vechta.de\/index.php?rest_route=\/wp\/v2\/pages\/154"}],"wp:attachment":[{"href":"https:\/\/www.kreisfeuerwehrverband-vechta.de\/index.php?rest_route=%2Fwp%2Fv2%2Fmedia&parent=991"}],"curies":[{"name":"wp","href":"https:\/\/api.w.org\/{rel}","templated":true}]}}