{"id":9827,"date":"2024-10-11T17:55:59","date_gmt":"2024-10-11T15:55:59","guid":{"rendered":"http:\/\/www.kreisfeuerwehrverband-vechta.de\/?page_id=9827"},"modified":"2024-10-11T18:24:44","modified_gmt":"2024-10-11T16:24:44","slug":"atemschutzgeraetetraeger","status":"publish","type":"page","link":"https:\/\/www.kreisfeuerwehrverband-vechta.de\/?page_id=9827","title":{"rendered":"Atemschutzger\u00e4tetr\u00e4ger"},"content":{"rendered":"<p><span style=\"text-decoration: underline;\"><strong><a href=\"http:\/\/www.kreisfeuerwehrverband-vechta.de\/?page_id=300\"><img decoding=\"async\" class=\"alignleft size-full wp-image-9851\" src=\"http:\/\/www.kreisfeuerwehrverband-vechta.de\/wp_KFV_2016\/wp-content\/uploads\/Zurueck_75px.png\" alt=\"\" width=\"75\" height=\"26\"><\/a><\/strong><\/span><\/p>\n<p>&nbsp;<\/p>\n<p>&nbsp;<\/p>\n<p><span style=\"text-decoration: underline;\"><strong>Lehrgang Atemschutzger\u00e4tetr\u00e4ger (Dauer 4 Tage)<\/strong><\/span><\/p>\n<p>In dem Lehrgang Atemschutzger\u00e4tetr\u00e4ger werden folgende Inhalte an die Teilnehmer\/innen vermittelt:<\/p>\n<p>\u2022 Rechtliche Grundlagen, Anforderungen und Verantwortlichkeit nach der FwDV 7<br \/>\n\u2022 Grundlagen der Atmung<br \/>\n\u2022 Atemgifte<br \/>\n\u2022 Einsatzgrunds\u00e4tze im Atemschutz<br \/>\n\u2022 Herstellung der Einsatzbereitschaft eines Atemschutzger\u00e4tes<br \/>\n\u2022 Praktische \u00dcbungen in der Atemschutzstrecke und Einsatz\u00fcbungen<br \/>\n\u2022 Verhalten in Notsituationen<\/p>\n<p><a href=\"http:\/\/www.kreisfeuerwehrverband-vechta.de\/?page_id=233\"><img decoding=\"async\" class=\"alignleft size-full wp-image-9858\" src=\"http:\/\/www.kreisfeuerwehrverband-vechta.de\/wp_KFV_2016\/wp-content\/uploads\/Download-Hinweise_150px.png\" alt=\"\" width=\"150\" height=\"62\"><\/a><\/p>\n","protected":false},"excerpt":{"rendered":"<p>&nbsp; &nbsp; Lehrgang Atemschutzger\u00e4tetr\u00e4ger (Dauer 4 Tage) In dem Lehrgang Atemschutzger\u00e4tetr\u00e4ger werden folgende Inhalte an die Teilnehmer\/innen vermittelt: \u2022 Rechtliche Grundlagen, Anforderungen und Verantwortlichkeit nach der FwDV 7 \u2022 Grundlagen der Atmung \u2022 Atemgifte \u2022 Einsatzgrunds\u00e4tze im Atemschutz \u2022 Herstellung<\/p>\n","protected":false},"author":5,"featured_media":0,"parent":300,"menu_order":0,"comment_status":"closed","ping_status":"closed","template":"","meta":{"ngg_post_thumbnail":0,"footnotes":""},"class_list":["post-9827","page","type-page","status-publish","hentry"],"_links":{"self":[{"href":"https:\/\/www.kreisfeuerwehrverband-vechta.de\/index.php?rest_route=\/wp\/v2\/pages\/9827","targetHints":{"allow":["GET"]}}],"collection":[{"href":"https:\/\/www.kreisfeuerwehrverband-vechta.de\/index.php?rest_route=\/wp\/v2\/pages"}],"about":[{"href":"https:\/\/www.kreisfeuerwehrverband-vechta.de\/index.php?rest_route=\/wp\/v2\/types\/page"}],"author":[{"embeddable":true,"href":"https:\/\/www.kreisfeuerwehrverband-vechta.de\/index.php?rest_route=\/wp\/v2\/users\/5"}],"replies":[{"embeddable":true,"href":"https:\/\/www.kreisfeuerwehrverband-vechta.de\/index.php?rest_route=%2Fwp%2Fv2%2Fcomments&post=9827"}],"version-history":[{"count":0,"href":"https:\/\/www.kreisfeuerwehrverband-vechta.de\/index.php?rest_route=\/wp\/v2\/pages\/9827\/revisions"}],"up":[{"embeddable":true,"href":"https:\/\/www.kreisfeuerwehrverband-vechta.de\/index.php?rest_route=\/wp\/v2\/pages\/300"}],"wp:attachment":[{"href":"https:\/\/www.kreisfeuerwehrverband-vechta.de\/index.php?rest_route=%2Fwp%2Fv2%2Fmedia&parent=9827"}],"curies":[{"name":"wp","href":"https:\/\/api.w.org\/{rel}","templated":true}]}}