{"id":9821,"date":"2024-10-11T17:50:14","date_gmt":"2024-10-11T15:50:14","guid":{"rendered":"http:\/\/www.kreisfeuerwehrverband-vechta.de\/?page_id=9821"},"modified":"2026-04-01T19:13:29","modified_gmt":"2026-04-01T17:13:29","slug":"truppmitglied","status":"publish","type":"page","link":"https:\/\/www.kreisfeuerwehrverband-vechta.de\/?page_id=9821","title":{"rendered":"Truppmitglied"},"content":{"rendered":"<p><a href=\"http:\/\/www.kreisfeuerwehrverband-vechta.de\/?page_id=300\"><img decoding=\"async\" class=\"alignleft wp-image-9844\" src=\"http:\/\/www.kreisfeuerwehrverband-vechta.de\/wp_KFV_2016\/wp-content\/uploads\/Zurueck.png\" alt=\"\" width=\"75\" height=\"26\"><\/a><\/p>\n<p>&nbsp;<\/p>\n<p>&nbsp;<\/p>\n<p><span style=\"text-decoration: underline;\"><strong>Lehrgang Truppmitglied (Dauer 5 Tage)<\/strong><\/span><\/p>\n<p>Mit der Novellierung der Truppausbildung in den Freiwilligen Feuerwehren in Niedersachsen orientiert sich diese an modernen Grunds\u00e4tzen der Berufsausbildung und kooperiert mit mehreren Standorten in modularer Architektur. Die verschiedenen Lernorte sind die Orts- und Gemeindefeuerwehr vergleichbar mit dem Ausbildungsbetrieb und die Kreisebene, die man mit der Berufsschule vergleichen kann. Diese duale Ausbildung hat wesentlichen Vorteile, die jetzt auch in der Feuerwehrausbildung umgesetzt werden. Durch diesen Aufbau ist eine durchg\u00e4ngige Lernbegleitung in der Ortsfeuerwehr m\u00f6glich und die individuellen Bed\u00fcrfnisse der Lernenden k\u00f6nnen damit besser bedient werden. Ziel der Modularisierung ist die Verbesserung der Flexibilit\u00e4t und die schnellere Gewinnung von Einsatzkr\u00e4ften, um die Einsatzbereitschaft der Feuerwehren sicherzustellen. Damit wird den ver\u00e4nderten Bedingungen der Arbeitswelt genauso Rechnung getragen, wie den neuen M\u00f6glichkeiten der Digitalisierung.<br \/>\nDie Ausrichtung der Basisausbildung orientiert sich mit diesem Konzept mehr an der Ausr\u00fcstung der eigenen Ortsfeuerwehr und nimmt damit das Aufgabenspektrum der Ortsfeuerwehr in den Blick. Wenn die Grundkompetenzen erworben sind, kann die Einsatzkraft durch die Ausbildung am Standort die Qualifikationsstufe \u201eEinsatzf\u00e4higkeit\u201c erreichen. Diese Qualifikationsstufe beinhaltet die notwendigen Kompetenzen, um auch im Einsatzgeschehen unter Anleitung weiterlernen zu k\u00f6nnen und sich dabei nicht selbst in Gefahr zu begeben. Folgende Module m\u00fcssen zum Erreichen der Qualifikationsstufe \u201eEinsatzf\u00e4higkeit\u201c absolviert sein.<\/p>\n<p><span style=\"text-decoration: underline;\">Module f\u00fcr die Qualifikationsstufe Einsatzf\u00e4higkeit:<\/span><br \/>\n&#8211; MGLA 1 &#8211; Erste-Hilfe Grundausbildung (Basismodul 5.1)<br \/>\n&#8211; MGLA 2 &#8211; Verhalten bei Gefahr (Basismodul 6)<br \/>\n&#8211; MGLA 3 &#8211; Grundlagen Fahrzeug und Ger\u00e4tekunde (Basismodule 3.1, 4.1- 4.7)<br \/>\n&#8211; MGLA 4 &#8211; Unfallversicherungsschutz und physische und psychische Belastungen im Einsatz (Basismodule 1.2, 5.2)<\/p>\n<p>Um die Qualifikationsstufe \u201eTruppmitglied\u201c zu erreichen, m\u00fcssen nach Absolvierung des Kompetenznachweises \u201eEinsatzf\u00e4higkeit\u201c Module auf Orts- sowie Kreisebene besucht werden und ein Kompetenznachweis erfolgreich absolviert werden.<\/p>\n<hr>\n<p><span style=\"text-decoration: underline;\">Der Lehrgang \u201eTruppmitglied\u201c auf Kreisebene beinhaltet folgende Module der modularen Grundlagenausbildung:<\/span><br \/>\n&#8211; MGLA 7 &#8211; Einheiten im L\u00f6scheinsatz (Basismodule 2.0, 8.1)<br \/>\n&#8211; MGLA 9 &#8211; Rettung (Basismodul 7)<br \/>\n&#8211; MGLA 12 &#8211; Einheiten im L\u00f6scheinsatz (Basismodul 8.2) <br \/>\n&#8211; MGLA 13 &#8211; Einheiten im Hilfeleistungseinsatz, Fahrzeugfunk (Basismodule 9.2, 11.5)<br \/>\n&#8211; MGLA 14 &#8211; ABC Gefahren und besondere Gefahren im Zivilschutz, Kampfmittel (Basismodule 10.1 &#8211; 10.2, 13.2)<\/p>\n<p><span style=\"text-decoration: underline;\">Alle weiteren Module f\u00fcr die Qualifikation \u201eTruppmitglied\u201c m\u00fcssen innerhalb der jeweiligen Ortsfeuerwehr absolviert werden:<\/span><br \/>\n&#8211; MGLA 5 &#8211; Rechtsgrundlagen, Brennen und L\u00f6schen, Einheiten im L\u00f6sch- und Hilfeleistungseinsatz (Basismodule 1.1, 2.0, 8.1, 9.1, 13.1)<br \/>\n&#8211; MGLA 6 &#8211; Einheiten im L\u00f6sch- und Hilfeleistungseinsatz, Rettung (Basismodule 7.0, 8.1, 9.1)<br \/>\n&#8211; MGLA 8 &#8211; Einsatzstellenfunk (Basismodule 11.1 &#8211; 11.5)<br \/>\n&#8211; MGLA 10 &#8211; Einheiten im L\u00f6scheinsatz (Basismodul 8.2)<br \/>\n&#8211; MGLA 11 &#8211; Fahrzeugkunde, Objektkunde, Sonderfahrzeuge (Basismodule 3.2, 12.0, 13.3)<\/p>\n<hr>\n<p>Die Qualifikationsstufe \u201eTruppf\u00fchrung\u201c kann erst nach einer auf die individuellen Bed\u00fcrfnisse der Ortsfeuerwehr abgestimmten Ausbildungskonzeption und nach einer ebenfalls durchgef\u00fchrten Kompetenz\u00fcberpr\u00fcfung erreicht werden.<\/p>\n<p><span style=\"text-decoration: underline;\">Module f\u00fcr die Qualifikationsstufe Truppf\u00fchrende:<\/span><br \/>\n&#8211; MGLA 15 &#8211; Erg\u00e4nzungsmodule 1-9 (nach Bedarf)<br \/>\n&#8211; MGLA 16 &#8211; Erste-Hilfe Fortbildung (Basismodul 5.3)<br \/>\n&#8211; MGLA 18 &#8211; Besondere Objektkunde inkl. Geb\u00e4udefunkanlagen<\/p>\n<p>Dadurch ist sichergestellt, dass eine einheitliche Qualit\u00e4t bei Erreichen der Qualifikationsstufe vorhanden ist. Um die Qualit\u00e4t zu erhalten, ist es zwingend notwendig, dass die laufende Ausbildung in den Ortsfeuerwehren die wesentlichen Aspekte immer wieder aufgreift, um die Kompetenzen zu festigen und eine h\u00f6here Stufe der Verinnerlichung zu erzeugen.<\/p>\n<p>Bringen Feuerwehrleute beschriebene Kompetenzen schon aus anderen Ausbildungsabschnitten der eigenen Lernbiografie mit (z.B. der Jugendfeuerwehr), erm\u00f6glicht das Konzept bei Vorliegen der Kompetenzen auch die Anerkennung dieser. Dadurch wird wertvolle Ausbildungszeit bis zur Erreichung der Qualifikationsstufe \u201eEinsatzbereitschaft\u201c eingespart.<\/p>\n<p><a href=\"http:\/\/www.kreisfeuerwehrverband-vechta.de\/?page_id=233\"><img decoding=\"async\" class=\"alignleft size-full wp-image-9858\" src=\"http:\/\/www.kreisfeuerwehrverband-vechta.de\/wp_KFV_2016\/wp-content\/uploads\/Download-Hinweise_150px.png\" alt=\"\" width=\"150\" height=\"62\"><\/a><\/p>\n","protected":false},"excerpt":{"rendered":"<p>&nbsp; &nbsp; Lehrgang Truppmitglied (Dauer 5 Tage) Mit der Novellierung der Truppausbildung in den Freiwilligen Feuerwehren in Niedersachsen orientiert sich diese an modernen Grunds\u00e4tzen der Berufsausbildung und kooperiert mit mehreren Standorten in modularer Architektur. Die verschiedenen Lernorte sind die Orts-<\/p>\n","protected":false},"author":5,"featured_media":0,"parent":300,"menu_order":0,"comment_status":"closed","ping_status":"closed","template":"","meta":{"ngg_post_thumbnail":0,"footnotes":""},"class_list":["post-9821","page","type-page","status-publish","hentry"],"_links":{"self":[{"href":"https:\/\/www.kreisfeuerwehrverband-vechta.de\/index.php?rest_route=\/wp\/v2\/pages\/9821","targetHints":{"allow":["GET"]}}],"collection":[{"href":"https:\/\/www.kreisfeuerwehrverband-vechta.de\/index.php?rest_route=\/wp\/v2\/pages"}],"about":[{"href":"https:\/\/www.kreisfeuerwehrverband-vechta.de\/index.php?rest_route=\/wp\/v2\/types\/page"}],"author":[{"embeddable":true,"href":"https:\/\/www.kreisfeuerwehrverband-vechta.de\/index.php?rest_route=\/wp\/v2\/users\/5"}],"replies":[{"embeddable":true,"href":"https:\/\/www.kreisfeuerwehrverband-vechta.de\/index.php?rest_route=%2Fwp%2Fv2%2Fcomments&post=9821"}],"version-history":[{"count":0,"href":"https:\/\/www.kreisfeuerwehrverband-vechta.de\/index.php?rest_route=\/wp\/v2\/pages\/9821\/revisions"}],"up":[{"embeddable":true,"href":"https:\/\/www.kreisfeuerwehrverband-vechta.de\/index.php?rest_route=\/wp\/v2\/pages\/300"}],"wp:attachment":[{"href":"https:\/\/www.kreisfeuerwehrverband-vechta.de\/index.php?rest_route=%2Fwp%2Fv2%2Fmedia&parent=9821"}],"curies":[{"name":"wp","href":"https:\/\/api.w.org\/{rel}","templated":true}]}}