{"id":957,"date":"2016-03-15T19:18:07","date_gmt":"2016-03-15T18:18:07","guid":{"rendered":"http:\/\/www.kreisfeuerwehrverband-vechta.de\/?page_id=957"},"modified":"2026-03-16T18:19:24","modified_gmt":"2026-03-16T17:19:24","slug":"calendar","status":"publish","type":"page","link":"https:\/\/www.kreisfeuerwehrverband-vechta.de\/?page_id=957","title":{"rendered":"Lehrgangstermine"},"content":{"rendered":"<p>Auf dieser Seite befindet sich die \u00dcbersicht der Lehrg\u00e4nge an der feuerwehrtechnischen Zentrale (FTZ) des Landkreises Vechta. Weitere Informationen zu den jeweiligen Lehrg\u00e4ngen <a href=\"http:\/\/www.kreisfeuerwehrverband-vechta.de\/?page_id=233\">unter diesem Link<\/a>!<\/p>\n<hr>\n<p>&nbsp;<\/p>\n<p style=\"text-align: center;\"><span style=\"text-decoration: underline;\"><em><strong><span style=\"font-size: 14pt;\">Lehrgangsjahr 2026<\/span><\/strong><\/em><\/span><\/p>\n<table style=\"border-collapse: collapse; width: 100.014%; height: 592px;\">\n<tbody>\n<tr style=\"height: 24px;\">\n<td style=\"background-color: #d9d9d9; text-align: center; height: 24px; width: 100%;\" colspan=\"2\"><span style=\"color: #000000;\"><strong>M\u00e4rz 2026<\/strong><\/span><\/td>\n<\/tr>\n<tr style=\"height: 24px;\">\n<td style=\"width: 50%; text-align: center; height: 24px;\">21.03.2026<\/td>\n<td style=\"width: 50%; text-align: center; height: 24px;\">Einsatztaktik im AT-Einsatz<\/td>\n<\/tr>\n<tr>\n<td style=\"width: 50%; text-align: center;\">27.03.2026<\/td>\n<td style=\"width: 50%; text-align: center;\">Truppmann 2 -&gt; Truppf\u00fchrende<\/td>\n<\/tr>\n<tr style=\"height: 24px;\">\n<td style=\"width: 50%; text-align: center; height: 24px;\">28.03.2026<\/td>\n<td style=\"width: 50%; text-align: center; height: 24px;\">Truppmann 2 -&gt; Truppf\u00fchrende<\/td>\n<\/tr>\n<tr style=\"height: 24px;\">\n<td style=\"width: 100%; background-color: #d9d9d9; text-align: center; height: 24px;\" colspan=\"2\"><span style=\"color: #000000;\"><strong>April 2026<\/strong><\/span><\/td>\n<\/tr>\n<tr>\n<td style=\"width: 50%; text-align: center;\">10.04. &#8211; 11.04.2026<\/td>\n<td style=\"width: 50%; text-align: center;\">F\u00fchrungshilfspersonal ELW<\/td>\n<\/tr>\n<tr style=\"height: 24px;\">\n<td style=\"width: 50%; text-align: center; height: 24px;\">13.04. &#8211; 17.04.2026<\/td>\n<td style=\"width: 50%; text-align: center; height: 24px;\">Maschinist<\/td>\n<\/tr>\n<tr style=\"height: 24px;\">\n<td style=\"width: 50%; text-align: center; height: 24px;\">25.04.2026<\/td>\n<td style=\"width: 50%; text-align: center; height: 24px;\">Truppmann 2 -&gt; Truppf\u00fchrende<\/td>\n<\/tr>\n<tr style=\"height: 16px;\">\n<td style=\"width: 100%; background-color: #d9d9d9; text-align: center; height: 16px;\" colspan=\"2\"><span style=\"color: #000000;\"><strong>Juni 2026<\/strong><\/span><\/td>\n<\/tr>\n<tr style=\"height: 24px;\">\n<td style=\"width: 50%; text-align: center; height: 24px;\">08.06. &#8211; 11.06.2026<\/td>\n<td style=\"width: 50%; text-align: center; height: 24px;\">Atemschutzger\u00e4tetr\u00e4ger<\/td>\n<\/tr>\n<tr style=\"height: 24px;\">\n<td style=\"width: 50%; text-align: center; height: 24px;\">12.06. &#8211; 13.06.2026<\/td>\n<td style=\"width: 50%; text-align: center; height: 24px;\">Sprechfunker<\/td>\n<\/tr>\n<tr style=\"height: 24px;\">\n<td style=\"width: 50%; text-align: center; height: 24px;\">27.06.2026<\/td>\n<td style=\"width: 50%; text-align: center; height: 24px;\">Einsatztaktik im AT-Einsatz<\/td>\n<\/tr>\n<tr style=\"height: 24px;\">\n<td style=\"width: 50%; text-align: center; height: 24px;\">29.06. &#8211; 03.07.2026<\/td>\n<td style=\"width: 50%; text-align: center; height: 24px;\">Truppmitglied<\/td>\n<\/tr>\n<tr style=\"height: 24px;\">\n<td style=\"width: 100%; height: 24px; background-color: #d9d9d9; text-align: center;\" colspan=\"2\"><span style=\"color: #000000;\"><strong>Juli 2026<\/strong><\/span><\/td>\n<\/tr>\n<tr style=\"height: 24px;\">\n<td style=\"width: 50%; text-align: center; height: 24px;\">04.07.2026<\/td>\n<td style=\"width: 50%; text-align: center; height: 24px;\">Truppmann 2 -&gt; Truppf\u00fchrende<\/td>\n<\/tr>\n<tr style=\"height: 24px;\">\n<td style=\"width: 100%; height: 24px; background-color: #d9d9d9; text-align: center;\" colspan=\"2\"><strong><span style=\"color: #000000;\">September 2026<\/span><\/strong><\/td>\n<\/tr>\n<tr style=\"height: 24px;\">\n<td style=\"width: 50%; text-align: center; height: 24px;\">07.09. &#8211; 10.09.2026<\/td>\n<td style=\"width: 50%; text-align: center; height: 24px;\">Atemschutzger\u00e4tetr\u00e4ger<\/td>\n<\/tr>\n<tr style=\"height: 24px;\">\n<td style=\"width: 50%; text-align: center; height: 24px;\">11.09. &#8211; 12.09.2026<\/td>\n<td style=\"width: 50%; text-align: center; height: 24px;\">Sprechfunker<\/td>\n<\/tr>\n<tr style=\"height: 24px;\">\n<td style=\"width: 50%; text-align: center; height: 24px;\">26.09.2026<\/td>\n<td style=\"width: 50%; text-align: center; height: 24px;\">W\u00e4rmegew\u00f6hnung<\/td>\n<\/tr>\n<tr>\n<td style=\"width: 50%; text-align: center;\">28.09. &#8211; 02.10.2026<\/td>\n<td style=\"width: 50%; text-align: center;\">Maschinist<\/td>\n<\/tr>\n<tr style=\"height: 24px;\">\n<td style=\"width: 100%; height: 24px; background-color: #d9d9d9; text-align: center;\" colspan=\"2\"><span style=\"color: #000000;\"><strong>Oktober 2026<\/strong><\/span><\/td>\n<\/tr>\n<tr style=\"height: 24px;\">\n<td style=\"width: 50%; text-align: center; height: 24px;\">10.10.2026<\/td>\n<td style=\"width: 50%; text-align: center; height: 24px;\">Truppmann 2 -&gt; Truppf\u00fchrende<\/td>\n<\/tr>\n<tr>\n<td style=\"width: 50%; text-align: center;\">16.10. &#8211; 17.10.2026<\/td>\n<td style=\"width: 50%; text-align: center;\">F\u00fchrungshilfspersonal ELW<\/td>\n<\/tr>\n<tr style=\"height: 24px;\">\n<td style=\"width: 50%; text-align: center; height: 24px;\">19.10. &#8211; 23.10.2026<\/td>\n<td style=\"width: 50%; text-align: center; height: 24px;\">Truppmitglied<\/td>\n<\/tr>\n<\/tbody>\n<\/table>\n<p><em><span style=\"font-size: 10pt;\"><strong>Stand:<\/strong> 16.03.2026<\/span><\/em><\/p>\n","protected":false},"excerpt":{"rendered":"<p>Auf dieser Seite befindet sich die \u00dcbersicht der Lehrg\u00e4nge an der feuerwehrtechnischen Zentrale (FTZ) des Landkreises Vechta. Weitere Informationen zu den jeweiligen Lehrg\u00e4ngen unter diesem Link! &nbsp; Lehrgangsjahr 2026 M\u00e4rz 2026 21.03.2026 Einsatztaktik im AT-Einsatz 27.03.2026 Truppmann 2 -&gt; Truppf\u00fchrende<\/p>\n","protected":false},"author":1,"featured_media":0,"parent":300,"menu_order":0,"comment_status":"closed","ping_status":"closed","template":"","meta":{"ngg_post_thumbnail":0,"footnotes":""},"class_list":["post-957","page","type-page","status-publish","hentry"],"_links":{"self":[{"href":"https:\/\/www.kreisfeuerwehrverband-vechta.de\/index.php?rest_route=\/wp\/v2\/pages\/957","targetHints":{"allow":["GET"]}}],"collection":[{"href":"https:\/\/www.kreisfeuerwehrverband-vechta.de\/index.php?rest_route=\/wp\/v2\/pages"}],"about":[{"href":"https:\/\/www.kreisfeuerwehrverband-vechta.de\/index.php?rest_route=\/wp\/v2\/types\/page"}],"author":[{"embeddable":true,"href":"https:\/\/www.kreisfeuerwehrverband-vechta.de\/index.php?rest_route=\/wp\/v2\/users\/1"}],"replies":[{"embeddable":true,"href":"https:\/\/www.kreisfeuerwehrverband-vechta.de\/index.php?rest_route=%2Fwp%2Fv2%2Fcomments&post=957"}],"version-history":[{"count":0,"href":"https:\/\/www.kreisfeuerwehrverband-vechta.de\/index.php?rest_route=\/wp\/v2\/pages\/957\/revisions"}],"up":[{"embeddable":true,"href":"https:\/\/www.kreisfeuerwehrverband-vechta.de\/index.php?rest_route=\/wp\/v2\/pages\/300"}],"wp:attachment":[{"href":"https:\/\/www.kreisfeuerwehrverband-vechta.de\/index.php?rest_route=%2Fwp%2Fv2%2Fmedia&parent=957"}],"curies":[{"name":"wp","href":"https:\/\/api.w.org\/{rel}","templated":true}]}}