{"id":8802,"date":"2022-10-13T17:11:18","date_gmt":"2022-10-13T15:11:18","guid":{"rendered":"http:\/\/www.kreisfeuerwehrverband-vechta.de\/?page_id=8802"},"modified":"2023-11-05T13:15:46","modified_gmt":"2023-11-05T12:15:46","slug":"kinderfeuerwehr-neuenkirchen","status":"publish","type":"page","link":"https:\/\/www.kreisfeuerwehrverband-vechta.de\/?page_id=8802","title":{"rendered":"Kinderfeuerwehr Neuenkirchen"},"content":{"rendered":"<figure id=\"attachment_8795\" aria-describedby=\"caption-attachment-8795\" style=\"width: 1000px\" class=\"wp-caption aligncenter\"><img fetchpriority=\"high\" decoding=\"async\" class=\"wp-image-8795 size-full\" src=\"http:\/\/www.kreisfeuerwehrverband-vechta.de\/wp_KFV_2016\/wp-content\/uploads\/50_Jahre_JF_Gruendung_KF_Neuenkirchen_001.jpg\" alt=\"\" width=\"1000\" height=\"667\" srcset=\"https:\/\/www.kreisfeuerwehrverband-vechta.de\/wp_KFV_2016\/wp-content\/uploads\/50_Jahre_JF_Gruendung_KF_Neuenkirchen_001.jpg 1000w, https:\/\/www.kreisfeuerwehrverband-vechta.de\/wp_KFV_2016\/wp-content\/uploads\/50_Jahre_JF_Gruendung_KF_Neuenkirchen_001-300x200.jpg 300w\" sizes=\"(max-width: 1000px) 100vw, 1000px\" \/><figcaption id=\"caption-attachment-8795\" class=\"wp-caption-text\">Die Kinder- und Jugendfeuerwehr gemeinsam w\u00e4hrend des Jubil\u00e4ums bzw. Gr\u00fcndung am 17.09.2022<\/figcaption><\/figure>\n<p>Die Kinderfeuerwehr Neuenkirchen wurde am 17.09.2022 gegr\u00fcndet und ist somit die erste Kinderfeuerwehr im Landkreis Vechta. Gerade bei den &#8222;Kleinen&#8220; steht der Spa\u00df an vorderster Stelle, aber nat\u00fcrlich darf auch das Thema &#8222;Feuerwehr&#8220; nicht zu kurz kommen.<\/p>\n<p>Die Kinderfeuerwehr Neuenkirchen besteht zur Zeit aus 14 Jungen und M\u00e4dchen (Stand: 17.09.2022).<\/p>\n<p>&nbsp;<\/p>\n<p>&nbsp;<\/p>\n<p>KF-Wartin<br \/>\nYvonne Landwehr<br \/>\nBieste 10<br \/>\n49434 Neuenkirchen-V\u00f6rden<\/p>\n<p><a href=\"mailto:ylandwehr@gmx.net\">ylandwehr@gmx.net<\/a><\/p>\n<p>&nbsp;<\/p>\n<p><a href=\"http:\/\/www.feuerwehr-neuenkirchen-io.de\/\" target=\"_blank\" rel=\"noopener noreferrer\">www.feuerwehr-neuenkirchen-io.de<\/a><\/p>\n","protected":false},"excerpt":{"rendered":"<p>Die Kinderfeuerwehr Neuenkirchen wurde am 17.09.2022 gegr\u00fcndet und ist somit die erste Kinderfeuerwehr im Landkreis Vechta. Gerade bei den &#8222;Kleinen&#8220; steht der Spa\u00df an vorderster Stelle, aber nat\u00fcrlich darf auch das Thema &#8222;Feuerwehr&#8220; nicht zu kurz kommen. Die Kinderfeuerwehr Neuenkirchen<\/p>\n","protected":false},"author":1,"featured_media":0,"parent":8800,"menu_order":0,"comment_status":"closed","ping_status":"closed","template":"","meta":{"ngg_post_thumbnail":0,"footnotes":""},"class_list":["post-8802","page","type-page","status-publish","hentry"],"_links":{"self":[{"href":"https:\/\/www.kreisfeuerwehrverband-vechta.de\/index.php?rest_route=\/wp\/v2\/pages\/8802","targetHints":{"allow":["GET"]}}],"collection":[{"href":"https:\/\/www.kreisfeuerwehrverband-vechta.de\/index.php?rest_route=\/wp\/v2\/pages"}],"about":[{"href":"https:\/\/www.kreisfeuerwehrverband-vechta.de\/index.php?rest_route=\/wp\/v2\/types\/page"}],"author":[{"embeddable":true,"href":"https:\/\/www.kreisfeuerwehrverband-vechta.de\/index.php?rest_route=\/wp\/v2\/users\/1"}],"replies":[{"embeddable":true,"href":"https:\/\/www.kreisfeuerwehrverband-vechta.de\/index.php?rest_route=%2Fwp%2Fv2%2Fcomments&post=8802"}],"version-history":[{"count":0,"href":"https:\/\/www.kreisfeuerwehrverband-vechta.de\/index.php?rest_route=\/wp\/v2\/pages\/8802\/revisions"}],"up":[{"embeddable":true,"href":"https:\/\/www.kreisfeuerwehrverband-vechta.de\/index.php?rest_route=\/wp\/v2\/pages\/8800"}],"wp:attachment":[{"href":"https:\/\/www.kreisfeuerwehrverband-vechta.de\/index.php?rest_route=%2Fwp%2Fv2%2Fmedia&parent=8802"}],"curies":[{"name":"wp","href":"https:\/\/api.w.org\/{rel}","templated":true}]}}