{"id":8800,"date":"2022-10-13T16:58:42","date_gmt":"2022-10-13T14:58:42","guid":{"rendered":"http:\/\/www.kreisfeuerwehrverband-vechta.de\/?page_id=8800"},"modified":"2024-11-29T16:58:10","modified_gmt":"2024-11-29T15:58:10","slug":"kinderfeuerwehren","status":"publish","type":"page","link":"https:\/\/www.kreisfeuerwehrverband-vechta.de\/?page_id=8800","title":{"rendered":"Kinderfeuerwehren"},"content":{"rendered":"<p>Die erste Kinderfeuerwehr im Landkreis Vechta wurde im Jahr 2022 in Neuenkirchen gegr\u00fcndet. Ansprechpartner und weitere Informationen zu den einzelnen Kinderfeuerwehren k\u00f6nnen \u00fcber die nachfolgenden Links aufgerufen werden.<\/p>\n<p>&nbsp;<\/p>\n<h3>Gemeinde&nbsp;Neuenkirchen-V\u00f6rden<\/h3>\n<p><img decoding=\"async\" class=\"alignleft wp-image-1042\" src=\"http:\/\/www.kreisfeuerwehrverband-vechta.de\/wp_KFV_2016\/wp-content\/uploads\/Wappen_Neuenkirchen-Voerden.png\" alt=\"\" width=\"60\" height=\"67\"><a class=\"LinkFarbe\" href=\"http:\/\/www.kreisfeuerwehrverband-vechta.de\/?page_id=8802\">Kinderfeuerwehr Neuenkirchen<\/a><\/p>\n<p>&nbsp;<\/p>\n<p>&nbsp;<\/p>\n","protected":false},"excerpt":{"rendered":"<p>Die erste Kinderfeuerwehr im Landkreis Vechta wurde im Jahr 2022 in Neuenkirchen gegr\u00fcndet. Ansprechpartner und weitere Informationen zu den einzelnen Kinderfeuerwehren k\u00f6nnen \u00fcber die nachfolgenden Links aufgerufen werden. &nbsp; Gemeinde&nbsp;Neuenkirchen-V\u00f6rden Kinderfeuerwehr Neuenkirchen &nbsp; &nbsp;<\/p>\n","protected":false},"author":1,"featured_media":0,"parent":154,"menu_order":0,"comment_status":"closed","ping_status":"closed","template":"","meta":{"ngg_post_thumbnail":0,"footnotes":""},"class_list":["post-8800","page","type-page","status-publish","hentry"],"_links":{"self":[{"href":"https:\/\/www.kreisfeuerwehrverband-vechta.de\/index.php?rest_route=\/wp\/v2\/pages\/8800","targetHints":{"allow":["GET"]}}],"collection":[{"href":"https:\/\/www.kreisfeuerwehrverband-vechta.de\/index.php?rest_route=\/wp\/v2\/pages"}],"about":[{"href":"https:\/\/www.kreisfeuerwehrverband-vechta.de\/index.php?rest_route=\/wp\/v2\/types\/page"}],"author":[{"embeddable":true,"href":"https:\/\/www.kreisfeuerwehrverband-vechta.de\/index.php?rest_route=\/wp\/v2\/users\/1"}],"replies":[{"embeddable":true,"href":"https:\/\/www.kreisfeuerwehrverband-vechta.de\/index.php?rest_route=%2Fwp%2Fv2%2Fcomments&post=8800"}],"version-history":[{"count":0,"href":"https:\/\/www.kreisfeuerwehrverband-vechta.de\/index.php?rest_route=\/wp\/v2\/pages\/8800\/revisions"}],"up":[{"embeddable":true,"href":"https:\/\/www.kreisfeuerwehrverband-vechta.de\/index.php?rest_route=\/wp\/v2\/pages\/154"}],"wp:attachment":[{"href":"https:\/\/www.kreisfeuerwehrverband-vechta.de\/index.php?rest_route=%2Fwp%2Fv2%2Fmedia&parent=8800"}],"curies":[{"name":"wp","href":"https:\/\/api.w.org\/{rel}","templated":true}]}}