{"id":8723,"date":"2022-06-14T16:57:35","date_gmt":"2022-06-14T14:57:35","guid":{"rendered":"http:\/\/www.kreisfeuerwehrverband-vechta.de\/?page_id=8723"},"modified":"2022-07-22T13:16:49","modified_gmt":"2022-07-22T11:16:49","slug":"spezialzug","status":"publish","type":"page","link":"https:\/\/www.kreisfeuerwehrverband-vechta.de\/?page_id=8723","title":{"rendered":"Einsatzzug &#8211; Spez. F\u00e4higkeiten"},"content":{"rendered":"<p><span class=\"fontstyle0\">Im Rahmen der F\u00e4higkeitsentwicklung der Feuerwehren des Landes Niedersachsen wurde mit der Gr\u00fcndung des Einsatzzuges \u201espezielle F\u00e4higkeiten ferngef\u00fchrte Systeme und Robotik\u201c eine f\u00fcr das ganze Bundesland verf\u00fcgbare Sondereinheit aufgestellt, die nunmehr zur Einsatzunterst\u00fctzung abgerufen werden kann. <br \/>\nGrundlage hierf\u00fcr war die bereits etablierte und hochfunktionale, mehrj\u00e4hrige partnerschaftliche Zusammenarbeit zwischen den Feuerwehren des Landkreis Vechta und der Firma Alpha Robotics Germany GmbH &amp; Co. KG. <\/span><\/p>\n<p>Den Erlass des Nieders\u00e4chsischen Ministeriums f\u00fcr Inneres und Sport sowie die weiteren daran angeh\u00e4ngten Informationen k\u00f6nnen mit Klick auf das folgende Bild heruntergeladen werden:<\/p>\n<p>&nbsp;<\/p>\n<p><a href=\"http:\/\/www.kreisfeuerwehrverband-vechta.de\/wp_KFV_2016\/wp-content\/uploads\/20220715_Erlass_Spezialzug_LK-Vechta.pdf\"><img fetchpriority=\"high\" decoding=\"async\" class=\"aligncenter wp-image-8756 size-full\" src=\"http:\/\/www.kreisfeuerwehrverband-vechta.de\/wp_KFV_2016\/wp-content\/uploads\/20220715_Bild_Link_Erlassentwurf.png\" alt=\"\" width=\"489\" height=\"387\" srcset=\"https:\/\/www.kreisfeuerwehrverband-vechta.de\/wp_KFV_2016\/wp-content\/uploads\/20220715_Bild_Link_Erlassentwurf.png 489w, https:\/\/www.kreisfeuerwehrverband-vechta.de\/wp_KFV_2016\/wp-content\/uploads\/20220715_Bild_Link_Erlassentwurf-300x237.png 300w\" sizes=\"(max-width: 489px) 100vw, 489px\" \/><\/a><\/p>\n","protected":false},"excerpt":{"rendered":"<p>Im Rahmen der F\u00e4higkeitsentwicklung der Feuerwehren des Landes Niedersachsen wurde mit der Gr\u00fcndung des Einsatzzuges \u201espezielle F\u00e4higkeiten ferngef\u00fchrte Systeme und Robotik\u201c eine f\u00fcr das ganze Bundesland verf\u00fcgbare Sondereinheit aufgestellt, die nunmehr zur Einsatzunterst\u00fctzung abgerufen werden kann. Grundlage hierf\u00fcr war die<\/p>\n","protected":false},"author":5,"featured_media":0,"parent":0,"menu_order":0,"comment_status":"closed","ping_status":"closed","template":"","meta":{"ngg_post_thumbnail":0,"footnotes":""},"class_list":["post-8723","page","type-page","status-publish","hentry"],"_links":{"self":[{"href":"https:\/\/www.kreisfeuerwehrverband-vechta.de\/index.php?rest_route=\/wp\/v2\/pages\/8723","targetHints":{"allow":["GET"]}}],"collection":[{"href":"https:\/\/www.kreisfeuerwehrverband-vechta.de\/index.php?rest_route=\/wp\/v2\/pages"}],"about":[{"href":"https:\/\/www.kreisfeuerwehrverband-vechta.de\/index.php?rest_route=\/wp\/v2\/types\/page"}],"author":[{"embeddable":true,"href":"https:\/\/www.kreisfeuerwehrverband-vechta.de\/index.php?rest_route=\/wp\/v2\/users\/5"}],"replies":[{"embeddable":true,"href":"https:\/\/www.kreisfeuerwehrverband-vechta.de\/index.php?rest_route=%2Fwp%2Fv2%2Fcomments&post=8723"}],"version-history":[{"count":0,"href":"https:\/\/www.kreisfeuerwehrverband-vechta.de\/index.php?rest_route=\/wp\/v2\/pages\/8723\/revisions"}],"wp:attachment":[{"href":"https:\/\/www.kreisfeuerwehrverband-vechta.de\/index.php?rest_route=%2Fwp%2Fv2%2Fmedia&parent=8723"}],"curies":[{"name":"wp","href":"https:\/\/api.w.org\/{rel}","templated":true}]}}