{"id":4539,"date":"2017-05-15T18:14:50","date_gmt":"2017-05-15T16:14:50","guid":{"rendered":"http:\/\/www.kreisfeuerwehrverband-vechta.de\/?page_id=4539"},"modified":"2021-11-10T08:21:11","modified_gmt":"2021-11-10T07:21:11","slug":"jugendfeuerwehr-lutten","status":"publish","type":"page","link":"https:\/\/www.kreisfeuerwehrverband-vechta.de\/?page_id=4539","title":{"rendered":"Jugendfeuerwehr Lutten"},"content":{"rendered":"<p><img fetchpriority=\"high\" decoding=\"async\" class=\"aligncenter wp-image-6115 size-full\" src=\"http:\/\/www.kreisfeuerwehrverband-vechta.de\/wp_KFV_2016\/wp-content\/uploads\/Gruppenbild_JF-Lutten.jpg\" alt=\"\" width=\"750\" height=\"386\" srcset=\"https:\/\/www.kreisfeuerwehrverband-vechta.de\/wp_KFV_2016\/wp-content\/uploads\/Gruppenbild_JF-Lutten.jpg 750w, https:\/\/www.kreisfeuerwehrverband-vechta.de\/wp_KFV_2016\/wp-content\/uploads\/Gruppenbild_JF-Lutten-300x154.jpg 300w\" sizes=\"(max-width: 750px) 100vw, 750px\" \/><\/p>\n<p>Wir sind eine tolle, gemischte Gruppe die von 11 bis 17 Jahre alle Altersklassen f\u00fchrt. Au\u00dferdem haben wir einen tollen Zusammenhalt. Unsere Highlights sind jedes Jahr das Pfingstzeltlager, die \u00dcbung mit der aktiven Feuerwehr und das \u00dcbernachten im Feuerwehrhaus.<\/p>\n<p>Die Jugendfeuerwehr Lutten besteht zur Zeit aus 21 Jugendlichen (Stand: 01.03.2018). Ihren Ausbildungsdienst veranstalten sie immer am 1. und 3. Dienstag eines Monats von 18:00 &#8211; 19:45 Uhr.<\/p>\n<p>&nbsp;<\/p>\n<p>&nbsp;<\/p>\n<p>JF-Wart<br \/>\nAlexander Schoster&nbsp;<br \/>\nStrohstra\u00dfe 6&nbsp;<br \/>\n49424 Lutten<\/p>\n<p><a href=\"mailto:schoster.a112@gmail.com\">[Mail senden]<\/a>&nbsp;<\/p>\n<p>&nbsp;<\/p>\n<p><a href=\"http:\/\/www.feuerwehr-lutten.de\">www.feuerwehr-lutten.de<\/a><\/p>\n","protected":false},"excerpt":{"rendered":"<p>Wir sind eine tolle, gemischte Gruppe die von 11 bis 17 Jahre alle Altersklassen f\u00fchrt. Au\u00dferdem haben wir einen tollen Zusammenhalt. Unsere Highlights sind jedes Jahr das Pfingstzeltlager, die \u00dcbung mit der aktiven Feuerwehr und das \u00dcbernachten im Feuerwehrhaus. Die<\/p>\n","protected":false},"author":1,"featured_media":0,"parent":1015,"menu_order":0,"comment_status":"closed","ping_status":"closed","template":"","meta":{"ngg_post_thumbnail":0,"footnotes":""},"class_list":["post-4539","page","type-page","status-publish","hentry"],"_links":{"self":[{"href":"https:\/\/www.kreisfeuerwehrverband-vechta.de\/index.php?rest_route=\/wp\/v2\/pages\/4539","targetHints":{"allow":["GET"]}}],"collection":[{"href":"https:\/\/www.kreisfeuerwehrverband-vechta.de\/index.php?rest_route=\/wp\/v2\/pages"}],"about":[{"href":"https:\/\/www.kreisfeuerwehrverband-vechta.de\/index.php?rest_route=\/wp\/v2\/types\/page"}],"author":[{"embeddable":true,"href":"https:\/\/www.kreisfeuerwehrverband-vechta.de\/index.php?rest_route=\/wp\/v2\/users\/1"}],"replies":[{"embeddable":true,"href":"https:\/\/www.kreisfeuerwehrverband-vechta.de\/index.php?rest_route=%2Fwp%2Fv2%2Fcomments&post=4539"}],"version-history":[{"count":0,"href":"https:\/\/www.kreisfeuerwehrverband-vechta.de\/index.php?rest_route=\/wp\/v2\/pages\/4539\/revisions"}],"up":[{"embeddable":true,"href":"https:\/\/www.kreisfeuerwehrverband-vechta.de\/index.php?rest_route=\/wp\/v2\/pages\/1015"}],"wp:attachment":[{"href":"https:\/\/www.kreisfeuerwehrverband-vechta.de\/index.php?rest_route=%2Fwp%2Fv2%2Fmedia&parent=4539"}],"curies":[{"name":"wp","href":"https:\/\/api.w.org\/{rel}","templated":true}]}}