{"id":437,"date":"2016-02-22T15:08:10","date_gmt":"2016-02-22T14:08:10","guid":{"rendered":"http:\/\/www.kreisfeuerwehrverband-vechta.de\/?page_id=437"},"modified":"2017-07-14T09:57:30","modified_gmt":"2017-07-14T07:57:30","slug":"fuehrung-und-einteilung-des-gefahrgut-und-ruestzuges","status":"publish","type":"page","link":"https:\/\/www.kreisfeuerwehrverband-vechta.de\/?page_id=437","title":{"rendered":"F\u00fchrung und Einteilung des Gefahrgut- und R\u00fcstzuges"},"content":{"rendered":"<h2>FF Dinklage (Gruppe Messen)<\/h2>\n<p>Die Feuerwehr Dinklage besetzt den Messwagen des Landkreies Vechta und stellt zus\u00e4tzlich einen LF 8 mit Besatzung. Die Aufgaben umfassen die Stofferkundung und das Messen an der Einsatzstelle. Die Besatzung des Messwagens beschafft nach der Stofferkundung die Datenbl\u00e4tter des jeweiligen Stoffes. Eine weitere Aufgabe der Gruppe ist das feststellen der Ausbreitung.<\/p>\n<figure id=\"attachment_5075\" aria-describedby=\"caption-attachment-5075\" style=\"width: 500px\" class=\"wp-caption alignnone\"><a href=\"http:\/\/www.kreisfeuerwehrverband-vechta.de\/wp_KFV_2016\/wp-content\/uploads\/GefGut-Dinklage-2017.jpg\"><img fetchpriority=\"high\" decoding=\"async\" class=\"wp-image-5075\" src=\"http:\/\/www.kreisfeuerwehrverband-vechta.de\/wp_KFV_2016\/wp-content\/uploads\/GefGut-Dinklage-2017-1024x682.jpg\" alt=\"\" width=\"500\" height=\"333\" srcset=\"https:\/\/www.kreisfeuerwehrverband-vechta.de\/wp_KFV_2016\/wp-content\/uploads\/GefGut-Dinklage-2017-1024x682.jpg 1024w, https:\/\/www.kreisfeuerwehrverband-vechta.de\/wp_KFV_2016\/wp-content\/uploads\/GefGut-Dinklage-2017-300x200.jpg 300w, https:\/\/www.kreisfeuerwehrverband-vechta.de\/wp_KFV_2016\/wp-content\/uploads\/GefGut-Dinklage-2017.jpg 1200w\" sizes=\"(max-width: 500px) 100vw, 500px\" \/><\/a><figcaption id=\"caption-attachment-5075\" class=\"wp-caption-text\">Gruppe Dinklage<\/figcaption><\/figure>\n<hr \/>\n<h2>FF Lohne (Gruppe Dekon)<\/h2>\n<p>Die Feuerwehr Lohne stellt einen LF 20 mit Besatzung f\u00fcr den Gefahrgutzug bereit. Die Gruppe \u00fcbernimmt den Aufbau des Dekonplatzes. Die eingesetzten CSA Trupps werden hier vor dem ausziehen der Schutzkleidung gereinigt. Dies ist erforderlich, damit keine Verschleppung der Einsatzstelle erfolgt.<\/p>\n<figure id=\"attachment_5077\" aria-describedby=\"caption-attachment-5077\" style=\"width: 500px\" class=\"wp-caption alignnone\"><a href=\"http:\/\/www.kreisfeuerwehrverband-vechta.de\/wp_KFV_2016\/wp-content\/uploads\/GefGut-Lohne-2017.jpg\"><img decoding=\"async\" class=\"wp-image-5077\" src=\"http:\/\/www.kreisfeuerwehrverband-vechta.de\/wp_KFV_2016\/wp-content\/uploads\/GefGut-Lohne-2017.jpg\" alt=\"\" width=\"500\" height=\"333\" srcset=\"https:\/\/www.kreisfeuerwehrverband-vechta.de\/wp_KFV_2016\/wp-content\/uploads\/GefGut-Lohne-2017.jpg 1200w, https:\/\/www.kreisfeuerwehrverband-vechta.de\/wp_KFV_2016\/wp-content\/uploads\/GefGut-Lohne-2017-300x200.jpg 300w, https:\/\/www.kreisfeuerwehrverband-vechta.de\/wp_KFV_2016\/wp-content\/uploads\/GefGut-Lohne-2017-1024x682.jpg 1024w\" sizes=\"(max-width: 500px) 100vw, 500px\" \/><\/a><figcaption id=\"caption-attachment-5077\" class=\"wp-caption-text\">Gruppe Lohne<\/figcaption><\/figure>\n<hr \/>\n<h2>FF Vechta (Gruppe Einsatz)<\/h2>\n<p>Die Feuerwehr Vechta besetzt die beiden Wechselader und den GW Logistik des Landkreises Vechta. Die beiden Wechsellader haben jeweils einen Container mit Spezialmaterial f\u00fcr die technische Hilfeleistung und Chemikalien &#8211; Unf\u00e4lle geladen. An der Einsatzstelle stellt die Gruppe das ben\u00f6tige Material f\u00fcr den Einsatz bereit. In Absprache mit dem Einsatzleiter und dem Zugf\u00fchrer des Gefahrgutzuges werden die erforderlichen Ma\u00dfnahmen mit der Gruppe CSA umgesetzt.<\/p>\n<figure id=\"attachment_5078\" aria-describedby=\"caption-attachment-5078\" style=\"width: 500px\" class=\"wp-caption alignnone\"><a href=\"http:\/\/www.kreisfeuerwehrverband-vechta.de\/wp_KFV_2016\/wp-content\/uploads\/GefGut-Vechta-2017.jpg\"><img decoding=\"async\" class=\"wp-image-5078\" src=\"http:\/\/www.kreisfeuerwehrverband-vechta.de\/wp_KFV_2016\/wp-content\/uploads\/GefGut-Vechta-2017.jpg\" alt=\"\" width=\"500\" height=\"333\" srcset=\"https:\/\/www.kreisfeuerwehrverband-vechta.de\/wp_KFV_2016\/wp-content\/uploads\/GefGut-Vechta-2017.jpg 1200w, https:\/\/www.kreisfeuerwehrverband-vechta.de\/wp_KFV_2016\/wp-content\/uploads\/GefGut-Vechta-2017-300x200.jpg 300w, https:\/\/www.kreisfeuerwehrverband-vechta.de\/wp_KFV_2016\/wp-content\/uploads\/GefGut-Vechta-2017-1024x683.jpg 1024w\" sizes=\"(max-width: 500px) 100vw, 500px\" \/><\/a><figcaption id=\"caption-attachment-5078\" class=\"wp-caption-text\">Gruppe Vechta<\/figcaption><\/figure>\n<hr \/>\n<h2>FF Langf\u00f6rden (Gruppe CSA)<\/h2>\n<p>Die Feuerwehr Langf\u00f6rden stellt einen LF 8 mit Besatzung f\u00fcr den Gefahrgutzug bereit. Die Gruppe \u00fcbernimmt an der Einsatzstellt die Bereitstellung der ersten CSA Trupps. In Zusammenarbeit mit der Gruppe Einsatz werden die erforderlichen Ma\u00dfnahmen umgesetzt.<\/p>\n<figure id=\"attachment_5076\" aria-describedby=\"caption-attachment-5076\" style=\"width: 500px\" class=\"wp-caption alignnone\"><a href=\"http:\/\/www.kreisfeuerwehrverband-vechta.de\/wp_KFV_2016\/wp-content\/uploads\/GefGut-Langfoerden-2017.jpg\"><img loading=\"lazy\" decoding=\"async\" class=\"wp-image-5076\" src=\"http:\/\/www.kreisfeuerwehrverband-vechta.de\/wp_KFV_2016\/wp-content\/uploads\/GefGut-Langfoerden-2017.jpg\" alt=\"\" width=\"500\" height=\"333\" srcset=\"https:\/\/www.kreisfeuerwehrverband-vechta.de\/wp_KFV_2016\/wp-content\/uploads\/GefGut-Langfoerden-2017.jpg 1200w, https:\/\/www.kreisfeuerwehrverband-vechta.de\/wp_KFV_2016\/wp-content\/uploads\/GefGut-Langfoerden-2017-300x200.jpg 300w, https:\/\/www.kreisfeuerwehrverband-vechta.de\/wp_KFV_2016\/wp-content\/uploads\/GefGut-Langfoerden-2017-1024x682.jpg 1024w\" sizes=\"(max-width: 500px) 100vw, 500px\" \/><\/a><figcaption id=\"caption-attachment-5076\" class=\"wp-caption-text\">Gruppe Langf\u00f6rden<\/figcaption><\/figure>\n<hr \/>\n<h2>FF Bakum (Gruppe Personal)<\/h2>\n<p>Die Feuerwehr Bakum stellt einen MTF mit Besatzung f\u00fcr den Gefahrgutzug bereit. Die Gruppe unterst\u00fctzt die anderen Gruppen mit Personal.<br \/>\n Der Gruppenf\u00fchrer organisiert im Laufe des Einsatzes das Personal und richtet einen Sammelplatz f\u00fcr die Einsatzkr\u00e4fte ein.<\/p>\n<figure id=\"attachment_5074\" aria-describedby=\"caption-attachment-5074\" style=\"width: 500px\" class=\"wp-caption alignnone\"><a href=\"http:\/\/www.kreisfeuerwehrverband-vechta.de\/wp_KFV_2016\/wp-content\/uploads\/GefGut-Bakum-2017.jpg\"><img loading=\"lazy\" decoding=\"async\" class=\"wp-image-5074\" src=\"http:\/\/www.kreisfeuerwehrverband-vechta.de\/wp_KFV_2016\/wp-content\/uploads\/GefGut-Bakum-2017.jpg\" alt=\"\" width=\"500\" height=\"333\" srcset=\"https:\/\/www.kreisfeuerwehrverband-vechta.de\/wp_KFV_2016\/wp-content\/uploads\/GefGut-Bakum-2017.jpg 1200w, https:\/\/www.kreisfeuerwehrverband-vechta.de\/wp_KFV_2016\/wp-content\/uploads\/GefGut-Bakum-2017-300x200.jpg 300w, https:\/\/www.kreisfeuerwehrverband-vechta.de\/wp_KFV_2016\/wp-content\/uploads\/GefGut-Bakum-2017-1024x682.jpg 1024w\" sizes=\"(max-width: 500px) 100vw, 500px\" \/><\/a><figcaption id=\"caption-attachment-5074\" class=\"wp-caption-text\">Gruppe Bakum<\/figcaption><\/figure>\n<p>&nbsp;<\/p>\n","protected":false},"excerpt":{"rendered":"<p>FF Dinklage (Gruppe Messen) Die Feuerwehr Dinklage besetzt den Messwagen des Landkreies Vechta und stellt zus\u00e4tzlich einen LF 8 mit Besatzung. Die Aufgaben umfassen die Stofferkundung und das Messen an der Einsatzstelle. Die Besatzung des Messwagens beschafft nach der Stofferkundung<\/p>\n","protected":false},"author":1,"featured_media":0,"parent":158,"menu_order":0,"comment_status":"closed","ping_status":"closed","template":"","meta":{"ngg_post_thumbnail":0,"footnotes":""},"class_list":["post-437","page","type-page","status-publish","hentry"],"_links":{"self":[{"href":"https:\/\/www.kreisfeuerwehrverband-vechta.de\/index.php?rest_route=\/wp\/v2\/pages\/437","targetHints":{"allow":["GET"]}}],"collection":[{"href":"https:\/\/www.kreisfeuerwehrverband-vechta.de\/index.php?rest_route=\/wp\/v2\/pages"}],"about":[{"href":"https:\/\/www.kreisfeuerwehrverband-vechta.de\/index.php?rest_route=\/wp\/v2\/types\/page"}],"author":[{"embeddable":true,"href":"https:\/\/www.kreisfeuerwehrverband-vechta.de\/index.php?rest_route=\/wp\/v2\/users\/1"}],"replies":[{"embeddable":true,"href":"https:\/\/www.kreisfeuerwehrverband-vechta.de\/index.php?rest_route=%2Fwp%2Fv2%2Fcomments&post=437"}],"version-history":[{"count":0,"href":"https:\/\/www.kreisfeuerwehrverband-vechta.de\/index.php?rest_route=\/wp\/v2\/pages\/437\/revisions"}],"up":[{"embeddable":true,"href":"https:\/\/www.kreisfeuerwehrverband-vechta.de\/index.php?rest_route=\/wp\/v2\/pages\/158"}],"wp:attachment":[{"href":"https:\/\/www.kreisfeuerwehrverband-vechta.de\/index.php?rest_route=%2Fwp%2Fv2%2Fmedia&parent=437"}],"curies":[{"name":"wp","href":"https:\/\/api.w.org\/{rel}","templated":true}]}}