{"id":40,"date":"2016-02-15T13:39:36","date_gmt":"2016-02-15T12:39:36","guid":{"rendered":"http:\/\/www.kreisfeuerwehrverband-vechta.de\/?page_id=40"},"modified":"2017-01-23T20:57:25","modified_gmt":"2017-01-23T19:57:25","slug":"gefahrgutzug","status":"publish","type":"page","link":"https:\/\/www.kreisfeuerwehrverband-vechta.de\/?page_id=40","title":{"rendered":"Oldenburgischer Feuerwehrverband"},"content":{"rendered":"<p><img decoding=\"async\" class=\"aligncenter size-full wp-image-130\" src=\"http:\/\/www.kreisfeuerwehrverband-vechta.de\/wp_KFV_2016\/wp-content\/uploads\/OFV_Logo_75x100.png\" alt=\"OFV_Logo_75x100\" width=\"75\" height=\"100\" \/><\/p>\n<p>Zweck des Verbandes ist die F\u00f6rderung des Feuerwehrwesens (Brandschutzwesen). Diesen Zweck verwirklicht der Verband insbesondere durch die Interessenwahrnehmung und den Erfahrungsaustausch seiner Mitglieder im Gebiet der Kreisfeuerwehrverb\u00e4nde Ammerland, Cloppenburg, Delmenhorst, Friesland, Landkreis Oldenburg, Stadt Oldenburg (Oldb), Vechta, Wesermarsch und Wilhelmshaven. Dies umfasst insbesondere auch die F\u00f6rderung des Feuerwehrnachwuchses (Abteilung Jugendarbeit) sowie die Pflege und Erhaltung historischer Feuerwehrfahrzeuge und \u2013ger\u00e4tschaften und der Feuerwehrgeschichte (Abteilung Feuerwehrmuseum).<\/p>\n<p>Der Verband betrachtet sich als Rechtsnachfolger des am 25. Juni 1882 gegr\u00fcndeten Feuerwehrverbandes f\u00fcr das Herzogtum Oldenburg und das K\u00f6niglich Preu\u00dfische Jadegebiet. Er setzt damit diese Tradition fort.<\/p>\n<p><a href=\"http:\/\/ofv-112.de\/\" target=\"_blank\">&#8230;zur Website des Oldenburgischen Feuerwehrverbandes<\/a><\/p>\n","protected":false},"excerpt":{"rendered":"<p>Zweck des Verbandes ist die F\u00f6rderung des Feuerwehrwesens (Brandschutzwesen). Diesen Zweck verwirklicht der Verband insbesondere durch die Interessenwahrnehmung und den Erfahrungsaustausch seiner Mitglieder im Gebiet der Kreisfeuerwehrverb\u00e4nde Ammerland, Cloppenburg, Delmenhorst, Friesland, Landkreis Oldenburg, Stadt Oldenburg (Oldb), Vechta, Wesermarsch und Wilhelmshaven.<\/p>\n","protected":false},"author":1,"featured_media":130,"parent":0,"menu_order":0,"comment_status":"closed","ping_status":"closed","template":"","meta":{"ngg_post_thumbnail":0,"footnotes":""},"class_list":["post-40","page","type-page","status-publish","has-post-thumbnail","hentry"],"_links":{"self":[{"href":"https:\/\/www.kreisfeuerwehrverband-vechta.de\/index.php?rest_route=\/wp\/v2\/pages\/40","targetHints":{"allow":["GET"]}}],"collection":[{"href":"https:\/\/www.kreisfeuerwehrverband-vechta.de\/index.php?rest_route=\/wp\/v2\/pages"}],"about":[{"href":"https:\/\/www.kreisfeuerwehrverband-vechta.de\/index.php?rest_route=\/wp\/v2\/types\/page"}],"author":[{"embeddable":true,"href":"https:\/\/www.kreisfeuerwehrverband-vechta.de\/index.php?rest_route=\/wp\/v2\/users\/1"}],"replies":[{"embeddable":true,"href":"https:\/\/www.kreisfeuerwehrverband-vechta.de\/index.php?rest_route=%2Fwp%2Fv2%2Fcomments&post=40"}],"version-history":[{"count":0,"href":"https:\/\/www.kreisfeuerwehrverband-vechta.de\/index.php?rest_route=\/wp\/v2\/pages\/40\/revisions"}],"wp:featuredmedia":[{"embeddable":true,"href":"https:\/\/www.kreisfeuerwehrverband-vechta.de\/index.php?rest_route=\/wp\/v2\/media\/130"}],"wp:attachment":[{"href":"https:\/\/www.kreisfeuerwehrverband-vechta.de\/index.php?rest_route=%2Fwp%2Fv2%2Fmedia&parent=40"}],"curies":[{"name":"wp","href":"https:\/\/api.w.org\/{rel}","templated":true}]}}