{"id":35,"date":"2016-02-15T13:34:59","date_gmt":"2016-02-15T12:34:59","guid":{"rendered":"http:\/\/www.kreisfeuerwehrverband-vechta.de\/?page_id=35"},"modified":"2017-01-23T20:46:06","modified_gmt":"2017-01-23T19:46:06","slug":"der-verband","status":"publish","type":"page","link":"https:\/\/www.kreisfeuerwehrverband-vechta.de\/?page_id=35","title":{"rendered":"Deutscher Feuerwehrverband"},"content":{"rendered":"<p><img decoding=\"async\" class=\"aligncenter size-full wp-image-129\" src=\"http:\/\/www.kreisfeuerwehrverband-vechta.de\/wp_KFV_2016\/wp-content\/uploads\/DFV_Logo_71x100.png\" alt=\"DFV_Logo_71x100\" width=\"71\" height=\"100\" \/>Zehn Thesen f\u00fcr eine sichere Zukunft \u2013 das Leitbild des Deutschen Feuerwehrverbandes.<\/p>\n<ul>\n<li>Der DFV arbeitet f\u00fcr zukunftsf\u00e4hige Rahmenbedingungen, um ein verl\u00e4ssliches System schneller und kompetenter Hilfe in Deutschland zu sichern.<\/li>\n<li>Der DFV nimmt dazu als Spitzenverband die Interessenvertretung auf nationaler, internationaler Ebene und in der EU wahr.<\/li>\n<li>Der DFV bildet als nationaler Dachverband das Netzwerk, in dem er die Kompetenzen seiner Mitglieder b\u00fcndelt und kommuniziert.<\/li>\n<li>Der DFV setzt sich f\u00fcr wirksamen Gesundheitsschutz und soziale Sicherheit der Feuerwehrangeh\u00f6rigen ein.<\/li>\n<li>Der DFV will den Dienst in der Feuerwehr breit in der Gesellschaft verankern und alle daf\u00fcr begeistern.<\/li>\n<li>Der DFV erkennt Leistungen an und f\u00f6rdert ein motivierendes Klima f\u00fcr das b\u00fcrgerschaftliche Engagement.<\/li>\n<li>Der DFV bekennt sich zu einem Innovationsprozess in Technik und Forschung.<\/li>\n<li>Der DFV gibt Impulse f\u00fcr eine zeitgem\u00e4\u00dfe Aus-, Fort- und Weiterbildung.<\/li>\n<li>Der DFV agiert als verl\u00e4sslicher, vertrauensw\u00fcrdiger Partner und zuverl\u00e4ssiger Dienstleister.<\/li>\n<li>Der DFV versteht sich als Gemeinschaft aller Menschen in den Berufs-, Werk-, Jugend- und Freiwilligen Feuerwehren.<\/li>\n<\/ul>\n<p><a href=\"http:\/\/www.feuerwehrverband.de\/\" target=\"_blank\">&#8230;zur Website des Deutschen Feuerwehrverbandes<\/a><\/p>\n","protected":false},"excerpt":{"rendered":"<p>Zehn Thesen f\u00fcr eine sichere Zukunft \u2013 das Leitbild des Deutschen Feuerwehrverbandes. Der DFV arbeitet f\u00fcr zukunftsf\u00e4hige Rahmenbedingungen, um ein verl\u00e4ssliches System schneller und kompetenter Hilfe in Deutschland zu sichern. Der DFV nimmt dazu als Spitzenverband die Interessenvertretung auf nationaler,<\/p>\n","protected":false},"author":1,"featured_media":129,"parent":0,"menu_order":0,"comment_status":"closed","ping_status":"closed","template":"","meta":{"ngg_post_thumbnail":0,"footnotes":""},"class_list":["post-35","page","type-page","status-publish","has-post-thumbnail","hentry"],"_links":{"self":[{"href":"https:\/\/www.kreisfeuerwehrverband-vechta.de\/index.php?rest_route=\/wp\/v2\/pages\/35","targetHints":{"allow":["GET"]}}],"collection":[{"href":"https:\/\/www.kreisfeuerwehrverband-vechta.de\/index.php?rest_route=\/wp\/v2\/pages"}],"about":[{"href":"https:\/\/www.kreisfeuerwehrverband-vechta.de\/index.php?rest_route=\/wp\/v2\/types\/page"}],"author":[{"embeddable":true,"href":"https:\/\/www.kreisfeuerwehrverband-vechta.de\/index.php?rest_route=\/wp\/v2\/users\/1"}],"replies":[{"embeddable":true,"href":"https:\/\/www.kreisfeuerwehrverband-vechta.de\/index.php?rest_route=%2Fwp%2Fv2%2Fcomments&post=35"}],"version-history":[{"count":0,"href":"https:\/\/www.kreisfeuerwehrverband-vechta.de\/index.php?rest_route=\/wp\/v2\/pages\/35\/revisions"}],"wp:featuredmedia":[{"embeddable":true,"href":"https:\/\/www.kreisfeuerwehrverband-vechta.de\/index.php?rest_route=\/wp\/v2\/media\/129"}],"wp:attachment":[{"href":"https:\/\/www.kreisfeuerwehrverband-vechta.de\/index.php?rest_route=%2Fwp%2Fv2%2Fmedia&parent=35"}],"curies":[{"name":"wp","href":"https:\/\/api.w.org\/{rel}","templated":true}]}}