{"id":237,"date":"2016-02-20T14:05:46","date_gmt":"2016-02-20T13:05:46","guid":{"rendered":"http:\/\/www.kreisfeuerwehrverband-vechta.de\/?page_id=237"},"modified":"2024-01-28T22:01:18","modified_gmt":"2024-01-28T21:01:18","slug":"termine-atemschutzstrecke","status":"publish","type":"page","link":"https:\/\/www.kreisfeuerwehrverband-vechta.de\/?page_id=237","title":{"rendered":"Termine Atemschutzstrecke"},"content":{"rendered":"<p><span style=\"font-size: 12pt;\">Zu den genannten Terminen k\u00f6nnen sich Atemschutzger\u00e4tetr\u00e4ger\/-innen <span style=\"text-decoration: underline; color: #ccffff;\"><span style=\"text-decoration: underline;\"><strong>nur mit g\u00fcltiger G26 &#8211; Untersuchung<\/strong><\/span><\/span> nach R\u00fccksprache mit ihren Ortsbrandmeistern telefonisch bei der FTZ-Vechta unter der Tel.Nr.: 04441\u20139275-421 oder e-mail: ftz2@landkreis-vechta.de anmelden.<\/span><\/p>\n<p><span style=\"text-decoration: underline; font-size: 12pt; color: #ccffff;\"><b><u>Des Weiteren<\/u><\/b><strong style=\"font-size: 12pt; text-decoration-line: underline;\"> ist der Atemschutzpass mitzubringen!<\/strong><\/span><\/p>\n<p><span style=\"font-size: 12pt;\">Die genaue Uhrzeit wird dann mit dem\/der Teilnehmer\/in abgesprochen.<\/span><\/p>\n<p><a href=\"http:\/\/www.kreisfeuerwehrverband-vechta.de\/?page_id=957\">Der Kalender mit allen wichtigen Terminen (inklusive der Streckentermine) befindet sich hier!<\/a><\/p>\n","protected":false},"excerpt":{"rendered":"<p>Zu den genannten Terminen k\u00f6nnen sich Atemschutzger\u00e4tetr\u00e4ger\/-innen nur mit g\u00fcltiger G26 &#8211; Untersuchung nach R\u00fccksprache mit ihren Ortsbrandmeistern telefonisch bei der FTZ-Vechta unter der Tel.Nr.: 04441\u20139275-421 oder e-mail: ftz2@landkreis-vechta.de anmelden. Des Weiteren ist der Atemschutzpass mitzubringen! Die genaue Uhrzeit wird<\/p>\n","protected":false},"author":1,"featured_media":0,"parent":194,"menu_order":0,"comment_status":"closed","ping_status":"closed","template":"","meta":{"ngg_post_thumbnail":0,"footnotes":""},"class_list":["post-237","page","type-page","status-publish","hentry"],"_links":{"self":[{"href":"https:\/\/www.kreisfeuerwehrverband-vechta.de\/index.php?rest_route=\/wp\/v2\/pages\/237","targetHints":{"allow":["GET"]}}],"collection":[{"href":"https:\/\/www.kreisfeuerwehrverband-vechta.de\/index.php?rest_route=\/wp\/v2\/pages"}],"about":[{"href":"https:\/\/www.kreisfeuerwehrverband-vechta.de\/index.php?rest_route=\/wp\/v2\/types\/page"}],"author":[{"embeddable":true,"href":"https:\/\/www.kreisfeuerwehrverband-vechta.de\/index.php?rest_route=\/wp\/v2\/users\/1"}],"replies":[{"embeddable":true,"href":"https:\/\/www.kreisfeuerwehrverband-vechta.de\/index.php?rest_route=%2Fwp%2Fv2%2Fcomments&post=237"}],"version-history":[{"count":0,"href":"https:\/\/www.kreisfeuerwehrverband-vechta.de\/index.php?rest_route=\/wp\/v2\/pages\/237\/revisions"}],"up":[{"embeddable":true,"href":"https:\/\/www.kreisfeuerwehrverband-vechta.de\/index.php?rest_route=\/wp\/v2\/pages\/194"}],"wp:attachment":[{"href":"https:\/\/www.kreisfeuerwehrverband-vechta.de\/index.php?rest_route=%2Fwp%2Fv2%2Fmedia&parent=237"}],"curies":[{"name":"wp","href":"https:\/\/api.w.org\/{rel}","templated":true}]}}