{"id":233,"date":"2016-02-20T13:56:10","date_gmt":"2016-02-20T12:56:10","guid":{"rendered":"http:\/\/www.kreisfeuerwehrverband-vechta.de\/?page_id=233"},"modified":"2025-11-11T07:08:41","modified_gmt":"2025-11-11T06:08:41","slug":"lehrgaenge","status":"publish","type":"page","link":"https:\/\/www.kreisfeuerwehrverband-vechta.de\/?page_id=233","title":{"rendered":"Lehrgangshinweise"},"content":{"rendered":"<p>Die Lehrgangsverteilung erfolgt durch den Kreisausbildungsleiter \u00fcber das FwPortal. Die Ortsbrandmeister\/Hilfsorganisationen\/Firmen werden dringend gebeten, sowohl f\u00fcr die Einhaltung der Meldefristen als auch f\u00fcr den Lehrgangsbesuch Sorge zu tragen. Die Lehrgangsvoraussetzungen m\u00fcssen vom Lehrgangsteilnehmer bei Lehrgangsbeginn nachgewiesen werden. Sollten die entsprechenden Lehrgangsvoraussetzungen nicht erf\u00fcllt werden, so kann der Lehrgangsteilnehmer an dem jeweiligen Lehrgang nicht teilnehmen und wird ggf. bei Lehrgangsbeginn zur\u00fcckgewiesen.<\/p>\n<p>Es wird an dieser Stelle darauf hingewiesen, dass nur vollst\u00e4ndig absolvierte Lehrg\u00e4nge bescheinigt und beurteilt werden.<\/p>\n<p>Sofern ein Lehrgangsteilnehmer nicht an einem Lehrgang teilnehmen kann, ist die Lehrgangskarte umgehend im FwPortal wieder freizugeben.<\/p>\n<p>\n<span style=\"text-decoration: underline; font-size: 12pt;\"><strong>Die Lehrgangszeit ist jeweils von 08:00 Uhr bis 16:30 Uhr.<\/strong><\/span><br \/>\n<span style=\"font-size: 12pt;\">Abweichende Zeiten sind entsprechend angegeben.<\/span><\/p>\n<p>&#8212;&#8212;&#8212;&#8212;&#8212;&#8212;&#8212;&#8212;&#8212;&#8212;&#8212;&#8211;&nbsp;<\/p>\n<p><a href=\"http:\/\/www.kreisfeuerwehrverband-vechta.de\/?page_id=957\">Eine \u00dcbersicht \u00fcber die aktuell stattfindenden Lehrg\u00e4nge befindet sich hier!<\/a><\/p>\n<p>&#8212;&#8212;&#8212;&#8212;&#8212;&#8212;&#8212;&#8212;&#8212;&#8212;&#8212;&#8211;<\/p>\n<p><span style=\"text-decoration: underline;\"><strong>Au\u00dferdem sind hier die Informationen zu den jeweiligen Lehrg\u00e4ngen zu finden:<\/strong><\/span><br \/>\n<div class='w3eden'>\n    <div class=''>\n\n        \n        <div id=\"content_wpdm_package_1\">\n            <div class='row'><div class='col-lg-12 col-md-12 col-12'><!-- WPDM Link Template: Default Template with Download Count -->\n\n\n<div class=\"wpdm-link-tpl link-btn [color]\" data-durl=\"https:\/\/www.kreisfeuerwehrverband-vechta.de\/?wpdmpro=lehrgangsinfos-tm-2-zu-truppfuehrende&wpdmdl=9813&refresh=69e047abd4c5d1776306091\" >\n    <div class=\"media\">\n        <div class=\"pull-left\"><img decoding=\"async\" class=\"wpdm_icon\" alt=\"Icon\" src=\"https:\/\/www.kreisfeuerwehrverband-vechta.de\/wp_KFV_2016\/wp-content\/plugins\/download-manager\/assets\/file-type-icons\/pdf.svg\" \/><\/div>\n        <div class=\"media-body\"><strong class=\"ptitle\">Lehrgangsinfos-TM 2 zu Truppf\u00fchrende <span class=\"label label-default\" style=\"font-weight: 400;\">281 Downloads<\/span>&nbsp;<span class=\"label label-default\" style=\"font-weight: 400;\">193.22 KB<\/span><\/strong>\n            <div><strong><a class='wpdm-download-link download-on-click btn btn-success btn-sm' rel='nofollow' href='#' data-downloadurl=\"https:\/\/www.kreisfeuerwehrverband-vechta.de\/?wpdmpro=lehrgangsinfos-tm-2-zu-truppfuehrende&wpdmdl=9813&refresh=69e047abd4c5d1776306091\">Download<\/a><\/strong><\/div>\n        <\/div>\n    <\/div>\n<\/div>\n<div style=\"clear: both\"><\/div>\n<\/div><div class='col-lg-12 col-md-12 col-12'><!-- WPDM Link Template: Default Template with Download Count -->\n\n\n<div class=\"wpdm-link-tpl link-btn [color]\" data-durl=\"https:\/\/www.kreisfeuerwehrverband-vechta.de\/?wpdmpro=lehrganginfos-agt&wpdmdl=9515&refresh=69e047abd69e51776306091\" >\n    <div class=\"media\">\n        <div class=\"pull-left\"><img decoding=\"async\" class=\"wpdm_icon\" alt=\"Icon\" src=\"https:\/\/www.kreisfeuerwehrverband-vechta.de\/wp_KFV_2016\/wp-content\/plugins\/download-manager\/assets\/file-type-icons\/pdf.svg\" \/><\/div>\n        <div class=\"media-body\"><strong class=\"ptitle\">Lehrganginfos-AGT <span class=\"label label-default\" style=\"font-weight: 400;\">231 Downloads<\/span>&nbsp;<span class=\"label label-default\" style=\"font-weight: 400;\">117.92 KB<\/span><\/strong>\n            <div><strong><a class='wpdm-download-link download-on-click btn btn-success btn-sm' rel='nofollow' href='#' data-downloadurl=\"https:\/\/www.kreisfeuerwehrverband-vechta.de\/?wpdmpro=lehrganginfos-agt&wpdmdl=9515&refresh=69e047abd69e51776306091\">Download<\/a><\/strong><\/div>\n        <\/div>\n    <\/div>\n<\/div>\n<div style=\"clear: both\"><\/div>\n<\/div><div class='col-lg-12 col-md-12 col-12'><!-- WPDM Link Template: Default Template with Download Count -->\n\n\n<div class=\"wpdm-link-tpl link-btn [color]\" data-durl=\"https:\/\/www.kreisfeuerwehrverband-vechta.de\/?wpdmpro=lehrganginfos-ma&wpdmdl=9514&refresh=69e047abd74a21776306091\" >\n    <div class=\"media\">\n        <div class=\"pull-left\"><img decoding=\"async\" class=\"wpdm_icon\" alt=\"Icon\" src=\"https:\/\/www.kreisfeuerwehrverband-vechta.de\/wp_KFV_2016\/wp-content\/plugins\/download-manager\/assets\/file-type-icons\/pdf.svg\" \/><\/div>\n        <div class=\"media-body\"><strong class=\"ptitle\">Lehrganginfos-MA <span class=\"label label-default\" style=\"font-weight: 400;\">171 Downloads<\/span>&nbsp;<span class=\"label label-default\" style=\"font-weight: 400;\">116.72 KB<\/span><\/strong>\n            <div><strong><a class='wpdm-download-link download-on-click btn btn-success btn-sm' rel='nofollow' href='#' data-downloadurl=\"https:\/\/www.kreisfeuerwehrverband-vechta.de\/?wpdmpro=lehrganginfos-ma&wpdmdl=9514&refresh=69e047abd74a21776306091\">Download<\/a><\/strong><\/div>\n        <\/div>\n    <\/div>\n<\/div>\n<div style=\"clear: both\"><\/div>\n<\/div><div class='col-lg-12 col-md-12 col-12'><!-- WPDM Link Template: Default Template with Download Count -->\n\n\n<div class=\"wpdm-link-tpl link-btn [color]\" data-durl=\"https:\/\/www.kreisfeuerwehrverband-vechta.de\/?wpdmpro=lehrganginfos-sp&wpdmdl=9513&refresh=69e047abd7eab1776306091\" >\n    <div class=\"media\">\n        <div class=\"pull-left\"><img decoding=\"async\" class=\"wpdm_icon\" alt=\"Icon\" src=\"https:\/\/www.kreisfeuerwehrverband-vechta.de\/wp_KFV_2016\/wp-content\/plugins\/download-manager\/assets\/file-type-icons\/pdf.svg\" \/><\/div>\n        <div class=\"media-body\"><strong class=\"ptitle\">Lehrganginfos-SP <span class=\"label label-default\" style=\"font-weight: 400;\">137 Downloads<\/span>&nbsp;<span class=\"label label-default\" style=\"font-weight: 400;\">116.14 KB<\/span><\/strong>\n            <div><strong><a class='wpdm-download-link download-on-click btn btn-success btn-sm' rel='nofollow' href='#' data-downloadurl=\"https:\/\/www.kreisfeuerwehrverband-vechta.de\/?wpdmpro=lehrganginfos-sp&wpdmdl=9513&refresh=69e047abd7eab1776306091\">Download<\/a><\/strong><\/div>\n        <\/div>\n    <\/div>\n<\/div>\n<div style=\"clear: both\"><\/div>\n<\/div><div class='col-lg-12 col-md-12 col-12'><!-- WPDM Link Template: Default Template with Download Count -->\n\n\n<div class=\"wpdm-link-tpl link-btn [color]\" data-durl=\"https:\/\/www.kreisfeuerwehrverband-vechta.de\/?wpdmpro=lehrganginfos-tm-1&wpdmdl=9512&refresh=69e047abd884f1776306091\" >\n    <div class=\"media\">\n        <div class=\"pull-left\"><img decoding=\"async\" class=\"wpdm_icon\" alt=\"Icon\" src=\"https:\/\/www.kreisfeuerwehrverband-vechta.de\/wp_KFV_2016\/wp-content\/plugins\/download-manager\/assets\/file-type-icons\/pdf.svg\" \/><\/div>\n        <div class=\"media-body\"><strong class=\"ptitle\">Lehrganginfos-TM <span class=\"label label-default\" style=\"font-weight: 400;\">268 Downloads<\/span>&nbsp;<span class=\"label label-default\" style=\"font-weight: 400;\">117.13 KB<\/span><\/strong>\n            <div><strong><a class='wpdm-download-link download-on-click btn btn-success btn-sm' rel='nofollow' href='#' data-downloadurl=\"https:\/\/www.kreisfeuerwehrverband-vechta.de\/?wpdmpro=lehrganginfos-tm-1&wpdmdl=9512&refresh=69e047abd884f1776306091\">Download<\/a><\/strong><\/div>\n        <\/div>\n    <\/div>\n<\/div>\n<div style=\"clear: both\"><\/div>\n<\/div><\/div>            <div style='clear:both'><\/div><div class='text-center'><ul class='pagination wpdm-pagination pagination-centered text-center'><\/ul><\/div><div style='clear:both'><\/div>        <\/div>\n\n        <div style='clear:both'><\/div>\n    <\/div>\n<\/div>\n\n<p><span style=\"text-decoration: underline;\"><strong>Des Weiteren hier die Informationen zu den erweiterten Ausbildungen (Realbrand vormittags bzw. nachmittags \/ Einsatztaktik PA \/ ELW-Weiterbildung):<br \/>\n<\/strong><\/span><div class='w3eden'>\n    <div class=''>\n\n        \n        <div id=\"content_wpdm_package_2\">\n            <div class='row'><div class='col-lg-12 col-md-12 col-12'><!-- WPDM Link Template: Default Template with Download Count -->\n\n\n<div class=\"wpdm-link-tpl link-btn [color]\" data-durl=\"https:\/\/www.kreisfeuerwehrverband-vechta.de\/?wpdmpro=csa-traeger&wpdmdl=10476&refresh=69e047abda0781776306091\" >\n    <div class=\"media\">\n        <div class=\"pull-left\"><img decoding=\"async\" class=\"wpdm_icon\" alt=\"Icon\" src=\"https:\/\/www.kreisfeuerwehrverband-vechta.de\/wp_KFV_2016\/wp-content\/plugins\/download-manager\/assets\/file-type-icons\/pdf.svg\" \/><\/div>\n        <div class=\"media-body\"><strong class=\"ptitle\">CSA-Tr\u00e4ger <span class=\"label label-default\" style=\"font-weight: 400;\">15 Downloads<\/span>&nbsp;<span class=\"label label-default\" style=\"font-weight: 400;\">121.95 KB<\/span><\/strong>\n            <div><strong><a class='wpdm-download-link download-on-click btn btn-success btn-sm' rel='nofollow' href='#' data-downloadurl=\"https:\/\/www.kreisfeuerwehrverband-vechta.de\/?wpdmpro=csa-traeger&wpdmdl=10476&refresh=69e047abda0781776306091\">Download<\/a><\/strong><\/div>\n        <\/div>\n    <\/div>\n<\/div>\n<div style=\"clear: both\"><\/div>\n<\/div><div class='col-lg-12 col-md-12 col-12'><!-- WPDM Link Template: Default Template with Download Count -->\n\n\n<div class=\"wpdm-link-tpl link-btn [color]\" data-durl=\"https:\/\/www.kreisfeuerwehrverband-vechta.de\/?wpdmpro=fuehrungshilfspersonal-elw&wpdmdl=10433&refresh=69e047abdaaf71776306091\" >\n    <div class=\"media\">\n        <div class=\"pull-left\"><img decoding=\"async\" class=\"wpdm_icon\" alt=\"Icon\" src=\"https:\/\/www.kreisfeuerwehrverband-vechta.de\/wp_KFV_2016\/wp-content\/plugins\/download-manager\/assets\/file-type-icons\/pdf.svg\" \/><\/div>\n        <div class=\"media-body\"><strong class=\"ptitle\">F\u00fchrungshilfspersonal ELW <span class=\"label label-default\" style=\"font-weight: 400;\">149 Downloads<\/span>&nbsp;<span class=\"label label-default\" style=\"font-weight: 400;\">123.34 KB<\/span><\/strong>\n            <div><strong><a class='wpdm-download-link download-on-click btn btn-success btn-sm' rel='nofollow' href='#' data-downloadurl=\"https:\/\/www.kreisfeuerwehrverband-vechta.de\/?wpdmpro=fuehrungshilfspersonal-elw&wpdmdl=10433&refresh=69e047abdaaf71776306091\">Download<\/a><\/strong><\/div>\n        <\/div>\n    <\/div>\n<\/div>\n<div style=\"clear: both\"><\/div>\n<\/div><div class='col-lg-12 col-md-12 col-12'><!-- WPDM Link Template: Default Template with Download Count -->\n\n\n<div class=\"wpdm-link-tpl link-btn [color]\" data-durl=\"https:\/\/www.kreisfeuerwehrverband-vechta.de\/?wpdmpro=lehrganginfos-einsatztaktik-atemschutzeinsatz&wpdmdl=10119&refresh=69e047abdb4da1776306091\" >\n    <div class=\"media\">\n        <div class=\"pull-left\"><img decoding=\"async\" class=\"wpdm_icon\" alt=\"Icon\" src=\"https:\/\/www.kreisfeuerwehrverband-vechta.de\/wp_KFV_2016\/wp-content\/plugins\/download-manager\/assets\/file-type-icons\/pdf.svg\" \/><\/div>\n        <div class=\"media-body\"><strong class=\"ptitle\">Lehrganginfos Einsatztaktik Atemschutzeinsatz <span class=\"label label-default\" style=\"font-weight: 400;\">132 Downloads<\/span>&nbsp;<span class=\"label label-default\" style=\"font-weight: 400;\">117.74 KB<\/span><\/strong>\n            <div><strong><a class='wpdm-download-link download-on-click btn btn-success btn-sm' rel='nofollow' href='#' data-downloadurl=\"https:\/\/www.kreisfeuerwehrverband-vechta.de\/?wpdmpro=lehrganginfos-einsatztaktik-atemschutzeinsatz&wpdmdl=10119&refresh=69e047abdb4da1776306091\">Download<\/a><\/strong><\/div>\n        <\/div>\n    <\/div>\n<\/div>\n<div style=\"clear: both\"><\/div>\n<\/div><div class='col-lg-12 col-md-12 col-12'><!-- WPDM Link Template: Default Template with Download Count -->\n\n\n<div class=\"wpdm-link-tpl link-btn [color]\" data-durl=\"https:\/\/www.kreisfeuerwehrverband-vechta.de\/?wpdmpro=realbrandausbildung_nachmittags&wpdmdl=9686&refresh=69e047abdbece1776306091\" >\n    <div class=\"media\">\n        <div class=\"pull-left\"><img decoding=\"async\" class=\"wpdm_icon\" alt=\"Icon\" src=\"https:\/\/www.kreisfeuerwehrverband-vechta.de\/wp_KFV_2016\/wp-content\/plugins\/download-manager\/assets\/file-type-icons\/pdf.svg\" \/><\/div>\n        <div class=\"media-body\"><strong class=\"ptitle\">Realbrandausbildung_nachmittags <span class=\"label label-default\" style=\"font-weight: 400;\">89 Downloads<\/span>&nbsp;<span class=\"label label-default\" style=\"font-weight: 400;\">127.92 KB<\/span><\/strong>\n            <div><strong><a class='wpdm-download-link download-on-click btn btn-success btn-sm' rel='nofollow' href='#' data-downloadurl=\"https:\/\/www.kreisfeuerwehrverband-vechta.de\/?wpdmpro=realbrandausbildung_nachmittags&wpdmdl=9686&refresh=69e047abdbece1776306091\">Download<\/a><\/strong><\/div>\n        <\/div>\n    <\/div>\n<\/div>\n<div style=\"clear: both\"><\/div>\n<\/div><div class='col-lg-12 col-md-12 col-12'><!-- WPDM Link Template: Default Template with Download Count -->\n\n\n<div class=\"wpdm-link-tpl link-btn [color]\" data-durl=\"https:\/\/www.kreisfeuerwehrverband-vechta.de\/?wpdmpro=realbrandausbildung_vormittags&wpdmdl=9685&refresh=69e047abdc8cb1776306091\" >\n    <div class=\"media\">\n        <div class=\"pull-left\"><img decoding=\"async\" class=\"wpdm_icon\" alt=\"Icon\" src=\"https:\/\/www.kreisfeuerwehrverband-vechta.de\/wp_KFV_2016\/wp-content\/plugins\/download-manager\/assets\/file-type-icons\/pdf.svg\" \/><\/div>\n        <div class=\"media-body\"><strong class=\"ptitle\">Realbrandausbildung_vormittags <span class=\"label label-default\" style=\"font-weight: 400;\">72 Downloads<\/span>&nbsp;<span class=\"label label-default\" style=\"font-weight: 400;\">128.79 KB<\/span><\/strong>\n            <div><strong><a class='wpdm-download-link download-on-click btn btn-success btn-sm' rel='nofollow' href='#' data-downloadurl=\"https:\/\/www.kreisfeuerwehrverband-vechta.de\/?wpdmpro=realbrandausbildung_vormittags&wpdmdl=9685&refresh=69e047abdc8cb1776306091\">Download<\/a><\/strong><\/div>\n        <\/div>\n    <\/div>\n<\/div>\n<div style=\"clear: both\"><\/div>\n<\/div><\/div>            <div style='clear:both'><\/div><div class='text-center'><ul class='pagination wpdm-pagination pagination-centered text-center'><\/ul><\/div><div style='clear:both'><\/div>        <\/div>\n\n        <div style='clear:both'><\/div>\n    <\/div>\n<\/div>\n<span style=\"text-decoration: underline;\"><strong><br \/>\n<\/strong><\/span><\/p>\n<p><span style=\"text-decoration: underline;\"><strong>Die Infos f\u00fcr die Multiplikatoren der modularen Grundlagenausbildung sind hier zu finden:<\/strong><\/span><br \/>\n<div class='w3eden'>\n    <div class=''>\n\n        \n        <div id=\"content_wpdm_package_3\">\n            <div class='row'><div class='col-lg-12 col-md-12 col-12'><!-- WPDM Link Template: Default Template with Download Count -->\n\n\n<div class=\"wpdm-link-tpl link-btn [color]\" data-durl=\"https:\/\/www.kreisfeuerwehrverband-vechta.de\/?wpdmpro=hinweise_multiplikator_modulare-ausbildung&wpdmdl=9687&refresh=69e047abddac91776306091\" >\n    <div class=\"media\">\n        <div class=\"pull-left\"><img decoding=\"async\" class=\"wpdm_icon\" alt=\"Icon\" src=\"https:\/\/www.kreisfeuerwehrverband-vechta.de\/wp_KFV_2016\/wp-content\/plugins\/download-manager\/assets\/file-type-icons\/pdf.svg\" \/><\/div>\n        <div class=\"media-body\"><strong class=\"ptitle\">Hinweise_MGLA_Multiplikator_Ortsfeuerwehr <span class=\"label label-default\" style=\"font-weight: 400;\">157 Downloads<\/span>&nbsp;<span class=\"label label-default\" style=\"font-weight: 400;\">115.54 KB<\/span><\/strong>\n            <div><strong><a class='wpdm-download-link download-on-click btn btn-success btn-sm' rel='nofollow' href='#' data-downloadurl=\"https:\/\/www.kreisfeuerwehrverband-vechta.de\/?wpdmpro=hinweise_multiplikator_modulare-ausbildung&wpdmdl=9687&refresh=69e047abddac91776306091\">Download<\/a><\/strong><\/div>\n        <\/div>\n    <\/div>\n<\/div>\n<div style=\"clear: both\"><\/div>\n<\/div><\/div>            <div style='clear:both'><\/div><div class='text-center'><ul class='pagination wpdm-pagination pagination-centered text-center'><\/ul><\/div><div style='clear:both'><\/div>        <\/div>\n\n        <div style='clear:both'><\/div>\n    <\/div>\n<\/div>\n\n","protected":false},"excerpt":{"rendered":"<p>Die Lehrgangsverteilung erfolgt durch den Kreisausbildungsleiter \u00fcber das FwPortal. Die Ortsbrandmeister\/Hilfsorganisationen\/Firmen werden dringend gebeten, sowohl f\u00fcr die Einhaltung der Meldefristen als auch f\u00fcr den Lehrgangsbesuch Sorge zu tragen. Die Lehrgangsvoraussetzungen m\u00fcssen vom Lehrgangsteilnehmer bei Lehrgangsbeginn nachgewiesen werden. Sollten die entsprechenden<\/p>\n","protected":false},"author":1,"featured_media":0,"parent":300,"menu_order":0,"comment_status":"closed","ping_status":"closed","template":"","meta":{"ngg_post_thumbnail":0,"footnotes":""},"class_list":["post-233","page","type-page","status-publish","hentry"],"_links":{"self":[{"href":"https:\/\/www.kreisfeuerwehrverband-vechta.de\/index.php?rest_route=\/wp\/v2\/pages\/233","targetHints":{"allow":["GET"]}}],"collection":[{"href":"https:\/\/www.kreisfeuerwehrverband-vechta.de\/index.php?rest_route=\/wp\/v2\/pages"}],"about":[{"href":"https:\/\/www.kreisfeuerwehrverband-vechta.de\/index.php?rest_route=\/wp\/v2\/types\/page"}],"author":[{"embeddable":true,"href":"https:\/\/www.kreisfeuerwehrverband-vechta.de\/index.php?rest_route=\/wp\/v2\/users\/1"}],"replies":[{"embeddable":true,"href":"https:\/\/www.kreisfeuerwehrverband-vechta.de\/index.php?rest_route=%2Fwp%2Fv2%2Fcomments&post=233"}],"version-history":[{"count":0,"href":"https:\/\/www.kreisfeuerwehrverband-vechta.de\/index.php?rest_route=\/wp\/v2\/pages\/233\/revisions"}],"up":[{"embeddable":true,"href":"https:\/\/www.kreisfeuerwehrverband-vechta.de\/index.php?rest_route=\/wp\/v2\/pages\/300"}],"wp:attachment":[{"href":"https:\/\/www.kreisfeuerwehrverband-vechta.de\/index.php?rest_route=%2Fwp%2Fv2%2Fmedia&parent=233"}],"curies":[{"name":"wp","href":"https:\/\/api.w.org\/{rel}","templated":true}]}}