{"id":2156,"date":"2016-04-17T13:20:38","date_gmt":"2016-04-17T11:20:38","guid":{"rendered":"http:\/\/www.kreisfeuerwehrverband-vechta.de\/?page_id=2156"},"modified":"2017-06-09T20:02:53","modified_gmt":"2017-06-09T18:02:53","slug":"fuehrung-und-einteilung-der-kreisbereitschaft","status":"publish","type":"page","link":"https:\/\/www.kreisfeuerwehrverband-vechta.de\/?page_id=2156","title":{"rendered":"F\u00fchrung und Einteilung der Kreisbereitschaft"},"content":{"rendered":"[ezcol_1half]\n<h2>F\u00fchrung der Kreisfeuerwehrbereitschaft<\/h2>\n<h4>\u00a0<\/h4>\n<h4>Fahrzeuge<\/h4>\n<p>EWL 1\u00a0Dinklage (FV 22-11-1)<br \/>\n GW LK Vechta (FV 80-69-1)<\/p>\n[\/ezcol_1half][ezcol_1half_end]\n<figure id=\"attachment_3170\" aria-describedby=\"caption-attachment-3170\" style=\"width: 500px\" class=\"wp-caption alignleft\"><a href=\"http:\/\/www.kreisfeuerwehrverband-vechta.de\/wp_KFV_2016\/wp-content\/uploads\/KFB_Fuehrung_2016.jpg\"><img fetchpriority=\"high\" decoding=\"async\" class=\"wp-image-3170\" src=\"http:\/\/www.kreisfeuerwehrverband-vechta.de\/wp_KFV_2016\/wp-content\/uploads\/KFB_Fuehrung_2016.jpg\" alt=\"kfb_fuehrung_2016\" width=\"500\" height=\"335\" srcset=\"https:\/\/www.kreisfeuerwehrverband-vechta.de\/wp_KFV_2016\/wp-content\/uploads\/KFB_Fuehrung_2016.jpg 1000w, https:\/\/www.kreisfeuerwehrverband-vechta.de\/wp_KFV_2016\/wp-content\/uploads\/KFB_Fuehrung_2016-300x201.jpg 300w\" sizes=\"(max-width: 500px) 100vw, 500px\" \/><\/a><figcaption id=\"caption-attachment-3170\" class=\"wp-caption-text\">Stv. KFB-F\u00fchrer Peter Runnebohm und KFB-F\u00fchrer Manfred Kathmann<\/figcaption><\/figure>\n[\/ezcol_1half_end][ezcol_1half]\n<figure id=\"attachment_3176\" aria-describedby=\"caption-attachment-3176\" style=\"width: 500px\" class=\"wp-caption alignleft\"><a href=\"http:\/\/www.kreisfeuerwehrverband-vechta.de\/wp_KFV_2016\/wp-content\/uploads\/KFB_Zugfuehrer_2016.jpg\"><img decoding=\"async\" class=\"wp-image-3176\" src=\"http:\/\/www.kreisfeuerwehrverband-vechta.de\/wp_KFV_2016\/wp-content\/uploads\/KFB_Zugfuehrer_2016.jpg\" alt=\"kfb_zugfuehrer_2016\" width=\"500\" height=\"335\" srcset=\"https:\/\/www.kreisfeuerwehrverband-vechta.de\/wp_KFV_2016\/wp-content\/uploads\/KFB_Zugfuehrer_2016.jpg 1000w, https:\/\/www.kreisfeuerwehrverband-vechta.de\/wp_KFV_2016\/wp-content\/uploads\/KFB_Zugfuehrer_2016-300x201.jpg 300w\" sizes=\"(max-width: 500px) 100vw, 500px\" \/><\/a><figcaption id=\"caption-attachment-3176\" class=\"wp-caption-text\">Bereitschaftsf\u00fchrer, Zugf\u00fchrer und Zugtruppf\u00fchrer<\/figcaption><\/figure>\n[\/ezcol_1half][ezcol_1half_end]\n<figure id=\"attachment_3169\" aria-describedby=\"caption-attachment-3169\" style=\"width: 500px\" class=\"wp-caption alignleft\"><a href=\"http:\/\/www.kreisfeuerwehrverband-vechta.de\/wp_KFV_2016\/wp-content\/uploads\/KFB_Fhr-Staffel_2016.jpg\"><img decoding=\"async\" class=\"wp-image-3169\" src=\"http:\/\/www.kreisfeuerwehrverband-vechta.de\/wp_KFV_2016\/wp-content\/uploads\/KFB_Fhr-Staffel_2016.jpg\" alt=\"kfb_fhr-staffel_2016\" width=\"500\" height=\"335\" srcset=\"https:\/\/www.kreisfeuerwehrverband-vechta.de\/wp_KFV_2016\/wp-content\/uploads\/KFB_Fhr-Staffel_2016.jpg 1000w, https:\/\/www.kreisfeuerwehrverband-vechta.de\/wp_KFV_2016\/wp-content\/uploads\/KFB_Fhr-Staffel_2016-300x201.jpg 300w\" sizes=\"(max-width: 500px) 100vw, 500px\" \/><\/a><figcaption id=\"caption-attachment-3169\" class=\"wp-caption-text\">F\u00fchrungsstaffel<\/figcaption><\/figure>\n[\/ezcol_1half_end]\n<hr \/>\n[ezcol_1half]\n<h2>&#8211; I. Zug &#8211;<\/h2>\n<p><strong>Fach-Zug Wasserf\u00f6rderung<\/strong><br \/>\n <strong>(FZ WF &#8211; 8er Klasse)<\/strong><\/p>\n<p>&nbsp;<\/p>\n<h4>Fahrzeuge<\/h4>\n<p>ELW Langf\u00f6rden (FV-15-11-1)<br \/>\n LF 8\/6 Langf\u00f6rden (FV 15-45-1)<br \/>\n LF 8\/6 (H) Brockdorf (FV 24-46-1)<br \/>\n LF 8 Lutten (FV 14-43-1)<br \/>\n LF 8 Dinklage (FV 22-43-1)<\/p>\n[\/ezcol_1half][ezcol_1half_end]\n<figure id=\"attachment_3177\" aria-describedby=\"caption-attachment-3177\" style=\"width: 500px\" class=\"wp-caption alignleft\"><a href=\"http:\/\/www.kreisfeuerwehrverband-vechta.de\/wp_KFV_2016\/wp-content\/uploads\/KFB_Zugfuehrer_Zug-1_2016.jpg\"><img loading=\"lazy\" decoding=\"async\" class=\"wp-image-3177\" src=\"http:\/\/www.kreisfeuerwehrverband-vechta.de\/wp_KFV_2016\/wp-content\/uploads\/KFB_Zugfuehrer_Zug-1_2016.jpg\" alt=\"kfb_zugfuehrer_zug-1_2016\" width=\"500\" height=\"335\" srcset=\"https:\/\/www.kreisfeuerwehrverband-vechta.de\/wp_KFV_2016\/wp-content\/uploads\/KFB_Zugfuehrer_Zug-1_2016.jpg 1000w, https:\/\/www.kreisfeuerwehrverband-vechta.de\/wp_KFV_2016\/wp-content\/uploads\/KFB_Zugfuehrer_Zug-1_2016-300x201.jpg 300w\" sizes=\"(max-width: 500px) 100vw, 500px\" \/><\/a><figcaption id=\"caption-attachment-3177\" class=\"wp-caption-text\">Zugtruppf\u00fchrer Ralf Tebbert und Zugf\u00fchrer Hubertus Meyer<\/figcaption><\/figure> <figure id=\"attachment_3172\" aria-describedby=\"caption-attachment-3172\" style=\"width: 500px\" class=\"wp-caption alignleft\"><a href=\"http:\/\/www.kreisfeuerwehrverband-vechta.de\/wp_KFV_2016\/wp-content\/uploads\/KFB_Zug-1_2016.jpg\"><img loading=\"lazy\" decoding=\"async\" class=\"wp-image-3172\" src=\"http:\/\/www.kreisfeuerwehrverband-vechta.de\/wp_KFV_2016\/wp-content\/uploads\/KFB_Zug-1_2016.jpg\" alt=\"kfb_zug-1_2016\" width=\"500\" height=\"335\" srcset=\"https:\/\/www.kreisfeuerwehrverband-vechta.de\/wp_KFV_2016\/wp-content\/uploads\/KFB_Zug-1_2016.jpg 1000w, https:\/\/www.kreisfeuerwehrverband-vechta.de\/wp_KFV_2016\/wp-content\/uploads\/KFB_Zug-1_2016-300x201.jpg 300w\" sizes=\"(max-width: 500px) 100vw, 500px\" \/><\/a><figcaption id=\"caption-attachment-3172\" class=\"wp-caption-text\">1. Zug<\/figcaption><\/figure>\n[\/ezcol_1half_end]\n<hr \/>\n[ezcol_1half]\n<h2>&#8211; II. Zug &#8211;<\/h2>\n<p><strong>Fach-Zug Technische Hilfeleistung<\/strong><br \/>\n <strong>(FZ TH)<\/strong><\/p>\n<h4>\u00a0<\/h4>\n<h4>Fahrzeuge<\/h4>\n<p>ELW Visbek (FV-11-11-1)<br \/>\n WLFK AB-R\u00fcst LK Vechta (FV 80-67-1)<br \/>\n LF 16 Steinfeld (FV 32-47-1)<br \/>\n LF 8\/6 (H) S\u00fcdlohne (FV 25-46-1)<br \/>\n GW (MZF) Lohne (FV 23-63-1)<br \/>\n MTW Lohne (FV 23-17-1)<br \/>\n GW (MZF) S\u00fcdlohne (FV 25-69-1)<\/p>\n[\/ezcol_1half][ezcol_1half_end]\n<figure id=\"attachment_3178\" aria-describedby=\"caption-attachment-3178\" style=\"width: 500px\" class=\"wp-caption alignleft\"><a href=\"http:\/\/www.kreisfeuerwehrverband-vechta.de\/wp_KFV_2016\/wp-content\/uploads\/KFB_Zugfuehrer_Zug-2_2016.jpg\"><img loading=\"lazy\" decoding=\"async\" class=\"wp-image-3178\" src=\"http:\/\/www.kreisfeuerwehrverband-vechta.de\/wp_KFV_2016\/wp-content\/uploads\/KFB_Zugfuehrer_Zug-2_2016.jpg\" alt=\"kfb_zugfuehrer_zug-2_2016\" width=\"500\" height=\"335\" srcset=\"https:\/\/www.kreisfeuerwehrverband-vechta.de\/wp_KFV_2016\/wp-content\/uploads\/KFB_Zugfuehrer_Zug-2_2016.jpg 1000w, https:\/\/www.kreisfeuerwehrverband-vechta.de\/wp_KFV_2016\/wp-content\/uploads\/KFB_Zugfuehrer_Zug-2_2016-300x201.jpg 300w\" sizes=\"(max-width: 500px) 100vw, 500px\" \/><\/a><figcaption id=\"caption-attachment-3178\" class=\"wp-caption-text\">Zugf\u00fchrer Stefan Hitz und Zugtruppf\u00fchrer Dennis Wiechens<\/figcaption><\/figure> <figure id=\"attachment_3173\" aria-describedby=\"caption-attachment-3173\" style=\"width: 500px\" class=\"wp-caption alignleft\"><a href=\"http:\/\/www.kreisfeuerwehrverband-vechta.de\/wp_KFV_2016\/wp-content\/uploads\/KFB_Zug-2_2016.jpg\"><img loading=\"lazy\" decoding=\"async\" class=\"wp-image-3173\" src=\"http:\/\/www.kreisfeuerwehrverband-vechta.de\/wp_KFV_2016\/wp-content\/uploads\/KFB_Zug-2_2016.jpg\" alt=\"kfb_zug-2_2016\" width=\"500\" height=\"333\" srcset=\"https:\/\/www.kreisfeuerwehrverband-vechta.de\/wp_KFV_2016\/wp-content\/uploads\/KFB_Zug-2_2016.jpg 1000w, https:\/\/www.kreisfeuerwehrverband-vechta.de\/wp_KFV_2016\/wp-content\/uploads\/KFB_Zug-2_2016-300x200.jpg 300w\" sizes=\"(max-width: 500px) 100vw, 500px\" \/><\/a><figcaption id=\"caption-attachment-3173\" class=\"wp-caption-text\">2. Zug<\/figcaption><\/figure>\n[\/ezcol_1half_end]\n<hr \/>\n[ezcol_1half]\n<h2>&#8211; III. Zug &#8211;<\/h2>\n<p><strong>Fach-Zug Wasserf\u00f6rderung<br \/>\n (FZ WF &#8211; 16er Klasse)<\/strong><\/p>\n<h4>\u00a0<\/h4>\n<h4>Fahrzeuge<\/h4>\n<p>ELW V\u00f6rden (FV 37-11-1)<br \/>\n LF 16 TS ** Borringhausen (FV 89-44-1)<br \/>\n LF 16 TS ** Neuenkirchen (FV 89-44-2)<br \/>\n GW-L2 LK Vechta (FV 80-62-1)<br \/>\n HLF10 LK Vechta (FV 80-46-1)<\/p>\n[\/ezcol_1half][ezcol_1half_end]\n<figure id=\"attachment_3179\" aria-describedby=\"caption-attachment-3179\" style=\"width: 500px\" class=\"wp-caption alignleft\"><a href=\"http:\/\/www.kreisfeuerwehrverband-vechta.de\/wp_KFV_2016\/wp-content\/uploads\/KFB_Zugfuehrer_Zug-3_2016.jpg\"><img loading=\"lazy\" decoding=\"async\" class=\"wp-image-3179\" src=\"http:\/\/www.kreisfeuerwehrverband-vechta.de\/wp_KFV_2016\/wp-content\/uploads\/KFB_Zugfuehrer_Zug-3_2016.jpg\" alt=\"kfb_zugfuehrer_zug-3_2016\" width=\"500\" height=\"335\" srcset=\"https:\/\/www.kreisfeuerwehrverband-vechta.de\/wp_KFV_2016\/wp-content\/uploads\/KFB_Zugfuehrer_Zug-3_2016.jpg 1000w, https:\/\/www.kreisfeuerwehrverband-vechta.de\/wp_KFV_2016\/wp-content\/uploads\/KFB_Zugfuehrer_Zug-3_2016-300x201.jpg 300w\" sizes=\"(max-width: 500px) 100vw, 500px\" \/><\/a><figcaption id=\"caption-attachment-3179\" class=\"wp-caption-text\">Zugtruppf\u00fchrer Torsten Adam und Zugf\u00fchrer Ralf B\u00fcrger<\/figcaption><\/figure> <figure id=\"attachment_3174\" aria-describedby=\"caption-attachment-3174\" style=\"width: 500px\" class=\"wp-caption alignleft\"><a href=\"http:\/\/www.kreisfeuerwehrverband-vechta.de\/wp_KFV_2016\/wp-content\/uploads\/KFB_Zug-3_2016.jpg\"><img loading=\"lazy\" decoding=\"async\" class=\"wp-image-3174\" src=\"http:\/\/www.kreisfeuerwehrverband-vechta.de\/wp_KFV_2016\/wp-content\/uploads\/KFB_Zug-3_2016.jpg\" alt=\"kfb_zug-3_2016\" width=\"500\" height=\"314\" srcset=\"https:\/\/www.kreisfeuerwehrverband-vechta.de\/wp_KFV_2016\/wp-content\/uploads\/KFB_Zug-3_2016.jpg 1000w, https:\/\/www.kreisfeuerwehrverband-vechta.de\/wp_KFV_2016\/wp-content\/uploads\/KFB_Zug-3_2016-300x188.jpg 300w\" sizes=\"(max-width: 500px) 100vw, 500px\" \/><\/a><figcaption id=\"caption-attachment-3174\" class=\"wp-caption-text\">3. Zug<\/figcaption><\/figure>\n[\/ezcol_1half_end]\n<hr \/>\n[ezcol_1half]\n<h2>&#8211; IV. Zug &#8211;<\/h2>\n<p><strong>Fach-Zug Wassertransport<br \/>\n (FZ WT &#8211; 10.000 Liter)<\/strong><\/p>\n<h4>\u00a0<\/h4>\n<h4>Fahrzeuge<\/h4>\n<p>ELW Goldenstedt (FV13-11-1)<br \/>\n TLF 16\/25 Rechterfeld (FV 12-23-1)<br \/>\n TLF 16\/24 Fladderlohausen (FV 31-21-1)<br \/>\n TLF 16\/24 Osterfeine (FV 35-21-1)<br \/>\n TLF 16\/25 L\u00fcsche (FV 21-24-1)<br \/>\n TLF 8W Visbek (FV 11-20-1)<br \/>\n MTW Bakum (FV 20-17-1)<\/p>\n[\/ezcol_1half][ezcol_1half_end]\n<figure id=\"attachment_3180\" aria-describedby=\"caption-attachment-3180\" style=\"width: 500px\" class=\"wp-caption alignleft\"><a href=\"http:\/\/www.kreisfeuerwehrverband-vechta.de\/wp_KFV_2016\/wp-content\/uploads\/KFB_Zugfuehrer_Zug-4_2016.jpg\"><img loading=\"lazy\" decoding=\"async\" class=\"wp-image-3180\" src=\"http:\/\/www.kreisfeuerwehrverband-vechta.de\/wp_KFV_2016\/wp-content\/uploads\/KFB_Zugfuehrer_Zug-4_2016.jpg\" alt=\"kfb_zugfuehrer_zug-4_2016\" width=\"500\" height=\"335\" srcset=\"https:\/\/www.kreisfeuerwehrverband-vechta.de\/wp_KFV_2016\/wp-content\/uploads\/KFB_Zugfuehrer_Zug-4_2016.jpg 1000w, https:\/\/www.kreisfeuerwehrverband-vechta.de\/wp_KFV_2016\/wp-content\/uploads\/KFB_Zugfuehrer_Zug-4_2016-300x201.jpg 300w\" sizes=\"(max-width: 500px) 100vw, 500px\" \/><\/a><figcaption id=\"caption-attachment-3180\" class=\"wp-caption-text\">Zugtruppf\u00fchrer Andreas Varnhorn und Zugf\u00fchrer Arnold Moormann<\/figcaption><\/figure> <figure id=\"attachment_3175\" aria-describedby=\"caption-attachment-3175\" style=\"width: 500px\" class=\"wp-caption alignleft\"><a href=\"http:\/\/www.kreisfeuerwehrverband-vechta.de\/wp_KFV_2016\/wp-content\/uploads\/KFB_Zug-4_2016.jpg\"><img loading=\"lazy\" decoding=\"async\" class=\"wp-image-3175\" src=\"http:\/\/www.kreisfeuerwehrverband-vechta.de\/wp_KFV_2016\/wp-content\/uploads\/KFB_Zug-4_2016.jpg\" alt=\"kfb_zug-4_2016\" width=\"500\" height=\"335\" srcset=\"https:\/\/www.kreisfeuerwehrverband-vechta.de\/wp_KFV_2016\/wp-content\/uploads\/KFB_Zug-4_2016.jpg 1000w, https:\/\/www.kreisfeuerwehrverband-vechta.de\/wp_KFV_2016\/wp-content\/uploads\/KFB_Zug-4_2016-300x201.jpg 300w\" sizes=\"(max-width: 500px) 100vw, 500px\" \/><\/a><figcaption id=\"caption-attachment-3175\" class=\"wp-caption-text\">4. Zug<\/figcaption><\/figure>\n[\/ezcol_1half_end]\n<hr \/>\n[ezcol_1half]\n<h2>&#8211; V. Zug &#8211;<\/h2>\n<p><strong>Deutsches Rotes Kreuz <\/strong><br \/>\n <strong>Fach-Zug Logistik (FZ L)<\/strong><\/p>\n<h4>\u00a0<\/h4>\n<h4>Fahrzeuge<\/h4>\n<p>RTW DRK Vechta RKV (40-85-1)<br \/>\n MTW DRK Vechta RKV (89-17-1)<br \/>\n BtrLKW ** DRK Vechta (RKV 89-64-1)<\/p>\n[\/ezcol_1half][ezcol_1half_end]\n<figure id=\"attachment_3182\" aria-describedby=\"caption-attachment-3182\" style=\"width: 500px\" class=\"wp-caption alignleft\"><a href=\"http:\/\/www.kreisfeuerwehrverband-vechta.de\/wp_KFV_2016\/wp-content\/uploads\/KFB_DRK-Vechta.jpg\"><img loading=\"lazy\" decoding=\"async\" class=\"wp-image-3182\" src=\"http:\/\/www.kreisfeuerwehrverband-vechta.de\/wp_KFV_2016\/wp-content\/uploads\/KFB_DRK-Vechta.jpg\" alt=\"kfb_drk-vechta\" width=\"500\" height=\"335\" srcset=\"https:\/\/www.kreisfeuerwehrverband-vechta.de\/wp_KFV_2016\/wp-content\/uploads\/KFB_DRK-Vechta.jpg 1000w, https:\/\/www.kreisfeuerwehrverband-vechta.de\/wp_KFV_2016\/wp-content\/uploads\/KFB_DRK-Vechta-300x201.jpg 300w\" sizes=\"(max-width: 500px) 100vw, 500px\" \/><\/a><figcaption id=\"caption-attachment-3182\" class=\"wp-caption-text\">Deutsches Rotes Kreuz mit Zugf\u00fchrer Henrik Busch (3.v.l.)<\/figcaption><\/figure>\n[\/ezcol_1half_end]\n<p><span style=\"font-size: 8pt;\">** Bundesfahrzeug des Zivil-\/Katastrophenschutzes<\/span><\/p>\n","protected":false},"excerpt":{"rendered":"<p>[ezcol_1half] F\u00fchrung der Kreisfeuerwehrbereitschaft \u00a0 Fahrzeuge EWL 1\u00a0Dinklage (FV 22-11-1) GW LK Vechta (FV 80-69-1) [\/ezcol_1half][ezcol_1half_end] [\/ezcol_1half_end][ezcol_1half] [\/ezcol_1half][ezcol_1half_end] [\/ezcol_1half_end] [ezcol_1half] &#8211; I. Zug &#8211; Fach-Zug Wasserf\u00f6rderung (FZ WF &#8211; 8er Klasse) &nbsp; Fahrzeuge ELW Langf\u00f6rden (FV-15-11-1) LF 8\/6 Langf\u00f6rden (FV<\/p>\n","protected":false},"author":1,"featured_media":0,"parent":156,"menu_order":0,"comment_status":"closed","ping_status":"closed","template":"","meta":{"ngg_post_thumbnail":0,"footnotes":""},"class_list":["post-2156","page","type-page","status-publish","hentry"],"_links":{"self":[{"href":"https:\/\/www.kreisfeuerwehrverband-vechta.de\/index.php?rest_route=\/wp\/v2\/pages\/2156","targetHints":{"allow":["GET"]}}],"collection":[{"href":"https:\/\/www.kreisfeuerwehrverband-vechta.de\/index.php?rest_route=\/wp\/v2\/pages"}],"about":[{"href":"https:\/\/www.kreisfeuerwehrverband-vechta.de\/index.php?rest_route=\/wp\/v2\/types\/page"}],"author":[{"embeddable":true,"href":"https:\/\/www.kreisfeuerwehrverband-vechta.de\/index.php?rest_route=\/wp\/v2\/users\/1"}],"replies":[{"embeddable":true,"href":"https:\/\/www.kreisfeuerwehrverband-vechta.de\/index.php?rest_route=%2Fwp%2Fv2%2Fcomments&post=2156"}],"version-history":[{"count":0,"href":"https:\/\/www.kreisfeuerwehrverband-vechta.de\/index.php?rest_route=\/wp\/v2\/pages\/2156\/revisions"}],"up":[{"embeddable":true,"href":"https:\/\/www.kreisfeuerwehrverband-vechta.de\/index.php?rest_route=\/wp\/v2\/pages\/156"}],"wp:attachment":[{"href":"https:\/\/www.kreisfeuerwehrverband-vechta.de\/index.php?rest_route=%2Fwp%2Fv2%2Fmedia&parent=2156"}],"curies":[{"name":"wp","href":"https:\/\/api.w.org\/{rel}","templated":true}]}}