{"id":201,"date":"2016-02-19T17:01:14","date_gmt":"2016-02-19T16:01:14","guid":{"rendered":"http:\/\/www.kreisfeuerwehrverband-vechta.de\/?page_id=201"},"modified":"2026-03-06T17:26:20","modified_gmt":"2026-03-06T16:26:20","slug":"fachberater","status":"publish","type":"page","link":"https:\/\/www.kreisfeuerwehrverband-vechta.de\/?page_id=201","title":{"rendered":"Fachberater"},"content":{"rendered":"<p><img decoding=\"async\" class=\"alignleft wp-image-2101\" src=\"http:\/\/www.kreisfeuerwehrverband-vechta.de\/wp_KFV_2016\/wp-content\/uploads\/Runnebohm-Peter.jpg\" alt=\"\" width=\"100\" height=\"125\">Runnebohm, Peter<br \/>\n<em>Kreisfeuerwehrbereitschaftsf\u00fchrer<\/em><\/p>\n<p>&nbsp;<\/p>\n<p>&nbsp;<\/p>\n<p>&nbsp;<\/p>\n<p><img decoding=\"async\" class=\"alignleft wp-image-9688\" src=\"http:\/\/www.kreisfeuerwehrverband-vechta.de\/wp_KFV_2016\/wp-content\/uploads\/Jaksch_Ulrich_24-KAL-576x720.jpg\" alt=\"\" width=\"100\" height=\"125\" srcset=\"https:\/\/www.kreisfeuerwehrverband-vechta.de\/wp_KFV_2016\/wp-content\/uploads\/Jaksch_Ulrich_24-KAL-576x720.jpg 576w, https:\/\/www.kreisfeuerwehrverband-vechta.de\/wp_KFV_2016\/wp-content\/uploads\/Jaksch_Ulrich_24-KAL.jpg 600w\" sizes=\"(max-width: 100px) 100vw, 100px\" \/>Jaksch, Ulrich<br \/>\n<em>Kreisausbildungsleiter<\/em><\/p>\n<p>&nbsp;<\/p>\n<p>&nbsp;<\/p>\n<p>&nbsp;<\/p>\n<p><img decoding=\"async\" class=\"alignleft wp-image-179 size-full\" src=\"http:\/\/www.kreisfeuerwehrverband-vechta.de\/wp_KFV_2016\/wp-content\/uploads\/platzhalter-mann_200x250-e1495039149898.jpg\" alt=\"\" width=\"100\" height=\"125\">Kr\u00f6ger, Frank<br \/>\n<em>Kreissicherheitsbeauftragter<\/em><\/p>\n<p>&nbsp;<\/p>\n<p>&nbsp;<\/p>\n<p>&nbsp;<\/p>\n<p>Partmann, Ren\u00e9<em><img loading=\"lazy\" decoding=\"async\" class=\"wp-image-179 size-full alignleft\" src=\"http:\/\/www.kreisfeuerwehrverband-vechta.de\/wp_KFV_2016\/wp-content\/uploads\/platzhalter-mann_200x250-e1495039149898.jpg\" alt=\"\" width=\"100\" height=\"125\"><br \/>\nKreisbrandschutzerzieher<br \/>\n<\/em><\/p>\n<p>&nbsp;<\/p>\n<p>&nbsp;<\/p>\n<p>&nbsp;<\/p>\n<p><img decoding=\"async\" class=\"alignleft wp-image-179 size-full\" src=\"http:\/\/www.kreisfeuerwehrverband-vechta.de\/wp_KFV_2016\/wp-content\/uploads\/platzhalter-mann_200x250-e1495039149898.jpg\" alt=\"\" width=\"100\" height=\"125\">Franken, Dr. Sebastian<br \/>\n<i>Feuerwehrarzt<br \/>\n<\/i><\/p>\n<p>&nbsp;<\/p>\n<p>&nbsp;<\/p>\n<p>&nbsp;<\/p>\n<p>Ostendorf, Dr. Johannes<em><img loading=\"lazy\" decoding=\"async\" class=\"wp-image-179 size-full alignleft\" src=\"http:\/\/www.kreisfeuerwehrverband-vechta.de\/wp_KFV_2016\/wp-content\/uploads\/platzhalter-mann_200x250-e1495039149898.jpg\" alt=\"\" width=\"100\" height=\"125\"><br \/>\nFeuerwehrarzt<br \/>\n<\/em><\/p>\n<p>&nbsp;<\/p>\n<p>&nbsp;<\/p>\n<p>&nbsp;<\/p>\n<p>Lauterfeld, Carsten<img loading=\"lazy\" decoding=\"async\" class=\"wp-image-4914 alignleft\" src=\"http:\/\/www.kreisfeuerwehrverband-vechta.de\/wp_KFV_2016\/wp-content\/uploads\/Lauterfeld.jpg\" alt=\"\" width=\"100\" height=\"125\"><br \/>\n<em>Zugf\u00fchrer IuK-Zug<\/em><\/p>\n<p>&nbsp;<\/p>\n<p>&nbsp;<\/p>\n<p>&nbsp;<\/p>\n<p>Feseck, Arno<img loading=\"lazy\" decoding=\"async\" class=\"alignleft wp-image-8917\" src=\"http:\/\/www.kreisfeuerwehrverband-vechta.de\/wp_KFV_2016\/wp-content\/uploads\/Feseck_Arno.jpg\" alt=\"\" width=\"100\" height=\"125\" srcset=\"https:\/\/www.kreisfeuerwehrverband-vechta.de\/wp_KFV_2016\/wp-content\/uploads\/Feseck_Arno.jpg 400w, https:\/\/www.kreisfeuerwehrverband-vechta.de\/wp_KFV_2016\/wp-content\/uploads\/Feseck_Arno-240x300.jpg 240w\" sizes=\"(max-width: 100px) 100vw, 100px\" \/><br \/>\n<em>Gruppenf\u00fchrer Drohnengruppe<\/em><\/p>\n<p>&nbsp;<\/p>\n<p>&nbsp;<\/p>\n<p>&nbsp;<\/p>\n<p>Deters, Thorsten<em><img loading=\"lazy\" decoding=\"async\" class=\"alignleft wp-image-10099\" src=\"http:\/\/www.kreisfeuerwehrverband-vechta.de\/wp_KFV_2016\/wp-content\/uploads\/2025-05_Deters-Thorsten_1500px-576x720.jpg\" alt=\"\" width=\"100\" height=\"125\" srcset=\"https:\/\/www.kreisfeuerwehrverband-vechta.de\/wp_KFV_2016\/wp-content\/uploads\/2025-05_Deters-Thorsten_1500px-576x720.jpg 576w, https:\/\/www.kreisfeuerwehrverband-vechta.de\/wp_KFV_2016\/wp-content\/uploads\/2025-05_Deters-Thorsten_1500px.jpg 1200w\" sizes=\"(max-width: 100px) 100vw, 100px\" \/><br \/>\nLeiter ELS<\/em><\/p>\n<p>&nbsp;<\/p>\n<p>&nbsp;<\/p>\n<p>&nbsp;<\/p>\n<p>Moorlampe, Andreas<img loading=\"lazy\" decoding=\"async\" class=\"alignleft wp-image-9505\" src=\"http:\/\/www.kreisfeuerwehrverband-vechta.de\/wp_KFV_2016\/wp-content\/uploads\/Moorlampe_Andreas_24-FTZ-576x720.jpg\" alt=\"\" width=\"100\" height=\"125\" srcset=\"https:\/\/www.kreisfeuerwehrverband-vechta.de\/wp_KFV_2016\/wp-content\/uploads\/Moorlampe_Andreas_24-FTZ-576x720.jpg 576w, https:\/\/www.kreisfeuerwehrverband-vechta.de\/wp_KFV_2016\/wp-content\/uploads\/Moorlampe_Andreas_24-FTZ.jpg 600w\" sizes=\"(max-width: 100px) 100vw, 100px\" \/><br \/>\n<em>Leiter FTZ<\/em><\/p>\n<p>&nbsp;<\/p>\n<p>&nbsp;<\/p>\n<p>&nbsp;<\/p>\n<p><img loading=\"lazy\" decoding=\"async\" class=\"alignleft wp-image-178\" src=\"http:\/\/www.kreisfeuerwehrverband-vechta.de\/wp_KFV_2016\/wp-content\/uploads\/platzhalter-bild-frau_200x250.jpg\" alt=\"\" width=\"100\" height=\"125\">H\u00f6nemann, Anja<br \/>\n<em>Kreisstabsf\u00fchrerin<\/em><\/p>\n<p>&nbsp;<\/p>\n<p>&nbsp;<\/p>\n<p>&nbsp;<\/p>\n<p><img loading=\"lazy\" decoding=\"async\" class=\"alignleft wp-image-10497\" src=\"http:\/\/www.kreisfeuerwehrverband-vechta.de\/wp_KFV_2016\/wp-content\/uploads\/Buschemoehle_Bernard.jpg\" alt=\"\" width=\"100\" height=\"125\" srcset=\"https:\/\/www.kreisfeuerwehrverband-vechta.de\/wp_KFV_2016\/wp-content\/uploads\/Buschemoehle_Bernard.jpg 1000w, https:\/\/www.kreisfeuerwehrverband-vechta.de\/wp_KFV_2016\/wp-content\/uploads\/Buschemoehle_Bernard-576x720.jpg 576w\" sizes=\"(max-width: 100px) 100vw, 100px\" \/>Buschem\u00f6hle, Bernard<br \/>\n<em>Fachberater PSNV<\/em><\/p>\n<p>&nbsp;<\/p>\n<p>&nbsp;<\/p>\n<p>&nbsp;<\/p>\n<p>Sieverding, Andreas<img loading=\"lazy\" decoding=\"async\" class=\"wp-image-3227 alignleft\" src=\"http:\/\/www.kreisfeuerwehrverband-vechta.de\/wp_KFV_2016\/wp-content\/uploads\/Sieverding-A..jpg\" width=\"100\" height=\"125\"><br \/>\n<em>Zugf\u00fchrer Gefahrgutzug<\/em><\/p>\n<p>&nbsp;<\/p>\n<p>&nbsp;<\/p>\n<p>&nbsp;<\/p>\n<p>Lindemann, Jens<img loading=\"lazy\" decoding=\"async\" class=\"alignleft wp-image-10105\" src=\"http:\/\/www.kreisfeuerwehrverband-vechta.de\/wp_KFV_2016\/wp-content\/uploads\/2025-05_Lindemann-Jens_1500px-576x720.jpg\" alt=\"\" width=\"100\" height=\"125\" srcset=\"https:\/\/www.kreisfeuerwehrverband-vechta.de\/wp_KFV_2016\/wp-content\/uploads\/2025-05_Lindemann-Jens_1500px-576x720.jpg 576w, https:\/\/www.kreisfeuerwehrverband-vechta.de\/wp_KFV_2016\/wp-content\/uploads\/2025-05_Lindemann-Jens_1500px.jpg 1200w\" sizes=\"(max-width: 100px) 100vw, 100px\" \/><br \/>\n<em>Kreisfeuerwehrpressesprecher<\/em><\/p>\n<p><a href=\"mailto:pressesprecher@kreisfeuerwehr-vechta.de\">[Mail senden]<\/a><\/p>\n<p>&nbsp;<\/p>\n<p>&nbsp;<\/p>\n<p><img loading=\"lazy\" decoding=\"async\" class=\"alignleft wp-image-178\" src=\"http:\/\/www.kreisfeuerwehrverband-vechta.de\/wp_KFV_2016\/wp-content\/uploads\/platzhalter-bild-frau_200x250.jpg\" alt=\"\" width=\"100\" height=\"125\">Pundsack, Carina<br \/>\n<i>Kreisfeuerwehrpressewartin<\/i><\/p>\n<p><a href=\"mailto:pressewart@kreisfeuerwehr-vechta.de\">[Mail senden]<\/a><\/p>\n<p>&nbsp;<\/p>\n<p>&nbsp;<\/p>\n<p><img loading=\"lazy\" decoding=\"async\" class=\"alignleft wp-image-32 size-full\" src=\"http:\/\/www.kreisfeuerwehrverband-vechta.de\/wp_KFV_2016\/wp-content\/uploads\/Logo_LKV_89x100.png\" alt=\"\" width=\"100\" height=\"112\">Leiterin, Mitarbeiter sowie Brandschutzpr\u00fcfer<br \/>\nvom Amt f\u00fcr Ordnung und Stra\u00dfenverkehr<\/p>\n[<a href=\"https:\/\/www.landkreis-vechta.de\/ordnung-und-verkehr\/feuerschutz-rettungswesen.html\" target=\"_blank\" rel=\"noopener\">Link Lk Vechta<\/a>]\n<p>&nbsp;<\/p>\n<p>&nbsp;<\/p>\n<p>&nbsp;<\/p>\n<p>&nbsp;<\/p>\n<p>&nbsp;<\/p>\n<p>&nbsp;<\/p>\n<p>&nbsp;<\/p>\n","protected":false},"excerpt":{"rendered":"<p>Runnebohm, Peter Kreisfeuerwehrbereitschaftsf\u00fchrer &nbsp; &nbsp; &nbsp; Jaksch, Ulrich Kreisausbildungsleiter &nbsp; &nbsp; &nbsp; Kr\u00f6ger, Frank Kreissicherheitsbeauftragter &nbsp; &nbsp; &nbsp; Partmann, Ren\u00e9 Kreisbrandschutzerzieher &nbsp; &nbsp; &nbsp; Franken, Dr. Sebastian Feuerwehrarzt &nbsp; &nbsp; &nbsp; Ostendorf, Dr. Johannes Feuerwehrarzt &nbsp; &nbsp; &nbsp; Lauterfeld, Carsten<\/p>\n","protected":false},"author":1,"featured_media":0,"parent":160,"menu_order":0,"comment_status":"closed","ping_status":"closed","template":"","meta":{"ngg_post_thumbnail":0,"footnotes":""},"class_list":["post-201","page","type-page","status-publish","hentry"],"_links":{"self":[{"href":"https:\/\/www.kreisfeuerwehrverband-vechta.de\/index.php?rest_route=\/wp\/v2\/pages\/201","targetHints":{"allow":["GET"]}}],"collection":[{"href":"https:\/\/www.kreisfeuerwehrverband-vechta.de\/index.php?rest_route=\/wp\/v2\/pages"}],"about":[{"href":"https:\/\/www.kreisfeuerwehrverband-vechta.de\/index.php?rest_route=\/wp\/v2\/types\/page"}],"author":[{"embeddable":true,"href":"https:\/\/www.kreisfeuerwehrverband-vechta.de\/index.php?rest_route=\/wp\/v2\/users\/1"}],"replies":[{"embeddable":true,"href":"https:\/\/www.kreisfeuerwehrverband-vechta.de\/index.php?rest_route=%2Fwp%2Fv2%2Fcomments&post=201"}],"version-history":[{"count":0,"href":"https:\/\/www.kreisfeuerwehrverband-vechta.de\/index.php?rest_route=\/wp\/v2\/pages\/201\/revisions"}],"up":[{"embeddable":true,"href":"https:\/\/www.kreisfeuerwehrverband-vechta.de\/index.php?rest_route=\/wp\/v2\/pages\/160"}],"wp:attachment":[{"href":"https:\/\/www.kreisfeuerwehrverband-vechta.de\/index.php?rest_route=%2Fwp%2Fv2%2Fmedia&parent=201"}],"curies":[{"name":"wp","href":"https:\/\/api.w.org\/{rel}","templated":true}]}}