{"id":2,"date":"2016-02-13T11:03:28","date_gmt":"2016-02-13T10:03:28","guid":{"rendered":"http:\/\/www.kreisfeuerwehrverband-vechta.de\/wp_KFV_2016\/?page_id=2"},"modified":"2024-06-11T11:02:51","modified_gmt":"2024-06-11T09:02:51","slug":"beispiel-seite","status":"publish","type":"page","link":"https:\/\/www.kreisfeuerwehrverband-vechta.de\/?page_id=2","title":{"rendered":"Feuerwehrtechnische Zentrale"},"content":{"rendered":"<figure id=\"attachment_9505\" aria-describedby=\"caption-attachment-9505\" style=\"width: 180px\" class=\"wp-caption alignleft\"><img decoding=\"async\" class=\"wp-image-9505\" src=\"http:\/\/www.kreisfeuerwehrverband-vechta.de\/wp_KFV_2016\/wp-content\/uploads\/Moorlampe_Andreas_24-FTZ.jpg\" alt=\"\" width=\"180\" height=\"225\" srcset=\"https:\/\/www.kreisfeuerwehrverband-vechta.de\/wp_KFV_2016\/wp-content\/uploads\/Moorlampe_Andreas_24-FTZ.jpg 600w, https:\/\/www.kreisfeuerwehrverband-vechta.de\/wp_KFV_2016\/wp-content\/uploads\/Moorlampe_Andreas_24-FTZ-576x720.jpg 576w\" sizes=\"(max-width: 180px) 100vw, 180px\" \/><figcaption id=\"caption-attachment-9505\" class=\"wp-caption-text\">Andreas Moorlampe &#8211; Leiter FTZ<\/figcaption><\/figure>\n<p>Die Einrichtung und Unterhaltung einer FTZ ist eine gesetzliche Pflichtaufgabe des Landkreises. Die FTZ dient u.a. der Unterbringung, Pflege und Pr\u00fcfung von kreiseigenen Fahrzeugen, Ger\u00e4ten und Material sowie zur Durchf\u00fchrung von Ausbildungslehrg\u00e4ngen f\u00fcr die Freiwilligen Feuerwehrleute im Kreisgebiet. Im Einzelnen verf\u00fcgt die FTZ u.a. \u00fcber eine Fahrzeug- und Ger\u00e4tewerkstatt, einer Schlauchpflegeeinrichtung, einem zentralen Schlauchlager, einer Atemschutzwerkstatt, einer Atemschutz\u00fcbungsstrecke, einer Funkwerkstatt sowie \u00fcber Lager- und Arbeitsr\u00e4ume.<br \/>\nDesweiteren sind in der FTZ landkreiseigene Fahrzeuge untergebracht, die im Einsatzfall von der Feuerwehr Vechta bedient werden. Weitere dort gelagerte Ger\u00e4te werden wie z.B. W\u00e4rmebildkamera, Schaummittel werden von den Bediensteten der FTZ ggf. zum Einsatzort gebracht.<\/p>\n<p>Personell werden die o.g. Aufgaben neben dem hauptamtlichen Leiter der FTZ von vier weiteren hauptamtlichen Vollzeitkr\u00e4ften erledigt.<\/p>\n<p>Im Rahmen der Ausbildung werden in der FTZ neben Grundlehrg\u00e4ngen, Maschinistenlehrg\u00e4ngen, Atemschutzger\u00e4tetr\u00e4gerlehrg\u00e4ngen und Sprechfunkerlehrg\u00e4ngen auch Fortbildungen und Weiterbildungen angeboten.<\/p>\n","protected":false},"excerpt":{"rendered":"<p>Die Einrichtung und Unterhaltung einer FTZ ist eine gesetzliche Pflichtaufgabe des Landkreises. Die FTZ dient u.a. der Unterbringung, Pflege und Pr\u00fcfung von kreiseigenen Fahrzeugen, Ger\u00e4ten und Material sowie zur Durchf\u00fchrung von Ausbildungslehrg\u00e4ngen f\u00fcr die Freiwilligen Feuerwehrleute im Kreisgebiet. Im Einzelnen<\/p>\n","protected":false},"author":1,"featured_media":0,"parent":0,"menu_order":0,"comment_status":"closed","ping_status":"open","template":"","meta":{"ngg_post_thumbnail":0,"footnotes":""},"class_list":["post-2","page","type-page","status-publish","hentry"],"_links":{"self":[{"href":"https:\/\/www.kreisfeuerwehrverband-vechta.de\/index.php?rest_route=\/wp\/v2\/pages\/2","targetHints":{"allow":["GET"]}}],"collection":[{"href":"https:\/\/www.kreisfeuerwehrverband-vechta.de\/index.php?rest_route=\/wp\/v2\/pages"}],"about":[{"href":"https:\/\/www.kreisfeuerwehrverband-vechta.de\/index.php?rest_route=\/wp\/v2\/types\/page"}],"author":[{"embeddable":true,"href":"https:\/\/www.kreisfeuerwehrverband-vechta.de\/index.php?rest_route=\/wp\/v2\/users\/1"}],"replies":[{"embeddable":true,"href":"https:\/\/www.kreisfeuerwehrverband-vechta.de\/index.php?rest_route=%2Fwp%2Fv2%2Fcomments&post=2"}],"version-history":[{"count":0,"href":"https:\/\/www.kreisfeuerwehrverband-vechta.de\/index.php?rest_route=\/wp\/v2\/pages\/2\/revisions"}],"wp:attachment":[{"href":"https:\/\/www.kreisfeuerwehrverband-vechta.de\/index.php?rest_route=%2Fwp%2Fv2%2Fmedia&parent=2"}],"curies":[{"name":"wp","href":"https:\/\/api.w.org\/{rel}","templated":true}]}}