{"id":198,"date":"2016-02-19T16:49:02","date_gmt":"2016-02-19T15:49:02","guid":{"rendered":"http:\/\/www.kreisfeuerwehrverband-vechta.de\/?page_id=198"},"modified":"2025-04-02T18:23:16","modified_gmt":"2025-04-02T16:23:16","slug":"kreisausbilder","status":"publish","type":"page","link":"https:\/\/www.kreisfeuerwehrverband-vechta.de\/?page_id=198","title":{"rendered":"Kreisausbilder"},"content":{"rendered":"<h4 style=\"text-align: center;\"><strong><span style=\"text-decoration: underline;\">Modulare Grundlagenausbildung<\/span><\/strong><\/h4>\n<p><img decoding=\"async\" class=\"alignleft wp-image-9700\" src=\"http:\/\/www.kreisfeuerwehrverband-vechta.de\/wp_KFV_2016\/wp-content\/uploads\/Reinke_Joerg_24-TM.jpg\" alt=\"\" width=\"100\" height=\"125\" srcset=\"https:\/\/www.kreisfeuerwehrverband-vechta.de\/wp_KFV_2016\/wp-content\/uploads\/Reinke_Joerg_24-TM.jpg 600w, https:\/\/www.kreisfeuerwehrverband-vechta.de\/wp_KFV_2016\/wp-content\/uploads\/Reinke_Joerg_24-TM-576x720.jpg 576w, https:\/\/www.kreisfeuerwehrverband-vechta.de\/wp_KFV_2016\/wp-content\/uploads\/elementor\/thumbs\/Reinke_Joerg_24-TM-qpybfsp71s6y9sl9rels01nlgjkxdvyk4ro2szglwi.jpg 100w, https:\/\/www.kreisfeuerwehrverband-vechta.de\/wp_KFV_2016\/wp-content\/uploads\/elementor\/thumbs\/Reinke_Joerg_24-TM-qpybfsp89mzizy32rc528wgglcelv462nxmpgmkkp0.jpg 200w, https:\/\/www.kreisfeuerwehrverband-vechta.de\/wp_KFV_2016\/wp-content\/uploads\/elementor\/thumbs\/Reinke_Joerg_24-TM-qpybfsp7npl8j6r1vzoghc6dmh3n9o7czhf7bn30lq.jpg 150w\" sizes=\"(max-width: 100px) 100vw, 100px\" \/><\/p>\n<p>Reinke, J\u00f6rg<br \/>\n<span style=\"font-size: 10pt;\"><em>FF Rechterfeld<\/em><\/span><\/p>\n<p>&nbsp;<\/p>\n<p>&nbsp;<\/p>\n<p>&nbsp;<\/p>\n<p><img decoding=\"async\" class=\"alignleft wp-image-9701\" src=\"http:\/\/www.kreisfeuerwehrverband-vechta.de\/wp_KFV_2016\/wp-content\/uploads\/Harting_Dorthe_24-TM-576x720.jpg\" alt=\"\" width=\"100\" height=\"125\" srcset=\"https:\/\/www.kreisfeuerwehrverband-vechta.de\/wp_KFV_2016\/wp-content\/uploads\/Harting_Dorthe_24-TM-576x720.jpg 576w, https:\/\/www.kreisfeuerwehrverband-vechta.de\/wp_KFV_2016\/wp-content\/uploads\/elementor\/thumbs\/Harting_Dorthe_24-TM-qpybgbhzgeayzdzqu7szv7fli6izjm9zq2gwx6b55a.jpg 150w, https:\/\/www.kreisfeuerwehrverband-vechta.de\/wp_KFV_2016\/wp-content\/uploads\/Harting_Dorthe_24-TM.jpg 600w\" sizes=\"(max-width: 100px) 100vw, 100px\" \/><\/p>\n<p>Harting, Dorthe<br \/>\n<em><span style=\"font-size: 10pt;\">FF L\u00fcsche<\/span><\/em><\/p>\n<p><em>&nbsp;<\/em><\/p>\n<p>&nbsp;<\/p>\n<p>&nbsp;<\/p>\n<p><img decoding=\"async\" class=\"alignleft wp-image-9705\" src=\"http:\/\/www.kreisfeuerwehrverband-vechta.de\/wp_KFV_2016\/wp-content\/uploads\/Wobbeler_Jens_24-TM.jpg\" alt=\"\" width=\"100\" height=\"125\" srcset=\"https:\/\/www.kreisfeuerwehrverband-vechta.de\/wp_KFV_2016\/wp-content\/uploads\/Wobbeler_Jens_24-TM.jpg 600w, https:\/\/www.kreisfeuerwehrverband-vechta.de\/wp_KFV_2016\/wp-content\/uploads\/Wobbeler_Jens_24-TM-576x720.jpg 576w\" sizes=\"(max-width: 100px) 100vw, 100px\" \/><\/p>\n<p>Wobbeler, Jens<br \/>\n<span style=\"font-size: 10pt;\"><em>FF Fladderlohausen<\/em><\/span><\/p>\n<p>&nbsp;<\/p>\n<p>&nbsp;<\/p>\n<p>&nbsp;<\/p>\n<p><img loading=\"lazy\" decoding=\"async\" class=\"alignleft wp-image-9567\" src=\"http:\/\/www.kreisfeuerwehrverband-vechta.de\/wp_KFV_2016\/wp-content\/uploads\/Boeckmann_Sven_24-TM-576x720.jpg\" alt=\"\" width=\"100\" height=\"125\" srcset=\"https:\/\/www.kreisfeuerwehrverband-vechta.de\/wp_KFV_2016\/wp-content\/uploads\/Boeckmann_Sven_24-TM-576x720.jpg 576w, https:\/\/www.kreisfeuerwehrverband-vechta.de\/wp_KFV_2016\/wp-content\/uploads\/Boeckmann_Sven_24-TM.jpg 600w\" sizes=\"(max-width: 100px) 100vw, 100px\" \/><\/p>\n<p>B\u00f6ckmann, Sven<br \/>\n<span style=\"font-size: 10pt;\"><em>FF Brockdorf<\/em><\/span><\/p>\n<p><em>&nbsp;<\/em><\/p>\n<p>&nbsp;<\/p>\n<p>&nbsp;<\/p>\n<p><img loading=\"lazy\" decoding=\"async\" class=\"alignleft wp-image-9568\" src=\"http:\/\/www.kreisfeuerwehrverband-vechta.de\/wp_KFV_2016\/wp-content\/uploads\/Varenau_Jens_24-TM-576x720.jpg\" alt=\"\" width=\"100\" height=\"125\" srcset=\"https:\/\/www.kreisfeuerwehrverband-vechta.de\/wp_KFV_2016\/wp-content\/uploads\/Varenau_Jens_24-TM-576x720.jpg 576w, https:\/\/www.kreisfeuerwehrverband-vechta.de\/wp_KFV_2016\/wp-content\/uploads\/Varenau_Jens_24-TM.jpg 600w\" sizes=\"(max-width: 100px) 100vw, 100px\" \/><\/p>\n<p>Varenau, Jens<br \/>\n<span style=\"font-size: 10pt;\"><em>FF Damme<\/em><\/span><\/p>\n<p>&nbsp;<\/p>\n<p>&nbsp;<\/p>\n<p>&nbsp;<\/p>\n<p><img loading=\"lazy\" decoding=\"async\" class=\"alignleft wp-image-9704\" src=\"http:\/\/www.kreisfeuerwehrverband-vechta.de\/wp_KFV_2016\/wp-content\/uploads\/Ahrling_Michael_24-TM.jpg\" alt=\"\" width=\"100\" height=\"125\" srcset=\"https:\/\/www.kreisfeuerwehrverband-vechta.de\/wp_KFV_2016\/wp-content\/uploads\/Ahrling_Michael_24-TM.jpg 600w, https:\/\/www.kreisfeuerwehrverband-vechta.de\/wp_KFV_2016\/wp-content\/uploads\/Ahrling_Michael_24-TM-576x720.jpg 576w\" sizes=\"(max-width: 100px) 100vw, 100px\" \/><\/p>\n<p>Ahrling, Michael<br \/>\n<span style=\"font-size: 10pt;\"><em>FF Vechta<\/em><\/span><\/p>\n<p><em>&nbsp;<\/em><\/p>\n<p>&nbsp;<\/p>\n<p>&nbsp;<\/p>\n<p><img loading=\"lazy\" decoding=\"async\" class=\"alignleft wp-image-9703\" src=\"http:\/\/www.kreisfeuerwehrverband-vechta.de\/wp_KFV_2016\/wp-content\/uploads\/Jaksch_Ulrich_24-TM.jpg\" alt=\"\" width=\"100\" height=\"125\" srcset=\"https:\/\/www.kreisfeuerwehrverband-vechta.de\/wp_KFV_2016\/wp-content\/uploads\/Jaksch_Ulrich_24-TM.jpg 600w, https:\/\/www.kreisfeuerwehrverband-vechta.de\/wp_KFV_2016\/wp-content\/uploads\/Jaksch_Ulrich_24-TM-576x720.jpg 576w\" sizes=\"(max-width: 100px) 100vw, 100px\" \/><\/p>\n<p>Jaksch, Ulrich<br \/>\n<span style=\"font-size: 10pt;\"><em>FF Vechta<\/em><\/span><\/p>\n<p>&nbsp;<\/p>\n<p>&nbsp;<\/p>\n<p>&nbsp;<\/p>\n<p><img loading=\"lazy\" decoding=\"async\" class=\"alignleft wp-image-179 size-full\" src=\"http:\/\/www.kreisfeuerwehrverband-vechta.de\/wp_KFV_2016\/wp-content\/uploads\/platzhalter-mann_200x250-e1495039149898.jpg\" alt=\"\" width=\"100\" height=\"125\"><\/p>\n<p>Korte, Andreas<br \/>\n<span style=\"font-size: 10pt;\"><em>FF Osterfeine<\/em><\/span><\/p>\n<p><em>&nbsp;<\/em><\/p>\n<p>&nbsp;<\/p>\n<p>&nbsp;<\/p>\n<p><img loading=\"lazy\" decoding=\"async\" class=\"alignleft wp-image-9718\" src=\"http:\/\/www.kreisfeuerwehrverband-vechta.de\/wp_KFV_2016\/wp-content\/uploads\/Taylor_Kris_24-TM.jpg\" alt=\"\" width=\"100\" height=\"125\" srcset=\"https:\/\/www.kreisfeuerwehrverband-vechta.de\/wp_KFV_2016\/wp-content\/uploads\/Taylor_Kris_24-TM.jpg 600w, https:\/\/www.kreisfeuerwehrverband-vechta.de\/wp_KFV_2016\/wp-content\/uploads\/Taylor_Kris_24-TM-576x720.jpg 576w\" sizes=\"(max-width: 100px) 100vw, 100px\" \/><\/p>\n<p>Taylor, Kris<br \/>\n<span style=\"font-size: 10pt;\"><em>FF Steinfeld<\/em><\/span><\/p>\n<p>&nbsp;<\/p>\n<p>&nbsp;<\/p>\n<p>&nbsp;<\/p>\n<p><img loading=\"lazy\" decoding=\"async\" class=\"alignleft wp-image-179 size-full\" src=\"http:\/\/www.kreisfeuerwehrverband-vechta.de\/wp_KFV_2016\/wp-content\/uploads\/platzhalter-mann_200x250-e1495039149898.jpg\" alt=\"\" width=\"100\" height=\"125\"><\/p>\n<p>Germann, Denis<br \/>\n<span style=\"font-size: 10pt;\"><em>FF Dinklage<\/em><\/span><\/p>\n<p><em>&nbsp;<\/em><\/p>\n<p>&nbsp;<\/p>\n<p>&nbsp;<\/p>\n<p><img loading=\"lazy\" decoding=\"async\" class=\"alignleft wp-image-9570\" src=\"http:\/\/www.kreisfeuerwehrverband-vechta.de\/wp_KFV_2016\/wp-content\/uploads\/Reinecke_Friso_24-TM.jpg\" alt=\"\" width=\"100\" height=\"125\" srcset=\"https:\/\/www.kreisfeuerwehrverband-vechta.de\/wp_KFV_2016\/wp-content\/uploads\/Reinecke_Friso_24-TM.jpg 600w, https:\/\/www.kreisfeuerwehrverband-vechta.de\/wp_KFV_2016\/wp-content\/uploads\/Reinecke_Friso_24-TM-576x720.jpg 576w\" sizes=\"(max-width: 100px) 100vw, 100px\" \/><\/p>\n<p>Reinecke, Friso<br \/>\n<span style=\"font-size: 10pt;\"><em>FF Lohne<\/em><\/span><\/p>\n<p>&nbsp;<\/p>\n<p>&nbsp;<\/p>\n<p>&nbsp;<\/p>\n<p><img loading=\"lazy\" decoding=\"async\" class=\"alignleft wp-image-9702\" src=\"http:\/\/www.kreisfeuerwehrverband-vechta.de\/wp_KFV_2016\/wp-content\/uploads\/Rasche_Thorsten_24-TM.jpg\" alt=\"\" width=\"100\" height=\"125\" srcset=\"https:\/\/www.kreisfeuerwehrverband-vechta.de\/wp_KFV_2016\/wp-content\/uploads\/Rasche_Thorsten_24-TM.jpg 600w, https:\/\/www.kreisfeuerwehrverband-vechta.de\/wp_KFV_2016\/wp-content\/uploads\/Rasche_Thorsten_24-TM-576x720.jpg 576w\" sizes=\"(max-width: 100px) 100vw, 100px\" \/><\/p>\n<p>Rasche, Thorsten<br \/>\n<span style=\"font-size: 10pt;\"><em>FF Bakum<\/em><\/span><\/p>\n<p><em>&nbsp;<\/em><\/p>\n<p>&nbsp;<\/p>\n<h4 style=\"text-align: center;\"><span style=\"text-decoration: underline;\"><strong style=\"text-align: center;\">Atemschutzger\u00e4tetr\u00e4gerausbildung<\/strong><\/span><\/h4>\n<p><img loading=\"lazy\" decoding=\"async\" class=\"alignleft wp-image-9499\" src=\"http:\/\/www.kreisfeuerwehrverband-vechta.de\/wp_KFV_2016\/wp-content\/uploads\/Meyer_Matthias_24-AT-576x720.jpg\" alt=\"\" width=\"100\" height=\"125\" srcset=\"https:\/\/www.kreisfeuerwehrverband-vechta.de\/wp_KFV_2016\/wp-content\/uploads\/Meyer_Matthias_24-AT-576x720.jpg 576w, https:\/\/www.kreisfeuerwehrverband-vechta.de\/wp_KFV_2016\/wp-content\/uploads\/Meyer_Matthias_24-AT.jpg 600w\" sizes=\"(max-width: 100px) 100vw, 100px\" \/><\/p>\n<p>Meyer, Matthias<br \/>\n<span style=\"font-size: 10pt;\"><em>FF Lohne<\/em><\/span><\/p>\n<p>&nbsp;<\/p>\n<p>&nbsp;<\/p>\n<p>&nbsp;<\/p>\n<p><img loading=\"lazy\" decoding=\"async\" class=\"alignleft wp-image-9500\" src=\"http:\/\/www.kreisfeuerwehrverband-vechta.de\/wp_KFV_2016\/wp-content\/uploads\/Meyer_Alex_24-AT-576x720.jpg\" alt=\"\" width=\"100\" height=\"125\" srcset=\"https:\/\/www.kreisfeuerwehrverband-vechta.de\/wp_KFV_2016\/wp-content\/uploads\/Meyer_Alex_24-AT-576x720.jpg 576w, https:\/\/www.kreisfeuerwehrverband-vechta.de\/wp_KFV_2016\/wp-content\/uploads\/Meyer_Alex_24-AT.jpg 600w\" sizes=\"(max-width: 100px) 100vw, 100px\" \/><\/p>\n<p>Meyer, Alexander<br \/>\n<span style=\"font-size: 10pt;\"><em>FF Holdorf<\/em><\/span><\/p>\n<p><em>&nbsp;<\/em><\/p>\n<p>&nbsp;<\/p>\n<p>&nbsp;<\/p>\n<p><img loading=\"lazy\" decoding=\"async\" class=\"alignleft wp-image-9501\" src=\"http:\/\/www.kreisfeuerwehrverband-vechta.de\/wp_KFV_2016\/wp-content\/uploads\/Flottemesch_Heinrich_24-AT-576x720.jpg\" alt=\"\" width=\"100\" height=\"125\" srcset=\"https:\/\/www.kreisfeuerwehrverband-vechta.de\/wp_KFV_2016\/wp-content\/uploads\/Flottemesch_Heinrich_24-AT-576x720.jpg 576w, https:\/\/www.kreisfeuerwehrverband-vechta.de\/wp_KFV_2016\/wp-content\/uploads\/Flottemesch_Heinrich_24-AT.jpg 600w\" sizes=\"(max-width: 100px) 100vw, 100px\" \/><\/p>\n<p>Flottemesch, Heinrich<br \/>\n<span style=\"font-size: 10pt;\"><em>FF Vechta<\/em><\/span><\/p>\n<p>&nbsp;<\/p>\n<p>&nbsp;<\/p>\n<p>&nbsp;<\/p>\n<p><img loading=\"lazy\" decoding=\"async\" class=\"alignleft wp-image-10028\" src=\"http:\/\/www.kreisfeuerwehrverband-vechta.de\/wp_KFV_2016\/wp-content\/uploads\/Gruessing_Julian_25-AT.jpg\" alt=\"\" width=\"100\" height=\"125\" srcset=\"https:\/\/www.kreisfeuerwehrverband-vechta.de\/wp_KFV_2016\/wp-content\/uploads\/Gruessing_Julian_25-AT.jpg 600w, https:\/\/www.kreisfeuerwehrverband-vechta.de\/wp_KFV_2016\/wp-content\/uploads\/Gruessing_Julian_25-AT-576x720.jpg 576w\" sizes=\"(max-width: 100px) 100vw, 100px\" \/><\/p>\n<p>Gr\u00fc\u00dfing, Julian<br \/>\n<span style=\"font-size: 10pt;\"><em>FF Rechterfeld<\/em><\/span><\/p>\n<p><em>&nbsp;<\/em><\/p>\n<p>&nbsp;<\/p>\n<p>&nbsp;<\/p>\n<p><img loading=\"lazy\" decoding=\"async\" class=\"alignleft wp-image-9502\" src=\"http:\/\/www.kreisfeuerwehrverband-vechta.de\/wp_KFV_2016\/wp-content\/uploads\/Due_Karl-Heinz_24-AT-SP-576x720.jpg\" alt=\"\" width=\"100\" height=\"125\" srcset=\"https:\/\/www.kreisfeuerwehrverband-vechta.de\/wp_KFV_2016\/wp-content\/uploads\/Due_Karl-Heinz_24-AT-SP-576x720.jpg 576w, https:\/\/www.kreisfeuerwehrverband-vechta.de\/wp_KFV_2016\/wp-content\/uploads\/Due_Karl-Heinz_24-AT-SP.jpg 600w\" sizes=\"(max-width: 100px) 100vw, 100px\" \/><\/p>\n<p>Du\u00e9, Karl-Heinz<br \/>\n<span style=\"font-size: 10pt;\"><em>FF Lohne<\/em><\/span><\/p>\n<p>&nbsp;<\/p>\n<p>&nbsp;<\/p>\n<p>&nbsp;<\/p>\n<p><img loading=\"lazy\" decoding=\"async\" class=\"alignleft wp-image-9497\" src=\"http:\/\/www.kreisfeuerwehrverband-vechta.de\/wp_KFV_2016\/wp-content\/uploads\/Schroeder_Sven_24-AT-576x720.jpg\" alt=\"\" width=\"100\" height=\"125\" srcset=\"https:\/\/www.kreisfeuerwehrverband-vechta.de\/wp_KFV_2016\/wp-content\/uploads\/Schroeder_Sven_24-AT-576x720.jpg 576w, https:\/\/www.kreisfeuerwehrverband-vechta.de\/wp_KFV_2016\/wp-content\/uploads\/Schroeder_Sven_24-AT.jpg 600w\" sizes=\"(max-width: 100px) 100vw, 100px\" \/><\/p>\n<p>Schr\u00f6der, Sven<br \/>\n<span style=\"font-size: 10pt;\"><em>FF Damme<\/em><\/span><\/p>\n<p>&nbsp;<\/p>\n<p>&nbsp;<\/p>\n<p>&nbsp;<\/p>\n<p><img loading=\"lazy\" decoding=\"async\" class=\"alignleft wp-image-9498\" src=\"http:\/\/www.kreisfeuerwehrverband-vechta.de\/wp_KFV_2016\/wp-content\/uploads\/Reinke_Michael_24-AT-576x720.jpg\" alt=\"\" width=\"100\" height=\"125\" srcset=\"https:\/\/www.kreisfeuerwehrverband-vechta.de\/wp_KFV_2016\/wp-content\/uploads\/Reinke_Michael_24-AT-576x720.jpg 576w, https:\/\/www.kreisfeuerwehrverband-vechta.de\/wp_KFV_2016\/wp-content\/uploads\/Reinke_Michael_24-AT.jpg 600w\" sizes=\"(max-width: 100px) 100vw, 100px\" \/><\/p>\n<p>Reinke, Michael<br \/>\n<span style=\"font-size: 10pt;\"><em>FF Lutten<\/em><\/span><\/p>\n<p>&nbsp;<\/p>\n<p>&nbsp;<\/p>\n<h4 style=\"text-align: center;\"><span style=\"text-decoration: underline;\"><strong>Digitalfunkausbildung<\/strong><\/span><\/h4>\n<p><img loading=\"lazy\" decoding=\"async\" class=\"alignleft wp-image-9502\" src=\"http:\/\/www.kreisfeuerwehrverband-vechta.de\/wp_KFV_2016\/wp-content\/uploads\/Due_Karl-Heinz_24-AT-SP.jpg\" alt=\"\" width=\"100\" height=\"125\" srcset=\"https:\/\/www.kreisfeuerwehrverband-vechta.de\/wp_KFV_2016\/wp-content\/uploads\/Due_Karl-Heinz_24-AT-SP.jpg 600w, https:\/\/www.kreisfeuerwehrverband-vechta.de\/wp_KFV_2016\/wp-content\/uploads\/Due_Karl-Heinz_24-AT-SP-576x720.jpg 576w\" sizes=\"(max-width: 100px) 100vw, 100px\" \/><\/p>\n<p>Du\u00e9, Karl-Heinz<br \/>\n<span style=\"font-size: 10pt;\"><em>FF Lohne<\/em><\/span><\/p>\n<p>&nbsp;<\/p>\n<p>&nbsp;<\/p>\n<p>&nbsp;<\/p>\n<p><img loading=\"lazy\" decoding=\"async\" class=\"alignleft wp-image-9573\" src=\"http:\/\/www.kreisfeuerwehrverband-vechta.de\/wp_KFV_2016\/wp-content\/uploads\/Lindemann_Jens_24_SP.jpg\" alt=\"\" width=\"100\" height=\"125\" srcset=\"https:\/\/www.kreisfeuerwehrverband-vechta.de\/wp_KFV_2016\/wp-content\/uploads\/Lindemann_Jens_24_SP.jpg 600w, https:\/\/www.kreisfeuerwehrverband-vechta.de\/wp_KFV_2016\/wp-content\/uploads\/Lindemann_Jens_24_SP-576x720.jpg 576w\" sizes=\"(max-width: 100px) 100vw, 100px\" \/><\/p>\n<p>Lindemann, Jens<br \/>\n<span style=\"font-size: 10pt;\"><em>FF Holdorf<\/em><\/span><\/p>\n<p><em>&nbsp;<\/em><\/p>\n<p>&nbsp;<\/p>\n<p>&nbsp;<\/p>\n<p><img loading=\"lazy\" decoding=\"async\" class=\"alignleft wp-image-10025\" src=\"http:\/\/www.kreisfeuerwehrverband-vechta.de\/wp_KFV_2016\/wp-content\/uploads\/Schlueter_Chris_25_SP.jpg\" alt=\"\" width=\"100\" height=\"125\" srcset=\"https:\/\/www.kreisfeuerwehrverband-vechta.de\/wp_KFV_2016\/wp-content\/uploads\/Schlueter_Chris_25_SP.jpg 600w, https:\/\/www.kreisfeuerwehrverband-vechta.de\/wp_KFV_2016\/wp-content\/uploads\/Schlueter_Chris_25_SP-576x720.jpg 576w\" sizes=\"(max-width: 100px) 100vw, 100px\" \/><\/p>\n<p>Schl\u00fcter, Chris<br \/>\n<span style=\"font-size: 10pt;\"><em>FF Dinklage<\/em><\/span><\/p>\n<p>&nbsp;<\/p>\n<p>&nbsp;<\/p>\n<h4 style=\"text-align: center;\"><span style=\"text-decoration: underline;\"><strong>Maschinistenausbildung<\/strong><\/span><\/h4>\n<p><img loading=\"lazy\" decoding=\"async\" class=\"alignleft wp-image-9886\" src=\"http:\/\/www.kreisfeuerwehrverband-vechta.de\/wp_KFV_2016\/wp-content\/uploads\/Wilke_Andre_24-MA-576x720.jpg\" alt=\"\" width=\"100\" height=\"125\" srcset=\"https:\/\/www.kreisfeuerwehrverband-vechta.de\/wp_KFV_2016\/wp-content\/uploads\/Wilke_Andre_24-MA-576x720.jpg 576w, https:\/\/www.kreisfeuerwehrverband-vechta.de\/wp_KFV_2016\/wp-content\/uploads\/Wilke_Andre_24-MA.jpg 600w\" sizes=\"(max-width: 100px) 100vw, 100px\" \/><\/p>\n<p>Wilke, Andre<br \/>\n<span style=\"font-size: 10pt;\"><em>FF Brockdorf<\/em><\/span><\/p>\n<p>&nbsp;<\/p>\n<p>&nbsp;<\/p>\n<p>&nbsp;<\/p>\n<p><img loading=\"lazy\" decoding=\"async\" class=\"alignleft wp-image-9883\" src=\"http:\/\/www.kreisfeuerwehrverband-vechta.de\/wp_KFV_2016\/wp-content\/uploads\/Harting_Andreas_24-MA-576x720.jpg\" alt=\"\" width=\"100\" height=\"125\" srcset=\"https:\/\/www.kreisfeuerwehrverband-vechta.de\/wp_KFV_2016\/wp-content\/uploads\/Harting_Andreas_24-MA-576x720.jpg 576w, https:\/\/www.kreisfeuerwehrverband-vechta.de\/wp_KFV_2016\/wp-content\/uploads\/Harting_Andreas_24-MA.jpg 600w\" sizes=\"(max-width: 100px) 100vw, 100px\" \/><\/p>\n<p>Harting, Andreas<br \/>\n<span style=\"font-size: 10pt;\"><em>FF L\u00fcsche<\/em><\/span><\/p>\n<p><em>&nbsp;<\/em><\/p>\n<p>&nbsp;<\/p>\n<p>&nbsp;<\/p>\n<p><img loading=\"lazy\" decoding=\"async\" class=\"alignleft wp-image-9884\" src=\"http:\/\/www.kreisfeuerwehrverband-vechta.de\/wp_KFV_2016\/wp-content\/uploads\/Heseding_Thorsten_24-MA-576x720.jpg\" alt=\"\" width=\"100\" height=\"125\" srcset=\"https:\/\/www.kreisfeuerwehrverband-vechta.de\/wp_KFV_2016\/wp-content\/uploads\/Heseding_Thorsten_24-MA-576x720.jpg 576w, https:\/\/www.kreisfeuerwehrverband-vechta.de\/wp_KFV_2016\/wp-content\/uploads\/Heseding_Thorsten_24-MA.jpg 600w\" sizes=\"(max-width: 100px) 100vw, 100px\" \/><\/p>\n<p>Heseding, Thorsten<br \/>\n<span style=\"font-size: 10pt;\"><em>FF Lohne<\/em><\/span><\/p>\n<p>&nbsp;<\/p>\n<p>&nbsp;<\/p>\n<p>&nbsp;<\/p>\n<p><img loading=\"lazy\" decoding=\"async\" class=\"alignleft wp-image-10042\" src=\"http:\/\/www.kreisfeuerwehrverband-vechta.de\/wp_KFV_2016\/wp-content\/uploads\/Sieverding_Stephan_25-MA.jpg\" alt=\"\" width=\"100\" height=\"125\" srcset=\"https:\/\/www.kreisfeuerwehrverband-vechta.de\/wp_KFV_2016\/wp-content\/uploads\/Sieverding_Stephan_25-MA.jpg 600w, https:\/\/www.kreisfeuerwehrverband-vechta.de\/wp_KFV_2016\/wp-content\/uploads\/Sieverding_Stephan_25-MA-576x720.jpg 576w\" sizes=\"(max-width: 100px) 100vw, 100px\" \/><\/p>\n<p>Sieverding, Stephan<br \/>\n<em><span style=\"font-size: 10pt;\">FF Lohne<\/span><br \/>\n<\/em><\/p>\n<p><em>&nbsp;<\/em><\/p>\n<p>&nbsp;<\/p>\n<p>&nbsp;<\/p>\n<p><img loading=\"lazy\" decoding=\"async\" class=\"alignleft wp-image-9882\" src=\"http:\/\/www.kreisfeuerwehrverband-vechta.de\/wp_KFV_2016\/wp-content\/uploads\/Franz_Juergen_24-MA-576x720.jpg\" alt=\"\" width=\"100\" height=\"125\" srcset=\"https:\/\/www.kreisfeuerwehrverband-vechta.de\/wp_KFV_2016\/wp-content\/uploads\/Franz_Juergen_24-MA-576x720.jpg 576w, https:\/\/www.kreisfeuerwehrverband-vechta.de\/wp_KFV_2016\/wp-content\/uploads\/Franz_Juergen_24-MA.jpg 600w\" sizes=\"(max-width: 100px) 100vw, 100px\" \/><\/p>\n<p>Franz, J\u00fcrgen<br \/>\n<span style=\"font-size: 10pt;\"><em>FF Damme<\/em><\/span><\/p>\n<p>&nbsp;<\/p>\n<p>&nbsp;<\/p>\n<p>&nbsp;<\/p>\n<p><img loading=\"lazy\" decoding=\"async\" class=\"alignleft wp-image-10041\" src=\"http:\/\/www.kreisfeuerwehrverband-vechta.de\/wp_KFV_2016\/wp-content\/uploads\/Meyer_Marcel_25-MA.jpg\" alt=\"\" width=\"100\" height=\"125\" srcset=\"https:\/\/www.kreisfeuerwehrverband-vechta.de\/wp_KFV_2016\/wp-content\/uploads\/Meyer_Marcel_25-MA.jpg 600w, https:\/\/www.kreisfeuerwehrverband-vechta.de\/wp_KFV_2016\/wp-content\/uploads\/Meyer_Marcel_25-MA-576x720.jpg 576w\" sizes=\"(max-width: 100px) 100vw, 100px\" \/><\/p>\n<p>Meyer, Marcel<br \/>\n<span style=\"font-size: 10pt;\"><em>FF Damme<\/em><\/span><\/p>\n<p><em>&nbsp;<\/em><\/p>\n<p>&nbsp;<\/p>\n<p>&nbsp;<\/p>\n<p><img loading=\"lazy\" decoding=\"async\" class=\"alignleft wp-image-9885\" src=\"http:\/\/www.kreisfeuerwehrverband-vechta.de\/wp_KFV_2016\/wp-content\/uploads\/Simmert_Tobias_24-MA-576x720.jpg\" alt=\"\" width=\"100\" height=\"125\" srcset=\"https:\/\/www.kreisfeuerwehrverband-vechta.de\/wp_KFV_2016\/wp-content\/uploads\/Simmert_Tobias_24-MA-576x720.jpg 576w, https:\/\/www.kreisfeuerwehrverband-vechta.de\/wp_KFV_2016\/wp-content\/uploads\/Simmert_Tobias_24-MA.jpg 600w\" sizes=\"(max-width: 100px) 100vw, 100px\" \/><\/p>\n<p>Simmert, Tobias<br \/>\n<span style=\"font-size: 10pt;\"><em>FF Brockdorf<\/em><\/span><\/p>\n<p>&nbsp;<\/p>\n<p>&nbsp;<\/p>\n<p>&nbsp;<\/p>\n","protected":false},"excerpt":{"rendered":"<p>Modulare Grundlagenausbildung Reinke, J\u00f6rg FF Rechterfeld &nbsp; &nbsp; &nbsp; Harting, Dorthe FF L\u00fcsche &nbsp; &nbsp; &nbsp; Wobbeler, Jens FF Fladderlohausen &nbsp; &nbsp; &nbsp; B\u00f6ckmann, Sven FF Brockdorf &nbsp; &nbsp; &nbsp; Varenau, Jens FF Damme &nbsp; &nbsp; &nbsp; Ahrling, Michael FF<\/p>\n","protected":false},"author":1,"featured_media":0,"parent":194,"menu_order":0,"comment_status":"closed","ping_status":"closed","template":"","meta":{"ngg_post_thumbnail":0,"footnotes":""},"class_list":["post-198","page","type-page","status-publish","hentry"],"_links":{"self":[{"href":"https:\/\/www.kreisfeuerwehrverband-vechta.de\/index.php?rest_route=\/wp\/v2\/pages\/198","targetHints":{"allow":["GET"]}}],"collection":[{"href":"https:\/\/www.kreisfeuerwehrverband-vechta.de\/index.php?rest_route=\/wp\/v2\/pages"}],"about":[{"href":"https:\/\/www.kreisfeuerwehrverband-vechta.de\/index.php?rest_route=\/wp\/v2\/types\/page"}],"author":[{"embeddable":true,"href":"https:\/\/www.kreisfeuerwehrverband-vechta.de\/index.php?rest_route=\/wp\/v2\/users\/1"}],"replies":[{"embeddable":true,"href":"https:\/\/www.kreisfeuerwehrverband-vechta.de\/index.php?rest_route=%2Fwp%2Fv2%2Fcomments&post=198"}],"version-history":[{"count":0,"href":"https:\/\/www.kreisfeuerwehrverband-vechta.de\/index.php?rest_route=\/wp\/v2\/pages\/198\/revisions"}],"up":[{"embeddable":true,"href":"https:\/\/www.kreisfeuerwehrverband-vechta.de\/index.php?rest_route=\/wp\/v2\/pages\/194"}],"wp:attachment":[{"href":"https:\/\/www.kreisfeuerwehrverband-vechta.de\/index.php?rest_route=%2Fwp%2Fv2%2Fmedia&parent=198"}],"curies":[{"name":"wp","href":"https:\/\/api.w.org\/{rel}","templated":true}]}}