{"id":194,"date":"2016-02-19T16:44:18","date_gmt":"2016-02-19T15:44:18","guid":{"rendered":"http:\/\/www.kreisfeuerwehrverband-vechta.de\/?page_id=194"},"modified":"2025-04-10T21:33:54","modified_gmt":"2025-04-10T19:33:54","slug":"ausbildung","status":"publish","type":"page","link":"https:\/\/www.kreisfeuerwehrverband-vechta.de\/?page_id=194","title":{"rendered":"Ausbildung"},"content":{"rendered":"<p><img decoding=\"async\" class=\"alignleft wp-image-9688\" src=\"http:\/\/www.kreisfeuerwehrverband-vechta.de\/wp_KFV_2016\/wp-content\/uploads\/Jaksch_Ulrich_24-KAL.jpg\" alt=\"\" width=\"120\" height=\"150\" srcset=\"https:\/\/www.kreisfeuerwehrverband-vechta.de\/wp_KFV_2016\/wp-content\/uploads\/Jaksch_Ulrich_24-KAL.jpg 600w, https:\/\/www.kreisfeuerwehrverband-vechta.de\/wp_KFV_2016\/wp-content\/uploads\/Jaksch_Ulrich_24-KAL-576x720.jpg 576w\" sizes=\"(max-width: 120px) 100vw, 120px\" \/><\/p>\n<p>&nbsp;<\/p>\n<p><strong><span style=\"font-family: georgia, palatino, serif;\">Jaksch, Ulrich<\/span><\/strong> <br \/>\n<span style=\"font-size: 10pt; font-family: georgia, palatino, serif;\"><em>Kreisausbildungsleiter<\/em><\/span><\/p>\n<p>&nbsp;<\/p>\n<p>&nbsp;<\/p>\n<p><img decoding=\"async\" class=\"alignleft wp-image-8446\" style=\"font-family: Georgia, 'Times New Roman', 'Bitstream Charter', Times, serif; white-space: normal;\" src=\"http:\/\/www.kreisfeuerwehrverband-vechta.de\/wp_KFV_2016\/wp-content\/uploads\/Reinke_Joerg_150px.jpg\" alt=\"\" width=\"120\" height=\"150\"><\/p>\n<p>&nbsp;<\/p>\n<p><strong><span style=\"font-family: georgia, palatino, serif;\">Reinke, J\u00f6rg<\/span><\/strong> <br \/>\n<span style=\"font-size: 10pt; font-family: georgia, palatino, serif;\"><em>stv.Kreisausbildungsleiter<\/em><\/span><\/p>\n<p>&nbsp;<\/p>\n<p>&nbsp;<\/p>\n<p>Die Durchf\u00fchrung von Ausbildungslehrg\u00e4ngen ist nach dem Nds. Brandschutzgesetz eine Pflichtaufgabe des Landkreises, die dieser wiederum im Rahmen einer entsprechenden Vereinbarung dem Kreisfeuerwehrverband \u00fcbertragen hat.<\/p>\n<p>Dazu werden diverse feuerwehrtechnische Lehrg\u00e4nge sowie Weiterbildungen und Seminare angeboten.<\/p>\n<p>Die Lehrg\u00e4nge und Weiterbildungen werden von speziell geschulten ehrenamtlichen Kreisausbildern durchgef\u00fchrt. Das Ausbilderteam besteht aus dem Kreisausbildungsleiter Ulrich Jaksch (FF Vechta), dem stv. Kreisausbildungsleiter J\u00f6rg Reinke (FF Rechterfeld) sowie 27 weiteren Kreisausbilderinnen und Kreisausbildern.<\/p>\n<p>&nbsp;<\/p>\n","protected":false},"excerpt":{"rendered":"<p>&nbsp; Jaksch, Ulrich Kreisausbildungsleiter &nbsp; &nbsp; &nbsp; Reinke, J\u00f6rg stv.Kreisausbildungsleiter &nbsp; &nbsp; Die Durchf\u00fchrung von Ausbildungslehrg\u00e4ngen ist nach dem Nds. Brandschutzgesetz eine Pflichtaufgabe des Landkreises, die dieser wiederum im Rahmen einer entsprechenden Vereinbarung dem Kreisfeuerwehrverband \u00fcbertragen hat. Dazu werden diverse<\/p>\n","protected":false},"author":1,"featured_media":0,"parent":0,"menu_order":0,"comment_status":"closed","ping_status":"closed","template":"","meta":{"ngg_post_thumbnail":0,"footnotes":""},"class_list":["post-194","page","type-page","status-publish","hentry"],"_links":{"self":[{"href":"https:\/\/www.kreisfeuerwehrverband-vechta.de\/index.php?rest_route=\/wp\/v2\/pages\/194","targetHints":{"allow":["GET"]}}],"collection":[{"href":"https:\/\/www.kreisfeuerwehrverband-vechta.de\/index.php?rest_route=\/wp\/v2\/pages"}],"about":[{"href":"https:\/\/www.kreisfeuerwehrverband-vechta.de\/index.php?rest_route=\/wp\/v2\/types\/page"}],"author":[{"embeddable":true,"href":"https:\/\/www.kreisfeuerwehrverband-vechta.de\/index.php?rest_route=\/wp\/v2\/users\/1"}],"replies":[{"embeddable":true,"href":"https:\/\/www.kreisfeuerwehrverband-vechta.de\/index.php?rest_route=%2Fwp%2Fv2%2Fcomments&post=194"}],"version-history":[{"count":0,"href":"https:\/\/www.kreisfeuerwehrverband-vechta.de\/index.php?rest_route=\/wp\/v2\/pages\/194\/revisions"}],"wp:attachment":[{"href":"https:\/\/www.kreisfeuerwehrverband-vechta.de\/index.php?rest_route=%2Fwp%2Fv2%2Fmedia&parent=194"}],"curies":[{"name":"wp","href":"https:\/\/api.w.org\/{rel}","templated":true}]}}