{"id":158,"date":"2016-02-19T15:34:00","date_gmt":"2016-02-19T14:34:00","guid":{"rendered":"http:\/\/www.kreisfeuerwehrverband-vechta.de\/?page_id=158"},"modified":"2017-07-14T09:56:22","modified_gmt":"2017-07-14T07:56:22","slug":"gefahrgutzug-2","status":"publish","type":"page","link":"https:\/\/www.kreisfeuerwehrverband-vechta.de\/?page_id=158","title":{"rendered":"Gefahrgut- und R\u00fcstzug"},"content":{"rendered":"<figure id=\"attachment_3227\" aria-describedby=\"caption-attachment-3227\" style=\"width: 200px\" class=\"wp-caption alignleft\"><img fetchpriority=\"high\" decoding=\"async\" class=\"wp-image-3227 size-full\" src=\"http:\/\/www.kreisfeuerwehrverband-vechta.de\/wp_KFV_2016\/wp-content\/uploads\/Sieverding-A..jpg\" width=\"200\" height=\"250\" \/><figcaption id=\"caption-attachment-3227\" class=\"wp-caption-text\">Andreas Sieverding Zugf\u00fchrer Gefahrgutzug<\/figcaption><\/figure>\n<p>Der Grundstein f\u00fcr den heutigen Gefahrgut- und R\u00fcstzug des Landkreises Vechta wurde im Sommer 1991 gelegt. Durch die Initiative des damaligen Kreisbrandmeister G\u00fcnter S\u00fcdbeck wurde der Abrollbeh\u00e4lter Gefahrgut (AB-GefGut) und ein entsprechendes Wechselladerfahrzeug (WLF) beschafft. Das Personal f\u00fcr den Gefahrgutzug wurde bis 2002 durch die Freiwillige Feuerwehr Vechta gestellt. In Jahr 2003 wurde das Personal des Zuges durch eine Gruppe der Freiwilligen Feuerwehr Langf\u00f6rden erweitert.<\/p>\n<p>Mit seinem Konzept f\u00fcr den \u201eEinsatz der Feuerwehr im Landkreis Vechta\u201c vom August 2005 hat der Landkreis Vechta die Neuorganisation des Gefahrgut- und R\u00fcstzug des Landkreis Vechta vorgestellt. Die Umsetzung dieses Konzeptes erfolgte im Januar 2006 mit dem ersten Zusammentreffen des so neu zusammengestellten Gefahrgut- und R\u00fcstzug. Im Sommer 2009 wurde der Gefahrgut- und R\u00fcstzug auf Grund der gesammelten Erfahrungen durch eine weitere Gruppe der Feuerwehr Bakum verst\u00e4rkt.<\/p>\n<p>Der Gefahrgut- und R\u00fcstzug des Landkreis Vechta setzt sich heute aus f\u00fcnf Gruppen der Ortsfeuerwehren Bakum, Dinklage, Langf\u00f6rden, Lohne und Vechta zusammen. Jede Ortsfeuerwehr stellt mindestens jeweils eine Mannschaft in Gruppenst\u00e4rke (1\/8) zur Verf\u00fcgung (siehe auch Organigramm). Den einzelnen Gruppen wurden folgende Hauptaufgabenbereich zugeteilt:<\/p>\n<ul>\n<li>Feuerwehr Bakum Bereich Personal<\/li>\n<li>Feuerwehr Dinklage Bereich Messen<\/li>\n<li>Feuerwehr Langf\u00f6rden Bereich CSA-Einsatz<\/li>\n<li>Feuerwehr Lohne Bereich Dekontamination<\/li>\n<li>Feuerwehr Vechta Bereich Einsatz<\/li>\n<\/ul>\n<p>Die Ausbildung des Gefahrgut- und R\u00fcstzuges findet an jedem vierten Dienstag im Monat statt. An diesen Ausbildungsabenden trifft sich der gesamte Zug in den Standorten der beteiligten Ortsfeuerwehren.<\/p>\n<p>Weiterhin werden zus\u00e4tzliche Gruppenf\u00fchrerweiterbildungen durchgef\u00fchrt, in den speziellen Themen f\u00fcr die Gruppenf\u00fchrer des Gefahrgut- und R\u00fcstzug thematisiert werden.<\/p>\n<p>Im Einsatzfall wird der Gefahrgut- und R\u00fcstzug durch die Feuerwehr Einsatzleitstelle in Vechta \u00fcber Funkmeldeempf\u00e4nger alarmiert. Die Messgruppe Dinklage mit dem GW-Mess und die R\u00fcstgruppe Vechta mit dem AB-R\u00fcst k\u00f6nnen unabh\u00e4ngig vom Zug einzeln alarmiert werden, wenn dieses im Rahmen eines Schadensereignisses erforderlich sein sollte.<\/p>\n<figure id=\"attachment_4906\" aria-describedby=\"caption-attachment-4906\" style=\"width: 750px\" class=\"wp-caption aligncenter\"><a href=\"http:\/\/www.kreisfeuerwehrverband-vechta.de\/wp_KFV_2016\/wp-content\/uploads\/GefZug2017_1400x500.jpg\"><img decoding=\"async\" class=\"wp-image-4906 size-large\" src=\"http:\/\/www.kreisfeuerwehrverband-vechta.de\/wp_KFV_2016\/wp-content\/uploads\/GefZug2017_1400x500-1024x366.jpg\" alt=\"\" width=\"750\" height=\"268\" srcset=\"https:\/\/www.kreisfeuerwehrverband-vechta.de\/wp_KFV_2016\/wp-content\/uploads\/GefZug2017_1400x500-1024x366.jpg 1024w, https:\/\/www.kreisfeuerwehrverband-vechta.de\/wp_KFV_2016\/wp-content\/uploads\/GefZug2017_1400x500-300x107.jpg 300w, https:\/\/www.kreisfeuerwehrverband-vechta.de\/wp_KFV_2016\/wp-content\/uploads\/GefZug2017_1400x500.jpg 1400w\" sizes=\"(max-width: 750px) 100vw, 750px\" \/><\/a><figcaption id=\"caption-attachment-4906\" class=\"wp-caption-text\">Gefahrgutzug 2017<\/figcaption><\/figure>\n","protected":false},"excerpt":{"rendered":"<p>Der Grundstein f\u00fcr den heutigen Gefahrgut- und R\u00fcstzug des Landkreises Vechta wurde im Sommer 1991 gelegt. Durch die Initiative des damaligen Kreisbrandmeister G\u00fcnter S\u00fcdbeck wurde der Abrollbeh\u00e4lter Gefahrgut (AB-GefGut) und ein entsprechendes Wechselladerfahrzeug (WLF) beschafft. Das Personal f\u00fcr den Gefahrgutzug<\/p>\n","protected":false},"author":1,"featured_media":0,"parent":0,"menu_order":0,"comment_status":"closed","ping_status":"closed","template":"","meta":{"ngg_post_thumbnail":0,"footnotes":""},"class_list":["post-158","page","type-page","status-publish","hentry"],"_links":{"self":[{"href":"https:\/\/www.kreisfeuerwehrverband-vechta.de\/index.php?rest_route=\/wp\/v2\/pages\/158","targetHints":{"allow":["GET"]}}],"collection":[{"href":"https:\/\/www.kreisfeuerwehrverband-vechta.de\/index.php?rest_route=\/wp\/v2\/pages"}],"about":[{"href":"https:\/\/www.kreisfeuerwehrverband-vechta.de\/index.php?rest_route=\/wp\/v2\/types\/page"}],"author":[{"embeddable":true,"href":"https:\/\/www.kreisfeuerwehrverband-vechta.de\/index.php?rest_route=\/wp\/v2\/users\/1"}],"replies":[{"embeddable":true,"href":"https:\/\/www.kreisfeuerwehrverband-vechta.de\/index.php?rest_route=%2Fwp%2Fv2%2Fcomments&post=158"}],"version-history":[{"count":0,"href":"https:\/\/www.kreisfeuerwehrverband-vechta.de\/index.php?rest_route=\/wp\/v2\/pages\/158\/revisions"}],"wp:attachment":[{"href":"https:\/\/www.kreisfeuerwehrverband-vechta.de\/index.php?rest_route=%2Fwp%2Fv2%2Fmedia&parent=158"}],"curies":[{"name":"wp","href":"https:\/\/api.w.org\/{rel}","templated":true}]}}