{"id":154,"date":"2016-02-19T15:33:11","date_gmt":"2016-02-19T14:33:11","guid":{"rendered":"http:\/\/www.kreisfeuerwehrverband-vechta.de\/?page_id=154"},"modified":"2025-04-10T21:49:01","modified_gmt":"2025-04-10T19:49:01","slug":"kreisjugendfeuerwehr","status":"publish","type":"page","link":"https:\/\/www.kreisfeuerwehrverband-vechta.de\/?page_id=154","title":{"rendered":"Kreisjugendfeuerwehr"},"content":{"rendered":"<p><img fetchpriority=\"high\" decoding=\"async\" class=\"wp-image-9784  alignleft\" src=\"http:\/\/www.kreisfeuerwehrverband-vechta.de\/wp_KFV_2016\/wp-content\/uploads\/03608149-55c6-4f6b-8470-eb8b3b767ee0-e1726666582342-587x720.jpg\" alt=\"\" width=\"245\" height=\"300\" srcset=\"https:\/\/www.kreisfeuerwehrverband-vechta.de\/wp_KFV_2016\/wp-content\/uploads\/03608149-55c6-4f6b-8470-eb8b3b767ee0-e1726666582342-587x720.jpg 587w, https:\/\/www.kreisfeuerwehrverband-vechta.de\/wp_KFV_2016\/wp-content\/uploads\/03608149-55c6-4f6b-8470-eb8b3b767ee0-e1726666582342.jpg 1171w\" sizes=\"(max-width: 245px) 100vw, 245px\" \/><\/p>\n<p>Die Kreisjugendfeuerwehr Vechta besteht aus insgesamt 19 Jugendfeuerwehren, in denen zur Zeit ca. 350 M\u00e4dchen und Jungen aktiv sind. Sie werden von zahlreichen Jugendfeuerwehrwarten und Betreuern in den einzelnen Jugendfeuerwehren ausgebildet. An der Spitze steht Kreisjugendfeuerwehrwartin Alexandra Runnebohm (Foto) mit ihrem Team.<\/p>\n<p>Die Jugendfeuerwehren sorgen f\u00fcr den Nachwuchs in den Feuerwehren. Im Alter von 10-17 Jahren verbringen die Jugendlichen viel Zeit bei der Jugendfeuerwehr. Dabei ist nicht immer nur die Feuerwehr an sich ein gro\u00dfes Thema, es werden auch viele Veranstaltungen und Fahrten veranstaltet. Das allj\u00e4hrliche Pfingstzeltlager, welches von Freitag bis Dienstag stattfindet, ist f\u00fcr alle Jugendlichen und auch Betreuer das Highlight in jedem Jahr. Gro\u00dfer Zusammenhalt, viele Spiele, Spa\u00df und jede Menge neue Bekanntschaften sind nur ein paar Gr\u00fcnde, warum sich alle Teilnehmer auf das Pfingstzeltlager freuen.<\/p>\n<p>Des Weiteren findet jedes Jahr die Winterveranstaltung statt. Bei dieser Veranstaltung messen sich die Jugendfeuerwehren mal in einem Orientierungsmarsch, mal in einer Sporthalle mit vielen Spielen, mal auf einem Fu\u00dfballplatz. Die jeweiligen ausrichtenden Jugendfeuerwehren sind dabei immer sehr kreativ.<\/p>\n<p>Im Jahr 2014 war ein besonderes Highlight. Man fuhr gemeinsam mit dem Unternehmen Hans H\u00f6ffmann nach Rom. Diese Fahrt bleibt bei allen Teilnehmern noch lange in Erinnerung. Herrliches Wetter, dem Papst ganz nah, eine riesige Schaumparty&#8230; ein einmaliges tolles Erlebnis, welches in einigen Jahren vielleicht wiederholt wird.<\/p>\n<p>Die Kreisjugendfeuerwehr veranstaltet also einige Aktionen. Doch nicht nur die Kreisjugendfeuerwehr, sondern auch die jeweiligen Jugendfeuerwehren lassen sich viele tolle Sachen einfallen. Auf den einzelnen Seiten der Jugendfeuerwehren k\u00f6nnt ihr euch informieren und vielleicht auch mit eurer Jugendfeuerwehr vor Ort in Kontakt treten. \u00dcber neue Mitglieder freuen wir uns immer. Traut euch, seid dabei!<\/p>\n","protected":false},"excerpt":{"rendered":"<p>Die Kreisjugendfeuerwehr Vechta besteht aus insgesamt 19 Jugendfeuerwehren, in denen zur Zeit ca. 350 M\u00e4dchen und Jungen aktiv sind. Sie werden von zahlreichen Jugendfeuerwehrwarten und Betreuern in den einzelnen Jugendfeuerwehren ausgebildet. An der Spitze steht Kreisjugendfeuerwehrwartin Alexandra Runnebohm (Foto) mit<\/p>\n","protected":false},"author":1,"featured_media":0,"parent":0,"menu_order":0,"comment_status":"closed","ping_status":"closed","template":"","meta":{"ngg_post_thumbnail":0,"footnotes":""},"class_list":["post-154","page","type-page","status-publish","hentry"],"_links":{"self":[{"href":"https:\/\/www.kreisfeuerwehrverband-vechta.de\/index.php?rest_route=\/wp\/v2\/pages\/154","targetHints":{"allow":["GET"]}}],"collection":[{"href":"https:\/\/www.kreisfeuerwehrverband-vechta.de\/index.php?rest_route=\/wp\/v2\/pages"}],"about":[{"href":"https:\/\/www.kreisfeuerwehrverband-vechta.de\/index.php?rest_route=\/wp\/v2\/types\/page"}],"author":[{"embeddable":true,"href":"https:\/\/www.kreisfeuerwehrverband-vechta.de\/index.php?rest_route=\/wp\/v2\/users\/1"}],"replies":[{"embeddable":true,"href":"https:\/\/www.kreisfeuerwehrverband-vechta.de\/index.php?rest_route=%2Fwp%2Fv2%2Fcomments&post=154"}],"version-history":[{"count":0,"href":"https:\/\/www.kreisfeuerwehrverband-vechta.de\/index.php?rest_route=\/wp\/v2\/pages\/154\/revisions"}],"wp:attachment":[{"href":"https:\/\/www.kreisfeuerwehrverband-vechta.de\/index.php?rest_route=%2Fwp%2Fv2%2Fmedia&parent=154"}],"curies":[{"name":"wp","href":"https:\/\/api.w.org\/{rel}","templated":true}]}}