{"id":1125,"date":"2016-03-20T11:59:14","date_gmt":"2016-03-20T10:59:14","guid":{"rendered":"http:\/\/www.kreisfeuerwehrverband-vechta.de\/?page_id=1125"},"modified":"2024-11-29T16:33:57","modified_gmt":"2024-11-29T15:33:57","slug":"feuerwehren","status":"publish","type":"page","link":"https:\/\/www.kreisfeuerwehrverband-vechta.de\/?page_id=1125","title":{"rendered":"Feuerwehren"},"content":{"rendered":"<p>Ansprechpartner und&nbsp;weitere Informationen&nbsp;zu den einzelnen Feuerwehren k\u00f6nnen&nbsp;\u00fcber die nachfolgenden Links aufgerufen werden.<\/p>\n<p>&nbsp;<\/p>\n<h3>Gemeinde Bakum<\/h3>\n<p><img decoding=\"async\" class=\"alignleft wp-image-1036\" src=\"http:\/\/www.kreisfeuerwehrverband-vechta.de\/wp_KFV_2016\/wp-content\/uploads\/Wappen_Bakum.png\" alt=\"Wappen_Bakum\" width=\"60\" height=\"65\"><a class=\"LinkFarbe\" href=\"http:\/\/www.kreisfeuerwehrverband-vechta.de\/?page_id=1854\">Feuerwehr Bakum<\/a><br \/>\n<a class=\"LinkFarbe\" href=\"http:\/\/www.kreisfeuerwehrverband-vechta.de\/?page_id=1863\">Feuerwehr L\u00fcsche<\/a><\/p>\n<p>&nbsp;<\/p>\n<h3>Stadt Damme<\/h3>\n<p><img decoding=\"async\" class=\"alignleft wp-image-1037\" src=\"http:\/\/www.kreisfeuerwehrverband-vechta.de\/wp_KFV_2016\/wp-content\/uploads\/Wappen_Damme.png\" alt=\"\" width=\"60\" height=\"68\"><a class=\"LinkFarbe\" href=\"http:\/\/www.kreisfeuerwehrverband-vechta.de\/?page_id=1887\">Feuerwehr&nbsp;Damme<\/a><br \/>\n<a class=\"LinkFarbe\" href=\"http:\/\/www.kreisfeuerwehrverband-vechta.de\/?page_id=1881\">Feuerwehr Borringhausen<\/a><br \/>\n<a class=\"LinkFarbe\" href=\"http:\/\/www.kreisfeuerwehrverband-vechta.de\/?page_id=1896\">Feuerwehr Osterfeine<\/a><\/p>\n<p>&nbsp;<\/p>\n<h3>Stadt Dinklage<\/h3>\n<p><img decoding=\"async\" class=\"alignleft wp-image-1038\" src=\"http:\/\/www.kreisfeuerwehrverband-vechta.de\/wp_KFV_2016\/wp-content\/uploads\/Wappen_Dinklage.png\" alt=\"\" width=\"60\" height=\"70\"><a class=\"LinkFarbe\" href=\"http:\/\/www.kreisfeuerwehrverband-vechta.de\/?page_id=1904\">Feuerwehr Dinklage<\/a><\/p>\n<p>&nbsp;<\/p>\n<p>&nbsp;<\/p>\n<h3>Gemeinde Goldenstedt<\/h3>\n<p><img loading=\"lazy\" decoding=\"async\" class=\"alignleft wp-image-1039\" src=\"http:\/\/www.kreisfeuerwehrverband-vechta.de\/wp_KFV_2016\/wp-content\/uploads\/Wappen_Goldenstedt.png\" alt=\"\" width=\"60\" height=\"67\"><a class=\"LinkFarbe\" href=\"http:\/\/www.kreisfeuerwehrverband-vechta.de\/?page_id=1907\">Feuerwehr Goldenstedt<\/a><br \/>\n<a class=\"LinkFarbe\" href=\"http:\/\/www.kreisfeuerwehrverband-vechta.de\/?page_id=1918\">Feuerwehr Lutten<\/a><\/p>\n<p>&nbsp;<\/p>\n<p>&nbsp;<\/p>\n<h3>Gemeinde Holdorf<\/h3>\n<p><img loading=\"lazy\" decoding=\"async\" class=\"alignleft wp-image-1040\" src=\"http:\/\/www.kreisfeuerwehrverband-vechta.de\/wp_KFV_2016\/wp-content\/uploads\/Wappen_Holdorf.png\" alt=\"\" width=\"60\" height=\"65\"><a class=\"LinkFarbe\" href=\"http:\/\/www.kreisfeuerwehrverband-vechta.de\/?page_id=1925\">Feuerwehr Holdorf<\/a><br \/>\n<a class=\"LinkFarbe\" href=\"http:\/\/www.kreisfeuerwehrverband-vechta.de\/?page_id=1928\">Feuerwehr Fladderlohausen<\/a><\/p>\n<p>&nbsp;<\/p>\n<h3>Stadt Lohne<\/h3>\n<p><img loading=\"lazy\" decoding=\"async\" class=\"alignleft wp-image-1041\" src=\"http:\/\/www.kreisfeuerwehrverband-vechta.de\/wp_KFV_2016\/wp-content\/uploads\/Wappen_Lohne.png\" alt=\"\" width=\"60\" height=\"68\"><a class=\"LinkFarbe\" href=\"http:\/\/www.kreisfeuerwehrverband-vechta.de\/?page_id=1934\">Feuerwehr&nbsp;Lohne<\/a><br \/>\n<a class=\"LinkFarbe\" href=\"http:\/\/www.kreisfeuerwehrverband-vechta.de\/?page_id=1931\">Feuerwehr Brockdorf<\/a><br \/>\n<a class=\"LinkFarbe\" href=\"http:\/\/www.kreisfeuerwehrverband-vechta.de\/?page_id=1937\">Feuerwehr S\u00fcdlohne<\/a><\/p>\n<p>&nbsp;<\/p>\n<h3>Gemeinde&nbsp;Neuenkirchen-V\u00f6rden<\/h3>\n<p><img loading=\"lazy\" decoding=\"async\" class=\"alignleft wp-image-1042\" src=\"http:\/\/www.kreisfeuerwehrverband-vechta.de\/wp_KFV_2016\/wp-content\/uploads\/Wappen_Neuenkirchen-Voerden.png\" alt=\"\" width=\"60\" height=\"67\"><a class=\"LinkFarbe\" href=\"http:\/\/www.kreisfeuerwehrverband-vechta.de\/?page_id=1939\">Feuerwehr Neuenkirchen<\/a><br \/>\n<a class=\"LinkFarbe\" href=\"http:\/\/www.kreisfeuerwehrverband-vechta.de\/?page_id=1941\">Feuerwehr V\u00f6rden<\/a><\/p>\n<p>&nbsp;<\/p>\n<p>&nbsp;<\/p>\n<h3>Gemeinde Steinfeld<\/h3>\n<p><img loading=\"lazy\" decoding=\"async\" class=\"alignleft wp-image-1043\" src=\"http:\/\/www.kreisfeuerwehrverband-vechta.de\/wp_KFV_2016\/wp-content\/uploads\/Wappen_Steinfeld.png\" alt=\"\" width=\"60\" height=\"64\"><a class=\"LinkFarbe\" href=\"http:\/\/www.kreisfeuerwehrverband-vechta.de\/?page_id=1953\">Feuerwehr Steinfeld<\/a><\/p>\n<p>&nbsp;<\/p>\n<p>&nbsp;<\/p>\n<h3>Stadt Vechta<\/h3>\n<p><img loading=\"lazy\" decoding=\"async\" class=\"alignleft wp-image-1044\" src=\"http:\/\/www.kreisfeuerwehrverband-vechta.de\/wp_KFV_2016\/wp-content\/uploads\/Wappen_Vechta.png\" alt=\"\" width=\"60\" height=\"69\"><a class=\"LinkFarbe\" href=\"http:\/\/www.kreisfeuerwehrverband-vechta.de\/?page_id=1957\">Feuerwehr Vechta<\/a><br \/>\n<a class=\"LinkFarbe\" href=\"http:\/\/www.kreisfeuerwehrverband-vechta.de\/?page_id=1955\">Feuerwehr Langf\u00f6rden<\/a><\/p>\n<p>&nbsp;<\/p>\n<p>&nbsp;<\/p>\n<h3>Gemeinde Visbek<\/h3>\n<p><img loading=\"lazy\" decoding=\"async\" class=\"alignleft wp-image-1045\" src=\"http:\/\/www.kreisfeuerwehrverband-vechta.de\/wp_KFV_2016\/wp-content\/uploads\/Wappen_Visbek.png\" alt=\"\" width=\"60\" height=\"64\"><a class=\"LinkFarbe\" href=\"http:\/\/www.kreisfeuerwehrverband-vechta.de\/?page_id=1961\">Feuerwehr&nbsp;Visbek<\/a><br \/>\n<a class=\"LinkFarbe\" href=\"http:\/\/www.kreisfeuerwehrverband-vechta.de\/?page_id=1959\">Feuerwehr Rechterfeld<\/a><\/p>\n<p>&nbsp;<\/p>\n","protected":false},"excerpt":{"rendered":"<p>Ansprechpartner und&nbsp;weitere Informationen&nbsp;zu den einzelnen Feuerwehren k\u00f6nnen&nbsp;\u00fcber die nachfolgenden Links aufgerufen werden. &nbsp; Gemeinde Bakum Feuerwehr Bakum Feuerwehr L\u00fcsche &nbsp; Stadt Damme Feuerwehr&nbsp;Damme Feuerwehr Borringhausen Feuerwehr Osterfeine &nbsp; Stadt Dinklage Feuerwehr Dinklage &nbsp; &nbsp; Gemeinde Goldenstedt Feuerwehr Goldenstedt Feuerwehr Lutten<\/p>\n","protected":false},"author":1,"featured_media":0,"parent":160,"menu_order":0,"comment_status":"closed","ping_status":"closed","template":"","meta":{"ngg_post_thumbnail":0,"footnotes":""},"class_list":["post-1125","page","type-page","status-publish","hentry"],"_links":{"self":[{"href":"https:\/\/www.kreisfeuerwehrverband-vechta.de\/index.php?rest_route=\/wp\/v2\/pages\/1125","targetHints":{"allow":["GET"]}}],"collection":[{"href":"https:\/\/www.kreisfeuerwehrverband-vechta.de\/index.php?rest_route=\/wp\/v2\/pages"}],"about":[{"href":"https:\/\/www.kreisfeuerwehrverband-vechta.de\/index.php?rest_route=\/wp\/v2\/types\/page"}],"author":[{"embeddable":true,"href":"https:\/\/www.kreisfeuerwehrverband-vechta.de\/index.php?rest_route=\/wp\/v2\/users\/1"}],"replies":[{"embeddable":true,"href":"https:\/\/www.kreisfeuerwehrverband-vechta.de\/index.php?rest_route=%2Fwp%2Fv2%2Fcomments&post=1125"}],"version-history":[{"count":0,"href":"https:\/\/www.kreisfeuerwehrverband-vechta.de\/index.php?rest_route=\/wp\/v2\/pages\/1125\/revisions"}],"up":[{"embeddable":true,"href":"https:\/\/www.kreisfeuerwehrverband-vechta.de\/index.php?rest_route=\/wp\/v2\/pages\/160"}],"wp:attachment":[{"href":"https:\/\/www.kreisfeuerwehrverband-vechta.de\/index.php?rest_route=%2Fwp%2Fv2%2Fmedia&parent=1125"}],"curies":[{"name":"wp","href":"https:\/\/api.w.org\/{rel}","templated":true}]}}