{"id":111,"date":"2016-02-16T18:26:11","date_gmt":"2016-02-16T17:26:11","guid":{"rendered":"http:\/\/www.kreisfeuerwehrverband-vechta.de\/?page_id=111"},"modified":"2025-05-04T18:48:53","modified_gmt":"2025-05-04T16:48:53","slug":"vorstand","status":"publish","type":"page","link":"https:\/\/www.kreisfeuerwehrverband-vechta.de\/?page_id=111","title":{"rendered":"Vorstand"},"content":{"rendered":"<p>Der Vorstand des Kreisfeuerwehrverbandes setzt sich aus dem gesch\u00e4ftsf\u00fchrenden und dem erweiterten Vorstand zusammen.<\/p>\n<p><span style=\"text-decoration: underline;\">Gesch\u00e4ftsf\u00fchrender Vorstand:<\/span><\/p>\n<p><img decoding=\"async\" class=\"alignleft wp-image-8470\" src=\"http:\/\/www.kreisfeuerwehrverband-vechta.de\/wp_KFV_2016\/wp-content\/uploads\/Trumme_Matthias-01_200px.jpg\" alt=\"\" width=\"100\" height=\"125\"><strong>1. Vorsitzender<\/strong><br \/>\nKreisbrandmeister<br \/>\nTrumme,&nbsp;Matthias<\/p>\n<p>&nbsp;<\/p>\n<p>&nbsp;<\/p>\n<p><img decoding=\"async\" class=\"alignleft wp-image-8392\" src=\"http:\/\/www.kreisfeuerwehrverband-vechta.de\/wp_KFV_2016\/wp-content\/uploads\/Schwarz-Udo-1.jpg\" alt=\"\" width=\"100\" height=\"125\" srcset=\"https:\/\/www.kreisfeuerwehrverband-vechta.de\/wp_KFV_2016\/wp-content\/uploads\/Schwarz-Udo-1.jpg 781w, https:\/\/www.kreisfeuerwehrverband-vechta.de\/wp_KFV_2016\/wp-content\/uploads\/Schwarz-Udo-1-239x300.jpg 239w\" sizes=\"(max-width: 100px) 100vw, 100px\" \/><strong>stv. Vorsitzender<\/strong><br \/>\nstv. Kreisbrandmeister<br \/>\nSchwarz, Udo<\/p>\n<p>&nbsp;<\/p>\n<p>&nbsp;<\/p>\n<p><img decoding=\"async\" class=\"alignleft wp-image-9713\" src=\"http:\/\/www.kreisfeuerwehrverband-vechta.de\/wp_KFV_2016\/wp-content\/uploads\/Ahrling-Michael_2024.jpg\" alt=\"\" width=\"100\" height=\"125\" srcset=\"https:\/\/www.kreisfeuerwehrverband-vechta.de\/wp_KFV_2016\/wp-content\/uploads\/Ahrling-Michael_2024.jpg 600w, https:\/\/www.kreisfeuerwehrverband-vechta.de\/wp_KFV_2016\/wp-content\/uploads\/Ahrling-Michael_2024-576x720.jpg 576w\" sizes=\"(max-width: 100px) 100vw, 100px\" \/><strong>stv. Vorsitzender<\/strong><br \/>\nstv. Kreisbrandmeister<br \/>\nAhrling, Michael<\/p>\n<p>&nbsp;<\/p>\n<p>&nbsp;<\/p>\n<p><img loading=\"lazy\" decoding=\"async\" class=\"alignleft wp-image-10091 size-full\" src=\"http:\/\/www.kreisfeuerwehrverband-vechta.de\/wp_KFV_2016\/wp-content\/uploads\/Eckhardt-Felix_100x125.jpg\" alt=\"\" width=\"100\" height=\"125\"><strong>Schriftf\u00fchrer<\/strong><br \/>\nFF V\u00f6rden<br \/>\nEckhardt, Felix<\/p>\n<p>&nbsp;<\/p>\n<p>&nbsp;<\/p>\n<p><img loading=\"lazy\" decoding=\"async\" class=\"alignleft wp-image-2089\" src=\"http:\/\/www.kreisfeuerwehrverband-vechta.de\/wp_KFV_2016\/wp-content\/uploads\/Helmke-Thomas.jpg\" width=\"100\" height=\"125\"><strong>Kassierer<\/strong><br \/>\nFF Vechta<br \/>\nHelmke,&nbsp;Thomas<\/p>\n<p>&nbsp;<\/p>\n<p>&nbsp;<\/p>\n<p><strong><span style=\"text-decoration: underline;\">Erweiterter Vorstand:<\/span><\/strong><\/p>\n<p><img loading=\"lazy\" decoding=\"async\" class=\"alignleft wp-image-8929\" src=\"http:\/\/www.kreisfeuerwehrverband-vechta.de\/wp_KFV_2016\/wp-content\/uploads\/Bornhorst_Christoph-e1717939161226.jpg\" alt=\"\" width=\"100\" height=\"125\"><strong>Beisitzer<br \/>\n<\/strong>STBM&nbsp;Dinklage<br \/>\nBornhorst, Christoph<\/p>\n<p>&nbsp;<\/p>\n<p>&nbsp;<\/p>\n<p><strong><img loading=\"lazy\" decoding=\"async\" class=\"alignleft wp-image-8344\" src=\"http:\/\/www.kreisfeuerwehrverband-vechta.de\/wp_KFV_2016\/wp-content\/uploads\/Depeweg_Marcel-240x300.jpg\" alt=\"\" width=\"100\" height=\"125\" srcset=\"https:\/\/www.kreisfeuerwehrverband-vechta.de\/wp_KFV_2016\/wp-content\/uploads\/Depeweg_Marcel-240x300.jpg 240w, https:\/\/www.kreisfeuerwehrverband-vechta.de\/wp_KFV_2016\/wp-content\/uploads\/Depeweg_Marcel.jpg 819w\" sizes=\"(max-width: 100px) 100vw, 100px\" \/>Beisitzer<br \/>\n<\/strong>GBM Neuenkirchen-V\u00f6rden<br \/>\nDepeweg, Marcel<\/p>\n<p>&nbsp;<\/p>\n<p>&nbsp;<\/p>\n<p><img loading=\"lazy\" decoding=\"async\" class=\"alignleft wp-image-7616\" src=\"http:\/\/www.kreisfeuerwehrverband-vechta.de\/wp_KFV_2016\/wp-content\/uploads\/Steinfeld.jpg\" alt=\"\" width=\"100\" height=\"125\"><strong>Beisitzer<br \/>\n<\/strong>GBM Steinfeld<br \/>\nBahlmann, Jan-Hendrik<\/p>\n<p>&nbsp;<\/p>\n<p>&nbsp;<\/p>\n<p><img loading=\"lazy\" decoding=\"async\" class=\"alignleft wp-image-2090\" src=\"http:\/\/www.kreisfeuerwehrverband-vechta.de\/wp_KFV_2016\/wp-content\/uploads\/Hitz-Stefan.jpg\" width=\"100\" height=\"125\"><strong>Beisitzer<br \/>\n<\/strong>GBM Visbek<br \/>\nHitz, Stefan<\/p>\n<p>&nbsp;<\/p>\n<p>&nbsp;<\/p>\n<p><img loading=\"lazy\" decoding=\"async\" class=\"alignleft wp-image-3574\" src=\"http:\/\/www.kreisfeuerwehrverband-vechta.de\/wp_KFV_2016\/wp-content\/uploads\/Mueller.jpg\" alt=\"\" width=\"100\" height=\"125\"><strong>Beisitzer<\/strong><br \/>\nSTBM Vechta<br \/>\nM\u00fcller, Jan-Arthur<\/p>\n<p>&nbsp;<\/p>\n<p>&nbsp;<\/p>\n<p><img loading=\"lazy\" decoding=\"async\" class=\"alignleft wp-image-2106\" src=\"http:\/\/www.kreisfeuerwehrverband-vechta.de\/wp_KFV_2016\/wp-content\/uploads\/Thomann-Hubert.jpg\" width=\"100\" height=\"125\"><strong>Beisitzer<\/strong><br \/>\nGBM Goldenstedt<br \/>\nThomann, Hubert<\/p>\n<p>&nbsp;<\/p>\n<p>&nbsp;<\/p>\n<p><strong><img loading=\"lazy\" decoding=\"async\" class=\"alignleft wp-image-10093\" src=\"http:\/\/www.kreisfeuerwehrverband-vechta.de\/wp_KFV_2016\/wp-content\/uploads\/2025-05_Hoelzen-Matthias_1500px-576x720.jpg\" alt=\"\" width=\"100\" height=\"125\" srcset=\"https:\/\/www.kreisfeuerwehrverband-vechta.de\/wp_KFV_2016\/wp-content\/uploads\/2025-05_Hoelzen-Matthias_1500px-576x720.jpg 576w, https:\/\/www.kreisfeuerwehrverband-vechta.de\/wp_KFV_2016\/wp-content\/uploads\/2025-05_Hoelzen-Matthias_1500px.jpg 1200w\" sizes=\"(max-width: 100px) 100vw, 100px\" \/>Beisitzer<\/strong><br \/>\nGBM Holdorf<br \/>\nH\u00f6lzen, Matthias<\/p>\n<p>&nbsp;<\/p>\n<p>&nbsp;<\/p>\n<p><img loading=\"lazy\" decoding=\"async\" class=\"alignleft wp-image-3565\" src=\"http:\/\/www.kreisfeuerwehrverband-vechta.de\/wp_KFV_2016\/wp-content\/uploads\/Zerhusen.jpg\" alt=\"\" width=\"100\" height=\"125\"><strong>Beisitzer<\/strong><br \/>\nGBM Bakum<br \/>\nZerhusen, Christoph<\/p>\n<p>&nbsp;<\/p>\n<p>&nbsp;<\/p>\n<p><img loading=\"lazy\" decoding=\"async\" class=\"alignleft wp-image-2107\" src=\"http:\/\/www.kreisfeuerwehrverband-vechta.de\/wp_KFV_2016\/wp-content\/uploads\/Varenau-Jens.jpg\" alt=\"\" width=\"100\" height=\"125\"><strong>Beisitzer<\/strong><br \/>\nSTBM Damme<br \/>\nVarenau, Jens<\/p>\n<p>&nbsp;<\/p>\n<p>&nbsp;<\/p>\n<p><img loading=\"lazy\" decoding=\"async\" class=\"wp-image-3216 alignleft\" src=\"http:\/\/www.kreisfeuerwehrverband-vechta.de\/wp_KFV_2016\/wp-content\/uploads\/Theilen.jpg\" width=\"100\" height=\"125\"><strong>Beisitzer<\/strong><br \/>\nSTBM Lohne<br \/>\nTheilen, Franz-Josef<\/p>\n<p>&nbsp;<\/p>\n<p>&nbsp;<\/p>\n<p><img loading=\"lazy\" decoding=\"async\" class=\"alignleft wp-image-9784\" src=\"http:\/\/www.kreisfeuerwehrverband-vechta.de\/wp_KFV_2016\/wp-content\/uploads\/03608149-55c6-4f6b-8470-eb8b3b767ee0-e1726666582342-587x720.jpg\" alt=\"\" width=\"100\" height=\"123\" srcset=\"https:\/\/www.kreisfeuerwehrverband-vechta.de\/wp_KFV_2016\/wp-content\/uploads\/03608149-55c6-4f6b-8470-eb8b3b767ee0-e1726666582342-587x720.jpg 587w, https:\/\/www.kreisfeuerwehrverband-vechta.de\/wp_KFV_2016\/wp-content\/uploads\/03608149-55c6-4f6b-8470-eb8b3b767ee0-e1726666582342.jpg 1171w\" sizes=\"(max-width: 100px) 100vw, 100px\" \/><strong>Beisitzerin<br \/>\n<\/strong>Kreisjugendfeuerwehrwartin<br \/>\nRunnebohm, Alexandra<\/p>\n<p>&nbsp;<\/p>\n<p>&nbsp;<\/p>\n","protected":false},"excerpt":{"rendered":"<p>Der Vorstand des Kreisfeuerwehrverbandes setzt sich aus dem gesch\u00e4ftsf\u00fchrenden und dem erweiterten Vorstand zusammen. Gesch\u00e4ftsf\u00fchrender Vorstand: 1. Vorsitzender Kreisbrandmeister Trumme,&nbsp;Matthias &nbsp; &nbsp; stv. Vorsitzender stv. Kreisbrandmeister Schwarz, Udo &nbsp; &nbsp; stv. Vorsitzender stv. Kreisbrandmeister Ahrling, Michael &nbsp; &nbsp; Schriftf\u00fchrer FF<\/p>\n","protected":false},"author":1,"featured_media":0,"parent":160,"menu_order":0,"comment_status":"closed","ping_status":"closed","template":"","meta":{"ngg_post_thumbnail":0,"footnotes":""},"class_list":["post-111","page","type-page","status-publish","hentry"],"_links":{"self":[{"href":"https:\/\/www.kreisfeuerwehrverband-vechta.de\/index.php?rest_route=\/wp\/v2\/pages\/111","targetHints":{"allow":["GET"]}}],"collection":[{"href":"https:\/\/www.kreisfeuerwehrverband-vechta.de\/index.php?rest_route=\/wp\/v2\/pages"}],"about":[{"href":"https:\/\/www.kreisfeuerwehrverband-vechta.de\/index.php?rest_route=\/wp\/v2\/types\/page"}],"author":[{"embeddable":true,"href":"https:\/\/www.kreisfeuerwehrverband-vechta.de\/index.php?rest_route=\/wp\/v2\/users\/1"}],"replies":[{"embeddable":true,"href":"https:\/\/www.kreisfeuerwehrverband-vechta.de\/index.php?rest_route=%2Fwp%2Fv2%2Fcomments&post=111"}],"version-history":[{"count":0,"href":"https:\/\/www.kreisfeuerwehrverband-vechta.de\/index.php?rest_route=\/wp\/v2\/pages\/111\/revisions"}],"up":[{"embeddable":true,"href":"https:\/\/www.kreisfeuerwehrverband-vechta.de\/index.php?rest_route=\/wp\/v2\/pages\/160"}],"wp:attachment":[{"href":"https:\/\/www.kreisfeuerwehrverband-vechta.de\/index.php?rest_route=%2Fwp%2Fv2%2Fmedia&parent=111"}],"curies":[{"name":"wp","href":"https:\/\/api.w.org\/{rel}","templated":true}]}}