{"id":1105,"date":"2016-03-20T10:58:13","date_gmt":"2016-03-20T09:58:13","guid":{"rendered":"http:\/\/www.kreisfeuerwehrverband-vechta.de\/?page_id=1105"},"modified":"2021-04-16T16:19:23","modified_gmt":"2021-04-16T14:19:23","slug":"jugendfeuerwehr-vechta","status":"publish","type":"page","link":"https:\/\/www.kreisfeuerwehrverband-vechta.de\/?page_id=1105","title":{"rendered":"Jugendfeuerwehr Vechta"},"content":{"rendered":"<p>Wie arbeitet die Freiwillige Feuerwehr? Wie werden Br\u00e4nde gel\u00f6scht? Wie hilft man bei einem Verkehrsunfall? Welche Ger\u00e4tsch\u00e4ften sind auf dem Feuerwehrfahrzeug untergebracht? Das kann man bei der Jugendfeuerwehr Vechta hautnah erleben. Praktische \u00dcbungen mit den feuerwehrtechnischen Ger\u00e4ten sind interessant und spannend zu gleich. Die Jugendfeuerwehr ist aber auch mehr als Technik. Die JF Vechta hat Teamgeist, sind ehrenamtlich engagiert und sind jung. Gemeinsame Aktivit\u00e4ten wie Sport, Ausfl\u00fcge und Zeltlager kann man dort erleben. Die Jugendfeuerwehr wird von einem starken Team aus der aktiven Einsatzabteilung geleitet. Die Jugendlichen k\u00f6nnen sich aber auch einbringen. Das Programm wird gemeinsam mit den Jugendlichen erarbeitet. Egal ob M\u00e4dchen oder Junge, in der JF Vechta ist jeder herzlich willkommen.<\/p>\n<p>Die Jugendfeuerwehr Vechta besteht zur Zeit aus 21 Jugendlichen (Stand: 01.03.2018). Ihren Ausbildungsdienst veranstalten sie immer Montags von 18:30 &#8211; 20:00 Uhr.<\/p>\n<p>&nbsp;<\/p>\n<p>JF-Wart<br \/>\nNils Triphaus<br \/>\nElbinger Stra\u00dfe 9a<br \/>\n49377 Vechta<\/p>\n<p><a href=\"mailto:Nils-triphaus@t-online.de\">nils-triphaus@t-online.de<\/a><\/p>\n<p>&nbsp;<\/p>\n<p><a href=\"http:\/\/www.jugendfeuerwehr-vechta.de\" target=\"_blank\" rel=\"noopener noreferrer\">www.jugendfeuerwehr-vechta.de<\/a><\/p>\n","protected":false},"excerpt":{"rendered":"<p>Wie arbeitet die Freiwillige Feuerwehr? Wie werden Br\u00e4nde gel\u00f6scht? Wie hilft man bei einem Verkehrsunfall? Welche Ger\u00e4tsch\u00e4ften sind auf dem Feuerwehrfahrzeug untergebracht? Das kann man bei der Jugendfeuerwehr Vechta hautnah erleben. Praktische \u00dcbungen mit den feuerwehrtechnischen Ger\u00e4ten sind interessant und<\/p>\n","protected":false},"author":1,"featured_media":0,"parent":1015,"menu_order":0,"comment_status":"closed","ping_status":"closed","template":"","meta":{"ngg_post_thumbnail":0,"footnotes":""},"class_list":["post-1105","page","type-page","status-publish","hentry"],"_links":{"self":[{"href":"https:\/\/www.kreisfeuerwehrverband-vechta.de\/index.php?rest_route=\/wp\/v2\/pages\/1105","targetHints":{"allow":["GET"]}}],"collection":[{"href":"https:\/\/www.kreisfeuerwehrverband-vechta.de\/index.php?rest_route=\/wp\/v2\/pages"}],"about":[{"href":"https:\/\/www.kreisfeuerwehrverband-vechta.de\/index.php?rest_route=\/wp\/v2\/types\/page"}],"author":[{"embeddable":true,"href":"https:\/\/www.kreisfeuerwehrverband-vechta.de\/index.php?rest_route=\/wp\/v2\/users\/1"}],"replies":[{"embeddable":true,"href":"https:\/\/www.kreisfeuerwehrverband-vechta.de\/index.php?rest_route=%2Fwp%2Fv2%2Fcomments&post=1105"}],"version-history":[{"count":0,"href":"https:\/\/www.kreisfeuerwehrverband-vechta.de\/index.php?rest_route=\/wp\/v2\/pages\/1105\/revisions"}],"up":[{"embeddable":true,"href":"https:\/\/www.kreisfeuerwehrverband-vechta.de\/index.php?rest_route=\/wp\/v2\/pages\/1015"}],"wp:attachment":[{"href":"https:\/\/www.kreisfeuerwehrverband-vechta.de\/index.php?rest_route=%2Fwp%2Fv2%2Fmedia&parent=1105"}],"curies":[{"name":"wp","href":"https:\/\/api.w.org\/{rel}","templated":true}]}}