{"id":1097,"date":"2016-03-20T10:56:39","date_gmt":"2016-03-20T09:56:39","guid":{"rendered":"http:\/\/www.kreisfeuerwehrverband-vechta.de\/?page_id=1097"},"modified":"2024-09-16T08:15:22","modified_gmt":"2024-09-16T06:15:22","slug":"jugendfeuerwehr-suedlohne","status":"publish","type":"page","link":"https:\/\/www.kreisfeuerwehrverband-vechta.de\/?page_id=1097","title":{"rendered":"Jugendfeuerwehr S\u00fcdlohne"},"content":{"rendered":"<p><img fetchpriority=\"high\" decoding=\"async\" class=\"alignnone wp-image-9763 size-full alignleft\" src=\"http:\/\/www.kreisfeuerwehrverband-vechta.de\/wp_KFV_2016\/wp-content\/uploads\/IMG_4427.jpeg\" alt=\"\" width=\"640\" height=\"466\"><\/p>\n<p class=\"s3\"><span class=\"s2\">Die Jugendfeuerwehr <\/span><span class=\"s2\">S\u00fcdlohne<\/span><span class=\"s2\"> ist eine Truppe, die durch starken Zusammenhalt gl\u00e4nzt. Der feuerwehrtechnische Dienst bzw. die diversen Veranstaltungen der Kreisjugendfeuerwehr wie das Pfingstzeltlager oder die Winterveranstaltung sind nicht nur regelm\u00e4\u00dfig Punkte auf dem Dienstplan, die JF <\/span><span class=\"s2\">S\u00fcdlohne<\/span><span class=\"s2\"> setzt sich auch f\u00fcr die Gestaltung der S\u00fcdlohner Dorfgemeinschaft ein. Diverse Aktionen werden von den Jugendlichen begleitet und unterst\u00fctzt. Auch setzen sich die Jugendlichen und Betreuer f\u00fcr ihre Naturgebiete wie das Moor ein.<\/span><\/p>\n<p class=\"s3\"><span class=\"s2\">Die Jugendfeuerwehr <\/span><span class=\"s2\">S\u00fcdlohne<\/span><span class=\"s2\"> besteht <\/span><span class=\"s2\">zur Zeit<\/span><span class=\"s2\"> aus 26 <\/span><span class=\"s2\">Jugendlichen (Stand: 01.0<\/span><span class=\"s2\">7<\/span><span class=\"s2\">.20<\/span><span class=\"s2\">24<\/span><span class=\"s2\">). Ihren Ausbildungsdienst veranstalten sie immer am 1. und 3. Samstag eines Monats von 10:00 \u2013 12:00 Uhr.<\/span><\/p>\n<p>&nbsp;<\/p>\n<p>&nbsp;<\/p>\n<p><img decoding=\"async\" class=\"alignleft wp-image-8082\" src=\"http:\/\/www.kreisfeuerwehrverband-vechta.de\/wp_KFV_2016\/wp-content\/uploads\/Patrick-Runnebohm.jpg\" alt=\"\" width=\"203\" height=\"305\"><\/p>\n<p>JF-Wart<br \/>\nPatrick Runnebohm<br \/>\nBrinkstra\u00dfe 18<br \/>\n49393 Lohne<\/p>\n<p><a href=\"mailto:jugendfeuerwehr.suedlohne@feuerwehr-lohne.de\">jugendfeuerwehr.suedlohne@feuerwehr-lohne.de<\/a><\/p>\n<p>&nbsp;<\/p>\n<p><a href=\"http:\/\/www.feuerwehr-lohne.de\">www.feuerwehr-lohne.de<\/a><\/p>\n","protected":false},"excerpt":{"rendered":"<p>Die Jugendfeuerwehr S\u00fcdlohne ist eine Truppe, die durch starken Zusammenhalt gl\u00e4nzt. Der feuerwehrtechnische Dienst bzw. die diversen Veranstaltungen der Kreisjugendfeuerwehr wie das Pfingstzeltlager oder die Winterveranstaltung sind nicht nur regelm\u00e4\u00dfig Punkte auf dem Dienstplan, die JF S\u00fcdlohne setzt sich auch<\/p>\n","protected":false},"author":1,"featured_media":0,"parent":1015,"menu_order":0,"comment_status":"closed","ping_status":"closed","template":"","meta":{"ngg_post_thumbnail":0,"footnotes":""},"class_list":["post-1097","page","type-page","status-publish","hentry"],"_links":{"self":[{"href":"https:\/\/www.kreisfeuerwehrverband-vechta.de\/index.php?rest_route=\/wp\/v2\/pages\/1097","targetHints":{"allow":["GET"]}}],"collection":[{"href":"https:\/\/www.kreisfeuerwehrverband-vechta.de\/index.php?rest_route=\/wp\/v2\/pages"}],"about":[{"href":"https:\/\/www.kreisfeuerwehrverband-vechta.de\/index.php?rest_route=\/wp\/v2\/types\/page"}],"author":[{"embeddable":true,"href":"https:\/\/www.kreisfeuerwehrverband-vechta.de\/index.php?rest_route=\/wp\/v2\/users\/1"}],"replies":[{"embeddable":true,"href":"https:\/\/www.kreisfeuerwehrverband-vechta.de\/index.php?rest_route=%2Fwp%2Fv2%2Fcomments&post=1097"}],"version-history":[{"count":0,"href":"https:\/\/www.kreisfeuerwehrverband-vechta.de\/index.php?rest_route=\/wp\/v2\/pages\/1097\/revisions"}],"up":[{"embeddable":true,"href":"https:\/\/www.kreisfeuerwehrverband-vechta.de\/index.php?rest_route=\/wp\/v2\/pages\/1015"}],"wp:attachment":[{"href":"https:\/\/www.kreisfeuerwehrverband-vechta.de\/index.php?rest_route=%2Fwp%2Fv2%2Fmedia&parent=1097"}],"curies":[{"name":"wp","href":"https:\/\/api.w.org\/{rel}","templated":true}]}}