{"id":1095,"date":"2016-03-20T10:56:24","date_gmt":"2016-03-20T09:56:24","guid":{"rendered":"http:\/\/www.kreisfeuerwehrverband-vechta.de\/?page_id=1095"},"modified":"2024-09-18T15:20:41","modified_gmt":"2024-09-18T13:20:41","slug":"jugendfeuerwehr-brockdorf","status":"publish","type":"page","link":"https:\/\/www.kreisfeuerwehrverband-vechta.de\/?page_id=1095","title":{"rendered":"Jugendfeuerwehr Brockdorf"},"content":{"rendered":"<p><img fetchpriority=\"high\" decoding=\"async\" class=\"aligncenter wp-image-9215\" src=\"http:\/\/www.kreisfeuerwehrverband-vechta.de\/wp_KFV_2016\/wp-content\/uploads\/IMG_2674-300x200.jpeg\" alt=\"\" width=\"400\" height=\"267\" srcset=\"https:\/\/www.kreisfeuerwehrverband-vechta.de\/wp_KFV_2016\/wp-content\/uploads\/IMG_2674-300x200.jpeg 300w, https:\/\/www.kreisfeuerwehrverband-vechta.de\/wp_KFV_2016\/wp-content\/uploads\/IMG_2674-1024x684.jpeg 1024w, https:\/\/www.kreisfeuerwehrverband-vechta.de\/wp_KFV_2016\/wp-content\/uploads\/IMG_2674-1536x1025.jpeg 1536w, https:\/\/www.kreisfeuerwehrverband-vechta.de\/wp_KFV_2016\/wp-content\/uploads\/IMG_2674-2048x1367.jpeg 2048w\" sizes=\"(max-width: 400px) 100vw, 400px\" \/><\/p>\n<p>Die Jugendfeuerwehr Brockdorf bietet den Jugendfeuermitgliedern viel. Neben den \u00fcblichen Teilnahmen an der Winterveranstaltung sowie dem Pfingstzeltlager nehmen sie regelm\u00e4\u00dfig an der Umweltwoche teil, \u00dcbernachten 1x im Jahr im Feuerwehrhaus, beteiligen sich an Einsatz\u00fcbungen. Auf dem Dienstplan steht auch ein lustiger Sportabend. In der Jugendfeuerwehr Brockdorf hat man mit einer tollen Gruppe viel Spa\u00df, die bei allen Aktionen einen tollen Zusammenhalt beweist.<\/p>\n<p>Die Jugendfeuerwehr Brockdorf besteht zur Zeit aus 21 Jugendlichen (Stand: 01.03.2018). Ihren Ausbildungsdienst veranstalten sie alle 14 Tage am Mittwoch von 18:00 &#8211; 20:00 Uhr.<\/p>\n<p><img decoding=\"async\" class=\"wp-image-9768  alignleft\" src=\"http:\/\/www.kreisfeuerwehrverband-vechta.de\/wp_KFV_2016\/wp-content\/uploads\/2660ed76-6fa0-40c7-8ebc-d4fd20747dfa-540x720.jpg\" alt=\"\" width=\"273\" height=\"364\" srcset=\"https:\/\/www.kreisfeuerwehrverband-vechta.de\/wp_KFV_2016\/wp-content\/uploads\/2660ed76-6fa0-40c7-8ebc-d4fd20747dfa-540x720.jpg 540w, https:\/\/www.kreisfeuerwehrverband-vechta.de\/wp_KFV_2016\/wp-content\/uploads\/2660ed76-6fa0-40c7-8ebc-d4fd20747dfa-1440x1920.jpg 1440w, https:\/\/www.kreisfeuerwehrverband-vechta.de\/wp_KFV_2016\/wp-content\/uploads\/2660ed76-6fa0-40c7-8ebc-d4fd20747dfa-1152x1536.jpg 1152w, https:\/\/www.kreisfeuerwehrverband-vechta.de\/wp_KFV_2016\/wp-content\/uploads\/2660ed76-6fa0-40c7-8ebc-d4fd20747dfa.jpg 1500w\" sizes=\"(max-width: 273px) 100vw, 273px\" \/><\/p>\n<p>&nbsp;<\/p>\n<p>JF-Wart u. Stadtjugendfeuerwehrwart Stadt Lohne<br \/>\nSven B\u00f6ckmann<br \/>\nGooseweide 33<br \/>\n49393 Lohne<\/p>\n<p><a href=\"mailto:sven-boeckmann@ewetel.net\">[Mail senden]<\/a><\/p>\n<p>&nbsp;<\/p>\n<p><a href=\"http:\/\/www.feuerwehr-lohne.de\" target=\"_blank\" rel=\"noopener noreferrer\">www.feuerwehr-lohne.de<\/a><\/p>\n","protected":false},"excerpt":{"rendered":"<p>Die Jugendfeuerwehr Brockdorf bietet den Jugendfeuermitgliedern viel. Neben den \u00fcblichen Teilnahmen an der Winterveranstaltung sowie dem Pfingstzeltlager nehmen sie regelm\u00e4\u00dfig an der Umweltwoche teil, \u00dcbernachten 1x im Jahr im Feuerwehrhaus, beteiligen sich an Einsatz\u00fcbungen. Auf dem Dienstplan steht auch ein<\/p>\n","protected":false},"author":1,"featured_media":0,"parent":1015,"menu_order":0,"comment_status":"closed","ping_status":"closed","template":"","meta":{"ngg_post_thumbnail":0,"footnotes":""},"class_list":["post-1095","page","type-page","status-publish","hentry"],"_links":{"self":[{"href":"https:\/\/www.kreisfeuerwehrverband-vechta.de\/index.php?rest_route=\/wp\/v2\/pages\/1095","targetHints":{"allow":["GET"]}}],"collection":[{"href":"https:\/\/www.kreisfeuerwehrverband-vechta.de\/index.php?rest_route=\/wp\/v2\/pages"}],"about":[{"href":"https:\/\/www.kreisfeuerwehrverband-vechta.de\/index.php?rest_route=\/wp\/v2\/types\/page"}],"author":[{"embeddable":true,"href":"https:\/\/www.kreisfeuerwehrverband-vechta.de\/index.php?rest_route=\/wp\/v2\/users\/1"}],"replies":[{"embeddable":true,"href":"https:\/\/www.kreisfeuerwehrverband-vechta.de\/index.php?rest_route=%2Fwp%2Fv2%2Fcomments&post=1095"}],"version-history":[{"count":0,"href":"https:\/\/www.kreisfeuerwehrverband-vechta.de\/index.php?rest_route=\/wp\/v2\/pages\/1095\/revisions"}],"up":[{"embeddable":true,"href":"https:\/\/www.kreisfeuerwehrverband-vechta.de\/index.php?rest_route=\/wp\/v2\/pages\/1015"}],"wp:attachment":[{"href":"https:\/\/www.kreisfeuerwehrverband-vechta.de\/index.php?rest_route=%2Fwp%2Fv2%2Fmedia&parent=1095"}],"curies":[{"name":"wp","href":"https:\/\/api.w.org\/{rel}","templated":true}]}}