{"id":1089,"date":"2016-03-20T10:55:24","date_gmt":"2016-03-20T09:55:24","guid":{"rendered":"http:\/\/www.kreisfeuerwehrverband-vechta.de\/?page_id=1089"},"modified":"2021-11-10T08:22:36","modified_gmt":"2021-11-10T07:22:36","slug":"jugendfeuerwehr-goldenstedt","status":"publish","type":"page","link":"https:\/\/www.kreisfeuerwehrverband-vechta.de\/?page_id=1089","title":{"rendered":"Jugendfeuerwehr Goldenstedt"},"content":{"rendered":"<p><img fetchpriority=\"high\" decoding=\"async\" class=\"aligncenter wp-image-6130 size-full\" src=\"http:\/\/www.kreisfeuerwehrverband-vechta.de\/wp_KFV_2016\/wp-content\/uploads\/Gruppenbild_JF-Goldenstedt.jpg\" alt=\"\" width=\"750\" height=\"373\" srcset=\"https:\/\/www.kreisfeuerwehrverband-vechta.de\/wp_KFV_2016\/wp-content\/uploads\/Gruppenbild_JF-Goldenstedt.jpg 750w, https:\/\/www.kreisfeuerwehrverband-vechta.de\/wp_KFV_2016\/wp-content\/uploads\/Gruppenbild_JF-Goldenstedt-300x149.jpg 300w\" sizes=\"(max-width: 750px) 100vw, 750px\" \/><\/p>\n<p>Die JF-Goldenstedt wurde 2000 gegr\u00fcndet. Neben der feuerwehrtechnischen Ausbildung machen wir auch viele allgemeine Gruppenstunden und Fahrten (z.B. Spiele, Sport, Fahrten zum Kletterpark, Bowlen) oder nehmen an Veranstaltungen in der Gemeinde teil (z.B. Wasserspiele auf dem Herbstmarkt, Umweltwochen). Neben dem Pfingstzeltlager nehmen wir regelm\u00e4\u00dfig an dem Sommerzeltlager des LK Diepholz teil (alle 2 Jahre). Um uns auf diese Zeltlager vorzubereiten, \u00fcbernachten wir einmal im Jahr im Feuerwehrhaus und machen zusammen mit der Aktiven Wehr eine gro\u00dfe \u00dcbung. Wie jede Jugendfeuerwehr im Landkreis nehmen auch wir an der Winterveranstaltung, dem Bundeswettbewerb und verschiedenen anderen Wettbewerben teil. Stetig steigende Mitgliederzahlen weisen eine tolle Gemeinschaft und Zusammenhalt in unserer Jugendfeuerwehr aus.<\/p>\n<p>Die Jugendfeuerwehr Goldenstedt besteht zur Zeit aus 19 Jugendlichen (Stand: 01.03.2018). Der Ausbildungsdienst findet immer alle 14 Tage am Samstag von 15:00 &#8211; 17:00 Uhr statt.<\/p>\n<p><img decoding=\"async\" class=\"alignleft wp-image-6132 size-medium\" src=\"http:\/\/www.kreisfeuerwehrverband-vechta.de\/wp_KFV_2016\/wp-content\/uploads\/Einzelbild_JF-Goldenstedt_Annemarie-Marischen-225x300.jpg\" alt=\"\" width=\"225\" height=\"300\" srcset=\"https:\/\/www.kreisfeuerwehrverband-vechta.de\/wp_KFV_2016\/wp-content\/uploads\/Einzelbild_JF-Goldenstedt_Annemarie-Marischen-225x300.jpg 225w, https:\/\/www.kreisfeuerwehrverband-vechta.de\/wp_KFV_2016\/wp-content\/uploads\/Einzelbild_JF-Goldenstedt_Annemarie-Marischen-768x1024.jpg 768w, https:\/\/www.kreisfeuerwehrverband-vechta.de\/wp_KFV_2016\/wp-content\/uploads\/Einzelbild_JF-Goldenstedt_Annemarie-Marischen.jpg 960w\" sizes=\"(max-width: 225px) 100vw, 225px\" \/><\/p>\n<p>&nbsp;<\/p>\n<p>JF-Wartin<br \/>\nAnnemarie Marischen<br \/>\nAbelmeyersweg 5<br \/>\n49424 Goldenstedt<\/p>\n<p><a href=\"mailto:jugendfeuerwehr.goldenstedt@ewetel.net\">[Mail senden]<\/a><\/p>\n<p>&nbsp;<\/p>\n<p><a href=\"http:\/\/www.feuerwehr-goldenstedt.de\">www.feuerwehr-goldenstedt.de<\/a><\/p>\n","protected":false},"excerpt":{"rendered":"<p>Die JF-Goldenstedt wurde 2000 gegr\u00fcndet. Neben der feuerwehrtechnischen Ausbildung machen wir auch viele allgemeine Gruppenstunden und Fahrten (z.B. Spiele, Sport, Fahrten zum Kletterpark, Bowlen) oder nehmen an Veranstaltungen in der Gemeinde teil (z.B. Wasserspiele auf dem Herbstmarkt, Umweltwochen). Neben dem<\/p>\n","protected":false},"author":1,"featured_media":0,"parent":1015,"menu_order":0,"comment_status":"closed","ping_status":"closed","template":"","meta":{"ngg_post_thumbnail":0,"footnotes":""},"class_list":["post-1089","page","type-page","status-publish","hentry"],"_links":{"self":[{"href":"https:\/\/www.kreisfeuerwehrverband-vechta.de\/index.php?rest_route=\/wp\/v2\/pages\/1089","targetHints":{"allow":["GET"]}}],"collection":[{"href":"https:\/\/www.kreisfeuerwehrverband-vechta.de\/index.php?rest_route=\/wp\/v2\/pages"}],"about":[{"href":"https:\/\/www.kreisfeuerwehrverband-vechta.de\/index.php?rest_route=\/wp\/v2\/types\/page"}],"author":[{"embeddable":true,"href":"https:\/\/www.kreisfeuerwehrverband-vechta.de\/index.php?rest_route=\/wp\/v2\/users\/1"}],"replies":[{"embeddable":true,"href":"https:\/\/www.kreisfeuerwehrverband-vechta.de\/index.php?rest_route=%2Fwp%2Fv2%2Fcomments&post=1089"}],"version-history":[{"count":0,"href":"https:\/\/www.kreisfeuerwehrverband-vechta.de\/index.php?rest_route=\/wp\/v2\/pages\/1089\/revisions"}],"up":[{"embeddable":true,"href":"https:\/\/www.kreisfeuerwehrverband-vechta.de\/index.php?rest_route=\/wp\/v2\/pages\/1015"}],"wp:attachment":[{"href":"https:\/\/www.kreisfeuerwehrverband-vechta.de\/index.php?rest_route=%2Fwp%2Fv2%2Fmedia&parent=1089"}],"curies":[{"name":"wp","href":"https:\/\/api.w.org\/{rel}","templated":true}]}}