{"id":1081,"date":"2016-03-20T10:52:58","date_gmt":"2016-03-20T09:52:58","guid":{"rendered":"http:\/\/www.kreisfeuerwehrverband-vechta.de\/?page_id=1081"},"modified":"2024-09-18T15:31:14","modified_gmt":"2024-09-18T13:31:14","slug":"jugendfeuerwehr-damme","status":"publish","type":"page","link":"https:\/\/www.kreisfeuerwehrverband-vechta.de\/?page_id=1081","title":{"rendered":"Jugendfeuerwehr Damme"},"content":{"rendered":"<p><img fetchpriority=\"high\" decoding=\"async\" class=\"aligncenter wp-image-2200\" src=\"http:\/\/www.kreisfeuerwehrverband-vechta.de\/wp_KFV_2016\/wp-content\/uploads\/JF-Damme.jpg\" alt=\"JF Damme\" width=\"750\" height=\"461\" srcset=\"https:\/\/www.kreisfeuerwehrverband-vechta.de\/wp_KFV_2016\/wp-content\/uploads\/JF-Damme.jpg 1000w, https:\/\/www.kreisfeuerwehrverband-vechta.de\/wp_KFV_2016\/wp-content\/uploads\/JF-Damme-300x185.jpg 300w\" sizes=\"(max-width: 750px) 100vw, 750px\" \/><\/p>\n<p>Die Jugendfeuerwehr Damme wurde im Jahr 1973 gegr\u00fcndet. Seitdem werden interessierte Dammer Jugendliche mit Spiel und Spa\u00df an den Dienst bei der Feuerwehr gebracht. Neben der Ausbildung an technischen Ger\u00e4ten spielt die Kameradschaft eine gro\u00dfe Rolle. Gemeinsame Ausfl\u00fcge, Zeltlager und Aktionen sorgen jedes Jahr f\u00fcr eine Menge Spa\u00df bei Jugendlichen und Betreuern.<\/p>\n<p>Die Jugendfeuerwehr&nbsp;Damme besteht zur Zeit aus&nbsp;18 Jugendlichen (Stand: 01.03.2018). Ihren Ausbildungsdienst veranstalten sie zwei Mal im Monat, 1x Samstags von 13:00 &#8211; 14:00 Uhr und 1x Montags von 18:00 &#8211; 20:00 Uhr.<\/p>\n<p><img decoding=\"async\" class=\"wp-image-9751  alignleft\" src=\"http:\/\/www.kreisfeuerwehrverband-vechta.de\/wp_KFV_2016\/wp-content\/uploads\/IMG_4027-540x720.jpeg\" alt=\"\" width=\"295\" height=\"393\" srcset=\"https:\/\/www.kreisfeuerwehrverband-vechta.de\/wp_KFV_2016\/wp-content\/uploads\/IMG_4027-540x720.jpeg 540w, https:\/\/www.kreisfeuerwehrverband-vechta.de\/wp_KFV_2016\/wp-content\/uploads\/IMG_4027-1440x1920.jpeg 1440w, https:\/\/www.kreisfeuerwehrverband-vechta.de\/wp_KFV_2016\/wp-content\/uploads\/IMG_4027-1152x1536.jpeg 1152w, https:\/\/www.kreisfeuerwehrverband-vechta.de\/wp_KFV_2016\/wp-content\/uploads\/IMG_4027-1536x2048.jpeg 1536w, https:\/\/www.kreisfeuerwehrverband-vechta.de\/wp_KFV_2016\/wp-content\/uploads\/IMG_4027-scaled.jpeg 1920w\" sizes=\"(max-width: 295px) 100vw, 295px\" \/><\/p>\n<p>&nbsp;<\/p>\n<p>JF-Wart<br \/>\nDominique da Silva<br \/>\nHeideweg 9<br \/>\n49401 Damme<\/p>\n<p><a href=\"mailto:domi.dasilva@gmx.com\">[Mail senden]<\/a><\/p>\n<p>&nbsp;<\/p>\n<p><a href=\"http:\/\/www.feuerwehr-damme.de\" target=\"_blank\" rel=\"noopener noreferrer\">www.feuerwehr-damme.de<\/a><\/p>\n","protected":false},"excerpt":{"rendered":"<p>Die Jugendfeuerwehr Damme wurde im Jahr 1973 gegr\u00fcndet. Seitdem werden interessierte Dammer Jugendliche mit Spiel und Spa\u00df an den Dienst bei der Feuerwehr gebracht. Neben der Ausbildung an technischen Ger\u00e4ten spielt die Kameradschaft eine gro\u00dfe Rolle. Gemeinsame Ausfl\u00fcge, Zeltlager und<\/p>\n","protected":false},"author":1,"featured_media":0,"parent":1015,"menu_order":0,"comment_status":"closed","ping_status":"closed","template":"","meta":{"ngg_post_thumbnail":0,"footnotes":""},"class_list":["post-1081","page","type-page","status-publish","hentry"],"_links":{"self":[{"href":"https:\/\/www.kreisfeuerwehrverband-vechta.de\/index.php?rest_route=\/wp\/v2\/pages\/1081","targetHints":{"allow":["GET"]}}],"collection":[{"href":"https:\/\/www.kreisfeuerwehrverband-vechta.de\/index.php?rest_route=\/wp\/v2\/pages"}],"about":[{"href":"https:\/\/www.kreisfeuerwehrverband-vechta.de\/index.php?rest_route=\/wp\/v2\/types\/page"}],"author":[{"embeddable":true,"href":"https:\/\/www.kreisfeuerwehrverband-vechta.de\/index.php?rest_route=\/wp\/v2\/users\/1"}],"replies":[{"embeddable":true,"href":"https:\/\/www.kreisfeuerwehrverband-vechta.de\/index.php?rest_route=%2Fwp%2Fv2%2Fcomments&post=1081"}],"version-history":[{"count":0,"href":"https:\/\/www.kreisfeuerwehrverband-vechta.de\/index.php?rest_route=\/wp\/v2\/pages\/1081\/revisions"}],"up":[{"embeddable":true,"href":"https:\/\/www.kreisfeuerwehrverband-vechta.de\/index.php?rest_route=\/wp\/v2\/pages\/1015"}],"wp:attachment":[{"href":"https:\/\/www.kreisfeuerwehrverband-vechta.de\/index.php?rest_route=%2Fwp%2Fv2%2Fmedia&parent=1081"}],"curies":[{"name":"wp","href":"https:\/\/api.w.org\/{rel}","templated":true}]}}