{"id":10477,"date":"2026-01-22T14:52:00","date_gmt":"2026-01-22T13:52:00","guid":{"rendered":"https:\/\/www.kreisfeuerwehrverband-vechta.de\/?page_id=10477"},"modified":"2026-01-22T14:52:00","modified_gmt":"2026-01-22T13:52:00","slug":"csa-traeger","status":"publish","type":"page","link":"https:\/\/www.kreisfeuerwehrverband-vechta.de\/?page_id=10477","title":{"rendered":"CSA-Tr\u00e4ger"},"content":{"rendered":"<p><span style=\"text-decoration: underline;\"><strong><a href=\"http:\/\/www.kreisfeuerwehrverband-vechta.de\/?page_id=300\"><img decoding=\"async\" class=\"alignleft size-full wp-image-9851\" src=\"http:\/\/www.kreisfeuerwehrverband-vechta.de\/wp_KFV_2016\/wp-content\/uploads\/Zurueck_75px.png\" alt=\"\" width=\"75\" height=\"26\"><\/a><\/strong><\/span><\/p>\n<p>&nbsp;<\/p>\n<p>&nbsp;<\/p>\n<p><span style=\"text-decoration: underline;\"><strong>Lehrgang Chemikalienschutzanzugtr\u00e4ger (Dauer 1 Tag)<\/strong><\/span><\/p>\n<p><strong>Lernziel:<\/strong> <br \/>\nDiese Tagesfortbildung soll Atemschutzger\u00e4tetr\u00e4gern als Erstunterweisung f\u00fcr den Einsatz im Chemikalienschutzanzug dienen. Die fortlaufende j\u00e4hrliche Unterweisung und die j\u00e4hrliche Einsatz\u00fcbung muss weiterhin in den Ortsfeuerwehren oder im Gefahrgutzug stattfinden.<\/p>\n<p><strong>Zielgruppe:<\/strong><br \/>\nDiese Fortbildung sollte Atemschutzger\u00e4tetr\u00e4gern aus Ortsfeuerwehren mit vorhandenen Chemikalienschutzanz\u00fcgen oder Mitgliedern des Gefahrgutzuges angeboten werden.<br \/>\nLehrgangsinhalte:<\/p>\n<p>&nbsp;<\/p>\n<p><span style=\"text-decoration: underline;\">Theoretischer Teil:<\/span><\/p>\n<ul>\n<li>Erl\u00e4uterung Schutzkleidung Form 1<\/li>\n<li>Erl\u00e4uterung Schutzkleidung Form 2<\/li>\n<li>Erl\u00e4uterung Schutzkleidung Form 3<\/li>\n<li>Einsatzgrunds\u00e4tze Dekontamination<\/li>\n<li>Einsatzgrunds\u00e4tze bei Notfall unter CSA<\/li>\n<li>Wiederholung Gefahrgutkennzeichnung<\/li>\n<\/ul>\n<p><span style=\"text-decoration: underline;\">Praktischer Teil:<\/span><\/p>\n<ul>\n<li>Anlegen bzw. Ablegen des CSA<\/li>\n<li>Gew\u00f6hnungs\u00fcbungen unter CSA<\/li>\n<li>Notdekon<\/li>\n<li>Notfallma\u00dfnahmen unter CSA<\/li>\n<\/ul>\n<p><a href=\"http:\/\/www.kreisfeuerwehrverband-vechta.de\/?page_id=233\"><img decoding=\"async\" class=\"alignleft size-full wp-image-9858\" src=\"http:\/\/www.kreisfeuerwehrverband-vechta.de\/wp_KFV_2016\/wp-content\/uploads\/Download-Hinweise_150px.png\" alt=\"\" width=\"150\" height=\"62\"><\/a><\/p>\n","protected":false},"excerpt":{"rendered":"<p>&nbsp; &nbsp; Lehrgang Chemikalienschutzanzugtr\u00e4ger (Dauer 1 Tag) Lernziel: Diese Tagesfortbildung soll Atemschutzger\u00e4tetr\u00e4gern als Erstunterweisung f\u00fcr den Einsatz im Chemikalienschutzanzug dienen. Die fortlaufende j\u00e4hrliche Unterweisung und die j\u00e4hrliche Einsatz\u00fcbung muss weiterhin in den Ortsfeuerwehren oder im Gefahrgutzug stattfinden. Zielgruppe: Diese Fortbildung<\/p>\n","protected":false},"author":1,"featured_media":0,"parent":300,"menu_order":0,"comment_status":"closed","ping_status":"closed","template":"","meta":{"ngg_post_thumbnail":0,"footnotes":""},"class_list":["post-10477","page","type-page","status-publish","hentry"],"_links":{"self":[{"href":"https:\/\/www.kreisfeuerwehrverband-vechta.de\/index.php?rest_route=\/wp\/v2\/pages\/10477","targetHints":{"allow":["GET"]}}],"collection":[{"href":"https:\/\/www.kreisfeuerwehrverband-vechta.de\/index.php?rest_route=\/wp\/v2\/pages"}],"about":[{"href":"https:\/\/www.kreisfeuerwehrverband-vechta.de\/index.php?rest_route=\/wp\/v2\/types\/page"}],"author":[{"embeddable":true,"href":"https:\/\/www.kreisfeuerwehrverband-vechta.de\/index.php?rest_route=\/wp\/v2\/users\/1"}],"replies":[{"embeddable":true,"href":"https:\/\/www.kreisfeuerwehrverband-vechta.de\/index.php?rest_route=%2Fwp%2Fv2%2Fcomments&post=10477"}],"version-history":[{"count":0,"href":"https:\/\/www.kreisfeuerwehrverband-vechta.de\/index.php?rest_route=\/wp\/v2\/pages\/10477\/revisions"}],"up":[{"embeddable":true,"href":"https:\/\/www.kreisfeuerwehrverband-vechta.de\/index.php?rest_route=\/wp\/v2\/pages\/300"}],"wp:attachment":[{"href":"https:\/\/www.kreisfeuerwehrverband-vechta.de\/index.php?rest_route=%2Fwp%2Fv2%2Fmedia&parent=10477"}],"curies":[{"name":"wp","href":"https:\/\/api.w.org\/{rel}","templated":true}]}}