{"id":1015,"date":"2016-03-17T19:53:49","date_gmt":"2016-03-17T18:53:49","guid":{"rendered":"http:\/\/www.kreisfeuerwehrverband-vechta.de\/?page_id=1015"},"modified":"2025-09-15T14:54:28","modified_gmt":"2025-09-15T12:54:28","slug":"jugendfeuerwehren","status":"publish","type":"page","link":"https:\/\/www.kreisfeuerwehrverband-vechta.de\/?page_id=1015","title":{"rendered":"Jugendfeuerwehren"},"content":{"rendered":"<p>Ansprechpartner und&nbsp;weitere Informationen&nbsp;zu den einzelnen Jugendfeuerwehren k\u00f6nnen&nbsp;\u00fcber die nachfolgenden Links aufgerufen werden.<\/p>\n<p>&nbsp;<\/p>\n<h3>Gemeinde Bakum<\/h3>\n<p><img decoding=\"async\" class=\"alignleft wp-image-1036\" src=\"http:\/\/www.kreisfeuerwehrverband-vechta.de\/wp_KFV_2016\/wp-content\/uploads\/Wappen_Bakum.png\" alt=\"Wappen_Bakum\" width=\"60\" height=\"65\"><a class=\"LinkFarbe\" href=\"http:\/\/www.kreisfeuerwehrverband-vechta.de\/?page_id=1009\">Jugendfeuerwehr Bakum<\/a><br \/>\n<a class=\"LinkFarbe\" href=\"http:\/\/www.kreisfeuerwehrverband-vechta.de\/?page_id=1011\">Jugendfeuerwehr L\u00fcsche<\/a><\/p>\n<p>&nbsp;<\/p>\n<p>&nbsp;<\/p>\n<h3>Stadt Damme<\/h3>\n<p><img decoding=\"async\" class=\"alignleft wp-image-1037\" src=\"http:\/\/www.kreisfeuerwehrverband-vechta.de\/wp_KFV_2016\/wp-content\/uploads\/Wappen_Damme.png\" alt=\"\" width=\"60\" height=\"68\"><a class=\"LinkFarbe\" href=\"http:\/\/www.kreisfeuerwehrverband-vechta.de\/?page_id=1081\">Jugendfeuerwehr&nbsp;Damme<\/a><br \/>\n<a class=\"LinkFarbe\" href=\"http:\/\/www.kreisfeuerwehrverband-vechta.de\/?page_id=1083\">Jugendfeuerwehr Borringhausen<\/a><br \/>\n<a class=\"LinkFarbe\" href=\"http:\/\/www.kreisfeuerwehrverband-vechta.de\/?page_id=1085\">Jugendfeuerwehr Osterfeine<\/a><\/p>\n<p>&nbsp;<\/p>\n<p>&nbsp;<\/p>\n<h3>Stadt Dinklage<\/h3>\n<p><img decoding=\"async\" class=\"alignleft wp-image-1038\" src=\"http:\/\/www.kreisfeuerwehrverband-vechta.de\/wp_KFV_2016\/wp-content\/uploads\/Wappen_Dinklage.png\" alt=\"\" width=\"60\" height=\"70\"><a class=\"LinkFarbe\" href=\"http:\/\/www.kreisfeuerwehrverband-vechta.de\/?page_id=1087\">Jugendfeuerwehr Dinklage<\/a><\/p>\n<p>&nbsp;<\/p>\n<p>&nbsp;<\/p>\n<h3>Gemeinde Goldenstedt<\/h3>\n<p><img loading=\"lazy\" decoding=\"async\" class=\"wp-image-1039 alignleft\" src=\"http:\/\/www.kreisfeuerwehrverband-vechta.de\/wp_KFV_2016\/wp-content\/uploads\/Wappen_Goldenstedt.png\" alt=\"\" width=\"60\" height=\"67\"><a class=\"LinkFarbe\" href=\"http:\/\/www.kreisfeuerwehrverband-vechta.de\/?page_id=1089\">Jugendfeuerwehr&nbsp;Goldenstedt<\/a><br \/>\n<a class=\"LinkFarbe\" href=\"http:\/\/www.kreisfeuerwehrverband-vechta.de\/?page_id=4539\">Jugendfeuerwehr Lutten<\/a><\/p>\n<p>&nbsp;<\/p>\n<p>&nbsp;<\/p>\n<h3>Gemeinde Holdorf<\/h3>\n<p><img loading=\"lazy\" decoding=\"async\" class=\"alignleft wp-image-1040\" src=\"http:\/\/www.kreisfeuerwehrverband-vechta.de\/wp_KFV_2016\/wp-content\/uploads\/Wappen_Holdorf.png\" alt=\"\" width=\"60\" height=\"65\"><a class=\"LinkFarbe\" href=\"http:\/\/www.kreisfeuerwehrverband-vechta.de\/?page_id=1091\">Jugendfeuerwehr Holdorf<\/a><\/p>\n<p>&nbsp;<\/p>\n<p>&nbsp;<\/p>\n<h3>Stadt Lohne<\/h3>\n<p><img loading=\"lazy\" decoding=\"async\" class=\"alignleft wp-image-1041\" src=\"http:\/\/www.kreisfeuerwehrverband-vechta.de\/wp_KFV_2016\/wp-content\/uploads\/Wappen_Lohne.png\" alt=\"\" width=\"60\" height=\"68\"><a class=\"LinkFarbe\" href=\"http:\/\/www.kreisfeuerwehrverband-vechta.de\/?page_id=1093\">Jugendfeuerwehr&nbsp;Lohne<\/a><br \/>\n<a class=\"LinkFarbe\" href=\"http:\/\/www.kreisfeuerwehrverband-vechta.de\/?page_id=1095\">Jugendfeuerwehr Brockdorf<\/a><br \/>\n<a class=\"LinkFarbe\" href=\"http:\/\/www.kreisfeuerwehrverband-vechta.de\/?page_id=1097\">Jugendfeuerwehr S\u00fcdlohne<\/a><\/p>\n<p>&nbsp;<\/p>\n<p>&nbsp;<\/p>\n<h3>Gemeinde&nbsp;Neuenkirchen-V\u00f6rden<\/h3>\n<p><img loading=\"lazy\" decoding=\"async\" class=\"alignleft wp-image-1042\" src=\"http:\/\/www.kreisfeuerwehrverband-vechta.de\/wp_KFV_2016\/wp-content\/uploads\/Wappen_Neuenkirchen-Voerden.png\" alt=\"\" width=\"60\" height=\"67\"><a class=\"LinkFarbe\" href=\"http:\/\/www.kreisfeuerwehrverband-vechta.de\/?page_id=1099\">Jugendfeuerwehr Neuenkirchen<\/a><br \/>\n<a class=\"LinkFarbe\" href=\"http:\/\/www.kreisfeuerwehrverband-vechta.de\/?page_id=1101\">Jugendfeuerwehr V\u00f6rden<\/a><\/p>\n<p>&nbsp;<\/p>\n<p>&nbsp;<\/p>\n<h3>Gemeinde Steinfeld<\/h3>\n<p><img loading=\"lazy\" decoding=\"async\" class=\"alignleft wp-image-1043\" src=\"http:\/\/www.kreisfeuerwehrverband-vechta.de\/wp_KFV_2016\/wp-content\/uploads\/Wappen_Steinfeld.png\" alt=\"\" width=\"60\" height=\"64\"><a class=\"LinkFarbe\" href=\"http:\/\/www.kreisfeuerwehrverband-vechta.de\/?page_id=1103\">Jugendfeuerwehr Steinfeld<\/a><\/p>\n<p>&nbsp;<\/p>\n<p>&nbsp;<\/p>\n<p>&nbsp;<\/p>\n<h3>Stadt Vechta<\/h3>\n<p><img loading=\"lazy\" decoding=\"async\" class=\"alignleft wp-image-1044\" src=\"http:\/\/www.kreisfeuerwehrverband-vechta.de\/wp_KFV_2016\/wp-content\/uploads\/Wappen_Vechta.png\" alt=\"\" width=\"60\" height=\"69\"><a class=\"LinkFarbe\" href=\"http:\/\/www.kreisfeuerwehrverband-vechta.de\/?page_id=1105\">Jugendfeuerwehr Vechta<\/a><br \/>\n<a class=\"LinkFarbe\" href=\"http:\/\/www.kreisfeuerwehrverband-vechta.de\/?page_id=1107\">Jugendfeuerwehr Langf\u00f6rden<\/a><\/p>\n<p>&nbsp;<\/p>\n<p>&nbsp;<\/p>\n<h3>Gemeinde Visbek<\/h3>\n<p><img loading=\"lazy\" decoding=\"async\" class=\"alignleft wp-image-1045\" src=\"http:\/\/www.kreisfeuerwehrverband-vechta.de\/wp_KFV_2016\/wp-content\/uploads\/Wappen_Visbek.png\" alt=\"\" width=\"60\" height=\"64\"><a class=\"LinkFarbe\" href=\"http:\/\/www.kreisfeuerwehrverband-vechta.de\/?page_id=1109\">Jugendfeuerwehr Visbek<\/a><br \/>\nJugendfeuerwehr Rechterfeld<\/p>\n<p>&nbsp;<\/p>\n","protected":false},"excerpt":{"rendered":"<p>Ansprechpartner und&nbsp;weitere Informationen&nbsp;zu den einzelnen Jugendfeuerwehren k\u00f6nnen&nbsp;\u00fcber die nachfolgenden Links aufgerufen werden. &nbsp; Gemeinde Bakum Jugendfeuerwehr Bakum Jugendfeuerwehr L\u00fcsche &nbsp; &nbsp; Stadt Damme Jugendfeuerwehr&nbsp;Damme Jugendfeuerwehr Borringhausen Jugendfeuerwehr Osterfeine &nbsp; &nbsp; Stadt Dinklage Jugendfeuerwehr Dinklage &nbsp; &nbsp; Gemeinde Goldenstedt Jugendfeuerwehr&nbsp;Goldenstedt Jugendfeuerwehr<\/p>\n","protected":false},"author":1,"featured_media":0,"parent":154,"menu_order":0,"comment_status":"closed","ping_status":"closed","template":"","meta":{"ngg_post_thumbnail":0,"footnotes":""},"class_list":["post-1015","page","type-page","status-publish","hentry"],"_links":{"self":[{"href":"https:\/\/www.kreisfeuerwehrverband-vechta.de\/index.php?rest_route=\/wp\/v2\/pages\/1015","targetHints":{"allow":["GET"]}}],"collection":[{"href":"https:\/\/www.kreisfeuerwehrverband-vechta.de\/index.php?rest_route=\/wp\/v2\/pages"}],"about":[{"href":"https:\/\/www.kreisfeuerwehrverband-vechta.de\/index.php?rest_route=\/wp\/v2\/types\/page"}],"author":[{"embeddable":true,"href":"https:\/\/www.kreisfeuerwehrverband-vechta.de\/index.php?rest_route=\/wp\/v2\/users\/1"}],"replies":[{"embeddable":true,"href":"https:\/\/www.kreisfeuerwehrverband-vechta.de\/index.php?rest_route=%2Fwp%2Fv2%2Fcomments&post=1015"}],"version-history":[{"count":0,"href":"https:\/\/www.kreisfeuerwehrverband-vechta.de\/index.php?rest_route=\/wp\/v2\/pages\/1015\/revisions"}],"up":[{"embeddable":true,"href":"https:\/\/www.kreisfeuerwehrverband-vechta.de\/index.php?rest_route=\/wp\/v2\/pages\/154"}],"wp:attachment":[{"href":"https:\/\/www.kreisfeuerwehrverband-vechta.de\/index.php?rest_route=%2Fwp%2Fv2%2Fmedia&parent=1015"}],"curies":[{"name":"wp","href":"https:\/\/api.w.org\/{rel}","templated":true}]}}