{"id":101,"date":"2016-02-16T18:19:37","date_gmt":"2016-02-16T17:19:37","guid":{"rendered":"http:\/\/www.kreisfeuerwehrverband-vechta.de\/?page_id=101"},"modified":"2025-06-17T08:44:39","modified_gmt":"2025-06-17T06:44:39","slug":"einsatzleitstelle","status":"publish","type":"page","link":"https:\/\/www.kreisfeuerwehrverband-vechta.de\/?page_id=101","title":{"rendered":"Einsatzleitstelle"},"content":{"rendered":"<p><img fetchpriority=\"high\" decoding=\"async\" class=\"alignleft wp-image-10099\" src=\"http:\/\/www.kreisfeuerwehrverband-vechta.de\/wp_KFV_2016\/wp-content\/uploads\/2025-05_Deters-Thorsten_1500px-576x720.jpg\" alt=\"\" width=\"200\" height=\"250\" srcset=\"https:\/\/www.kreisfeuerwehrverband-vechta.de\/wp_KFV_2016\/wp-content\/uploads\/2025-05_Deters-Thorsten_1500px-576x720.jpg 576w, https:\/\/www.kreisfeuerwehrverband-vechta.de\/wp_KFV_2016\/wp-content\/uploads\/2025-05_Deters-Thorsten_1500px.jpg 1200w\" sizes=\"(max-width: 200px) 100vw, 200px\" \/><\/p>\n<p>Im Herbst 2024 wurde die neue Einsatzleitstelle f\u00fcr Feuerwehr und Rettungsdienst des Landkreises Vechta, die von Thorsten Deters (Bild links) geleitet wird, im Geb\u00e4ude der Feuerwehrtechnischen Zentrale an der Oldenburger Stra\u00dfe in Vechta in Betrieb genommen. Zahlreiche Disponenten verrichten hier ihren Dienst. Die Leitstelle ist rund um die Uhr an 365 Tagen im Jahr mit mindestens zwei Disponenten besetzt. Die Disponenten haben eine feuerwehrtechnische Ausbildung und eine Ausbildung zum Rettungsassistenten bzw. Notfallsanit\u00e4ter.<\/p>\n<p>Die Einsatzleitstelle ist unter der einheitlichen Notrufnummer 112 zu erreichen. Des Weiteren k\u00f6nnen Krankentransporte bei der Leitstelle \u00fcber die zentrale bundeseinheitliche Rufnummer 19222 angemeldet werden.<\/p>\n<p>&nbsp;<\/p>\n<p><span style=\"text-decoration: underline;\"><strong>Aufgaben:<\/strong><\/span><\/p>\n<p style=\"text-align: left;\">Die Einsatzleitstelle \u00fcbernimmt im Rahmen der nichtpolizeilichen Gefahrenabwehr folgende Aufgaben:<\/p>\n<ul>\n<li style=\"text-align: left;\">Annahme von Hilfeersuchen aus der Bev\u00f6lkerung<\/li>\n<li style=\"text-align: left;\">Entgegennahme und Bearbeitung von Brandmeldungen durch technische Anlagen von aufgeschalteten Firmen<\/li>\n<li style=\"text-align: left;\">Disposition geeigneter Kr\u00e4fte nach einer vorgegebenen Alarm- und Ausr\u00fcckeordnung<\/li>\n<li style=\"text-align: left;\">Alarmierung der 20 Feuerwehren, des Rettungsdienstes (Malteser mit 5 Rettungswachen und 3 Notarztstandorten, SEG), des DRK, des THW sowie der DLRG<\/li>\n<li style=\"text-align: left;\">Einsatzvorplanung durch geeignete Konzepte f\u00fcr spezielle Objekte (AAO)<\/li>\n<li style=\"text-align: left;\">Unterst\u00fctzung der alarmierten Einsatzkr\u00e4fte z.B. durch das Lenken zum Einsatzort, oder bei Gefahrgutunf\u00e4llen das Vorhalten von Gefahrstoffdatenbanken<\/li>\n<li style=\"text-align: left;\">Zusammenarbeit mit anderen Beh\u00f6rden (Nachbarleitstellen, Nachbarkreise, Polizei, etc.)<\/li>\n<li style=\"text-align: left;\">Benachrichtigung der Bereitschaftsdienste des Landkreises Vechta (PsychKG, Allg. sozial. Dienst, etc.)<\/li>\n<\/ul>\n","protected":false},"excerpt":{"rendered":"<p>Im Herbst 2024 wurde die neue Einsatzleitstelle f\u00fcr Feuerwehr und Rettungsdienst des Landkreises Vechta, die von Thorsten Deters (Bild links) geleitet wird, im Geb\u00e4ude der Feuerwehrtechnischen Zentrale an der Oldenburger Stra\u00dfe in Vechta in Betrieb genommen. Zahlreiche Disponenten verrichten hier<\/p>\n","protected":false},"author":1,"featured_media":0,"parent":0,"menu_order":0,"comment_status":"closed","ping_status":"closed","template":"","meta":{"ngg_post_thumbnail":0,"footnotes":""},"class_list":["post-101","page","type-page","status-publish","hentry"],"_links":{"self":[{"href":"https:\/\/www.kreisfeuerwehrverband-vechta.de\/index.php?rest_route=\/wp\/v2\/pages\/101","targetHints":{"allow":["GET"]}}],"collection":[{"href":"https:\/\/www.kreisfeuerwehrverband-vechta.de\/index.php?rest_route=\/wp\/v2\/pages"}],"about":[{"href":"https:\/\/www.kreisfeuerwehrverband-vechta.de\/index.php?rest_route=\/wp\/v2\/types\/page"}],"author":[{"embeddable":true,"href":"https:\/\/www.kreisfeuerwehrverband-vechta.de\/index.php?rest_route=\/wp\/v2\/users\/1"}],"replies":[{"embeddable":true,"href":"https:\/\/www.kreisfeuerwehrverband-vechta.de\/index.php?rest_route=%2Fwp%2Fv2%2Fcomments&post=101"}],"version-history":[{"count":0,"href":"https:\/\/www.kreisfeuerwehrverband-vechta.de\/index.php?rest_route=\/wp\/v2\/pages\/101\/revisions"}],"wp:attachment":[{"href":"https:\/\/www.kreisfeuerwehrverband-vechta.de\/index.php?rest_route=%2Fwp%2Fv2%2Fmedia&parent=101"}],"curies":[{"name":"wp","href":"https:\/\/api.w.org\/{rel}","templated":true}]}}