{"id":1009,"date":"2016-03-17T19:47:43","date_gmt":"2016-03-17T18:47:43","guid":{"rendered":"http:\/\/www.kreisfeuerwehrverband-vechta.de\/?page_id=1009"},"modified":"2024-06-25T00:47:41","modified_gmt":"2024-06-24T22:47:41","slug":"jf-borringhausen","status":"publish","type":"page","link":"https:\/\/www.kreisfeuerwehrverband-vechta.de\/?page_id=1009","title":{"rendered":"Jugendfeuerwehr Bakum"},"content":{"rendered":"<p><img fetchpriority=\"high\" decoding=\"async\" class=\"aligncenter wp-image-2173\" src=\"http:\/\/www.kreisfeuerwehrverband-vechta.de\/wp_KFV_2016\/wp-content\/uploads\/JF_Bakum.jpg\" alt=\"JF_Bakum\" width=\"750\" height=\"500\" srcset=\"https:\/\/www.kreisfeuerwehrverband-vechta.de\/wp_KFV_2016\/wp-content\/uploads\/JF_Bakum.jpg 1000w, https:\/\/www.kreisfeuerwehrverband-vechta.de\/wp_KFV_2016\/wp-content\/uploads\/JF_Bakum-300x200.jpg 300w\" sizes=\"(max-width: 750px) 100vw, 750px\" \/><\/p>\n<p>Die Jugendfeuerwehr Bakum ist eine momentan junge Truppe von Jungs und M\u00e4dchen, die einen reichlich gef\u00fcllten Dienstplan mit vielen tollen Nachmittagen vorzuweisen hat. Neben den regelm\u00e4\u00dfigen Teilnahmen an Wettbewerben, der Winterveranstaltung und nat\u00fcrlich dem Pfingstzeltlager stehen auch interessante Ausbildungsdienste auf dem Programm. An der j\u00e4hrlichen Umweltaktion beteiligen sich die Jugendlichen genauso wie an den regelm\u00e4\u00dfigen Altkleidersammlungen. In der JF Bakum wird es also nie langweilig!<\/p>\n<p>Die Jugendfeuerwehr&nbsp;Bakum besteht zur Zeit aus&nbsp;13 Jugendlichen (Stand: 01.03.2018). Ihren Ausbildungsdienst veranstalten sie alle 14 Tage am&nbsp;Montag von 18:30 Uhr &#8211; 20:00 Uhr.<\/p>\n<p><img decoding=\"async\" class=\"alignleft wp-image-9723 size-medium\" src=\"http:\/\/www.kreisfeuerwehrverband-vechta.de\/wp_KFV_2016\/wp-content\/uploads\/IMG_4030-586x720.jpeg\" alt=\"\" width=\"586\" height=\"720\" srcset=\"https:\/\/www.kreisfeuerwehrverband-vechta.de\/wp_KFV_2016\/wp-content\/uploads\/IMG_4030-586x720.jpeg 586w, https:\/\/www.kreisfeuerwehrverband-vechta.de\/wp_KFV_2016\/wp-content\/uploads\/IMG_4030-1564x1920.jpeg 1564w, https:\/\/www.kreisfeuerwehrverband-vechta.de\/wp_KFV_2016\/wp-content\/uploads\/IMG_4030-1251x1536.jpeg 1251w, https:\/\/www.kreisfeuerwehrverband-vechta.de\/wp_KFV_2016\/wp-content\/uploads\/IMG_4030-1668x2048.jpeg 1668w\" sizes=\"(max-width: 586px) 100vw, 586px\" \/><\/p>\n<p>&nbsp;<\/p>\n<p>JF-Wart<br \/>\nLeon Sebastian Brachwitz<br \/>\nMecklenburger Stra\u00dfe 6<br \/>\n49456 Bakum<\/p>\n<p><a href=\"leon.brachwitz@gmx.net\">leon.brachwitz@gmx.net<\/a><\/p>\n<p>&nbsp;<\/p>\n<p><a href=\"http:\/\/www.feuerwehr-bakum.de\" target=\"_blank\" rel=\"noopener noreferrer\">www.feuerwehr-bakum.de<\/a><\/p>\n","protected":false},"excerpt":{"rendered":"<p>Die Jugendfeuerwehr Bakum ist eine momentan junge Truppe von Jungs und M\u00e4dchen, die einen reichlich gef\u00fcllten Dienstplan mit vielen tollen Nachmittagen vorzuweisen hat. Neben den regelm\u00e4\u00dfigen Teilnahmen an Wettbewerben, der Winterveranstaltung und nat\u00fcrlich dem Pfingstzeltlager stehen auch interessante Ausbildungsdienste auf<\/p>\n","protected":false},"author":1,"featured_media":0,"parent":1015,"menu_order":0,"comment_status":"closed","ping_status":"closed","template":"","meta":{"ngg_post_thumbnail":0,"footnotes":""},"class_list":["post-1009","page","type-page","status-publish","hentry"],"_links":{"self":[{"href":"https:\/\/www.kreisfeuerwehrverband-vechta.de\/index.php?rest_route=\/wp\/v2\/pages\/1009","targetHints":{"allow":["GET"]}}],"collection":[{"href":"https:\/\/www.kreisfeuerwehrverband-vechta.de\/index.php?rest_route=\/wp\/v2\/pages"}],"about":[{"href":"https:\/\/www.kreisfeuerwehrverband-vechta.de\/index.php?rest_route=\/wp\/v2\/types\/page"}],"author":[{"embeddable":true,"href":"https:\/\/www.kreisfeuerwehrverband-vechta.de\/index.php?rest_route=\/wp\/v2\/users\/1"}],"replies":[{"embeddable":true,"href":"https:\/\/www.kreisfeuerwehrverband-vechta.de\/index.php?rest_route=%2Fwp%2Fv2%2Fcomments&post=1009"}],"version-history":[{"count":0,"href":"https:\/\/www.kreisfeuerwehrverband-vechta.de\/index.php?rest_route=\/wp\/v2\/pages\/1009\/revisions"}],"up":[{"embeddable":true,"href":"https:\/\/www.kreisfeuerwehrverband-vechta.de\/index.php?rest_route=\/wp\/v2\/pages\/1015"}],"wp:attachment":[{"href":"https:\/\/www.kreisfeuerwehrverband-vechta.de\/index.php?rest_route=%2Fwp%2Fv2%2Fmedia&parent=1009"}],"curies":[{"name":"wp","href":"https:\/\/api.w.org\/{rel}","templated":true}]}}