{"id":10070,"date":"2025-04-10T21:37:43","date_gmt":"2025-04-10T19:37:43","guid":{"rendered":"https:\/\/www.kreisfeuerwehrverband-vechta.de\/?page_id=10070"},"modified":"2025-09-07T20:58:09","modified_gmt":"2025-09-07T18:58:09","slug":"einteilung-der-kreisfeuerwehrbereitschaft","status":"publish","type":"page","link":"https:\/\/www.kreisfeuerwehrverband-vechta.de\/?page_id=10070","title":{"rendered":"Einteilung der Kreisfeuerwehrbereitschaft"},"content":{"rendered":"<figure id=\"attachment_10356\" aria-describedby=\"caption-attachment-10356\" style=\"width: 1000px\" class=\"wp-caption aligncenter\"><img fetchpriority=\"high\" decoding=\"async\" class=\"wp-image-10356\" src=\"http:\/\/www.kreisfeuerwehrverband-vechta.de\/wp_KFV_2016\/wp-content\/uploads\/2025-09-06_KFB-Uebung_10.jpg\" alt=\"\" width=\"1000\" height=\"563\" srcset=\"https:\/\/www.kreisfeuerwehrverband-vechta.de\/wp_KFV_2016\/wp-content\/uploads\/2025-09-06_KFB-Uebung_10.jpg 1920w, https:\/\/www.kreisfeuerwehrverband-vechta.de\/wp_KFV_2016\/wp-content\/uploads\/2025-09-06_KFB-Uebung_10-720x405.jpg 720w, https:\/\/www.kreisfeuerwehrverband-vechta.de\/wp_KFV_2016\/wp-content\/uploads\/2025-09-06_KFB-Uebung_10-1536x864.jpg 1536w\" sizes=\"(max-width: 1000px) 100vw, 1000px\" \/><figcaption id=\"caption-attachment-10356\" class=\"wp-caption-text\">Gesamtfoto der KFB des Landkreises Vechta, vor der \u00dcbung 2025 in S\u00fcdlohne<\/figcaption><\/figure>\n<h3>&nbsp;<\/h3>\n<hr>\n<h3 style=\"text-align: center;\"><span style=\"text-decoration: underline;\">Die F\u00fchrung der KFB:<\/span><\/h3>\n<figure id=\"attachment_10360\" aria-describedby=\"caption-attachment-10360\" style=\"width: 1000px\" class=\"wp-caption aligncenter\"><img decoding=\"async\" class=\"wp-image-10360\" src=\"http:\/\/www.kreisfeuerwehrverband-vechta.de\/wp_KFV_2016\/wp-content\/uploads\/IMG_5456-scaled.jpg\" alt=\"\" width=\"1000\" height=\"563\" srcset=\"https:\/\/www.kreisfeuerwehrverband-vechta.de\/wp_KFV_2016\/wp-content\/uploads\/IMG_5456-scaled.jpg 2560w, https:\/\/www.kreisfeuerwehrverband-vechta.de\/wp_KFV_2016\/wp-content\/uploads\/IMG_5456-720x405.jpg 720w, https:\/\/www.kreisfeuerwehrverband-vechta.de\/wp_KFV_2016\/wp-content\/uploads\/IMG_5456-1920x1080.jpg 1920w, https:\/\/www.kreisfeuerwehrverband-vechta.de\/wp_KFV_2016\/wp-content\/uploads\/IMG_5456-1536x864.jpg 1536w, https:\/\/www.kreisfeuerwehrverband-vechta.de\/wp_KFV_2016\/wp-content\/uploads\/IMG_5456-2048x1152.jpg 2048w\" sizes=\"(max-width: 1000px) 100vw, 1000px\" \/><figcaption id=\"caption-attachment-10360\" class=\"wp-caption-text\">v.l.: Dennis Wiechens (Zugf\u00fchrer zbV), Stefan Hitz (stv. KFB-F\u00fchrer Nord), Peter Runnebohm (KFB-F\u00fchrer), Friedrich Meyer-Moormann (stv. KFB-F\u00fchrer S\u00fcd)<\/figcaption><\/figure>\n<p style=\"text-align: center;\">Die Kreisfeuerwehrbereitschaftsf\u00fchrer besetzen den ELW der Feuerwehr Dinklage (FV 22-11-1). Erg\u00e4nzt wird die F\u00fchrungsstaffel durch den FV 23-17-1 (MTF), besetzt durch die Feuerwehr Lohne.<\/p>\n<hr>\n<h3 style=\"text-align: center;\"><span style=\"text-decoration: underline;\">1. Zug &#8211; KFB Vechta<\/span><\/h3>\n<figure id=\"attachment_10363\" aria-describedby=\"caption-attachment-10363\" style=\"width: 1000px\" class=\"wp-caption aligncenter\"><img decoding=\"async\" class=\"wp-image-10363\" src=\"http:\/\/www.kreisfeuerwehrverband-vechta.de\/wp_KFV_2016\/wp-content\/uploads\/IMG_5429-scaled.jpg\" alt=\"\" width=\"1000\" height=\"563\" srcset=\"https:\/\/www.kreisfeuerwehrverband-vechta.de\/wp_KFV_2016\/wp-content\/uploads\/IMG_5429-scaled.jpg 2560w, https:\/\/www.kreisfeuerwehrverband-vechta.de\/wp_KFV_2016\/wp-content\/uploads\/IMG_5429-720x405.jpg 720w, https:\/\/www.kreisfeuerwehrverband-vechta.de\/wp_KFV_2016\/wp-content\/uploads\/IMG_5429-1920x1080.jpg 1920w, https:\/\/www.kreisfeuerwehrverband-vechta.de\/wp_KFV_2016\/wp-content\/uploads\/IMG_5429-1536x864.jpg 1536w, https:\/\/www.kreisfeuerwehrverband-vechta.de\/wp_KFV_2016\/wp-content\/uploads\/IMG_5429-2048x1152.jpg 2048w\" sizes=\"(max-width: 1000px) 100vw, 1000px\" \/><figcaption id=\"caption-attachment-10363\" class=\"wp-caption-text\">Die Zugf\u00fchrer des 1. Zuges: Zugf\u00fchrer Hubertus Meyer (links) und stv. Zugf\u00fchrer Andreas Varnhorn<\/figcaption><\/figure>\n<p>Die Zugf\u00fchrer des 1. Zuges besetzen den ELW der Feuerwehr Goldenstedt (FV 13-11-1).<\/p>\n<p>Zum Zug geh\u00f6ren zudem folgende Fahrzeuge:<\/p>\n<ul>\n<li>FV 89-44-2 (LF 20 KatS) &#8211; LK Vechta \/ FF Visbek<\/li>\n<li>FV 12-47-1 (LF 20) &#8211; FF Rechterfeld<\/li>\n<li>FV 14-47-1 (LF 20) &#8211; FF Lutten<\/li>\n<li>FV 13-44-1 (LF 16 TS) &#8211; FF Goldenstedt<\/li>\n<li>FV 11-17-1 (MTF) mit Anh\u00e4nger &#8211; FF Visbek<\/li>\n<\/ul>\n<hr>\n<h3 style=\"text-align: center;\"><span style=\"text-decoration: underline;\">2. Zug &#8211; KFB Vechta<\/span><\/h3>\n<figure id=\"attachment_10366\" aria-describedby=\"caption-attachment-10366\" style=\"width: 1000px\" class=\"wp-caption aligncenter\"><img loading=\"lazy\" decoding=\"async\" class=\"wp-image-10366\" src=\"http:\/\/www.kreisfeuerwehrverband-vechta.de\/wp_KFV_2016\/wp-content\/uploads\/IMG_5478-scaled.jpg\" alt=\"\" width=\"1000\" height=\"563\" srcset=\"https:\/\/www.kreisfeuerwehrverband-vechta.de\/wp_KFV_2016\/wp-content\/uploads\/IMG_5478-scaled.jpg 2560w, https:\/\/www.kreisfeuerwehrverband-vechta.de\/wp_KFV_2016\/wp-content\/uploads\/IMG_5478-720x405.jpg 720w, https:\/\/www.kreisfeuerwehrverband-vechta.de\/wp_KFV_2016\/wp-content\/uploads\/IMG_5478-1920x1080.jpg 1920w, https:\/\/www.kreisfeuerwehrverband-vechta.de\/wp_KFV_2016\/wp-content\/uploads\/IMG_5478-1536x864.jpg 1536w, https:\/\/www.kreisfeuerwehrverband-vechta.de\/wp_KFV_2016\/wp-content\/uploads\/IMG_5478-2048x1152.jpg 2048w\" sizes=\"(max-width: 1000px) 100vw, 1000px\" \/><figcaption id=\"caption-attachment-10366\" class=\"wp-caption-text\">Die Zugf\u00fchrer des 2. Zuges, v.l.: Patrick Gerdes (stv. Zugf\u00fchrer), Ralf Tebbert (Zugf\u00fchrer), Holger Engbarth (stv. Zugf\u00fchrer)<\/figcaption><\/figure>\n<p>Die Zugf\u00fchrer des 2. Zuges besetzen den ELW der Feuerwehr Langf\u00f6rden (FV 15-11-1).<\/p>\n<p>Zum Zug geh\u00f6ren zudem folgende Fahrzeuge:<\/p>\n<ul>\n<li>FV 20-23-1 (TLF 16\/25) &#8211; FF Bakum<\/li>\n<li>FV 21-24-1 (TLF 16\/24) &#8211; FF L\u00fcsche<\/li>\n<li>FV 22-48-2 (HLF 20) &#8211; FF Dinklage<\/li>\n<li>FV 15-26-1 (TLF 4000) &#8211; FF Langf\u00f6rden<\/li>\n<li>FV 80-62-1 (GW-L2) &#8211; LK Vechta \/ FF Vechta<\/li>\n<li>FV 16-63-1 (GW) &#8211; FF Vechta<\/li>\n<\/ul>\n<hr>\n<h3 style=\"text-align: center;\"><span style=\"text-decoration: underline;\">3. Zug &#8211; KFB Vechta<\/span><\/h3>\n<figure id=\"attachment_10367\" aria-describedby=\"caption-attachment-10367\" style=\"width: 1000px\" class=\"wp-caption aligncenter\"><img loading=\"lazy\" decoding=\"async\" class=\"wp-image-10367\" src=\"http:\/\/www.kreisfeuerwehrverband-vechta.de\/wp_KFV_2016\/wp-content\/uploads\/IMG_5427-scaled.jpg\" alt=\"\" width=\"1000\" height=\"563\" srcset=\"https:\/\/www.kreisfeuerwehrverband-vechta.de\/wp_KFV_2016\/wp-content\/uploads\/IMG_5427-scaled.jpg 2560w, https:\/\/www.kreisfeuerwehrverband-vechta.de\/wp_KFV_2016\/wp-content\/uploads\/IMG_5427-720x405.jpg 720w, https:\/\/www.kreisfeuerwehrverband-vechta.de\/wp_KFV_2016\/wp-content\/uploads\/IMG_5427-1920x1080.jpg 1920w, https:\/\/www.kreisfeuerwehrverband-vechta.de\/wp_KFV_2016\/wp-content\/uploads\/IMG_5427-1536x864.jpg 1536w, https:\/\/www.kreisfeuerwehrverband-vechta.de\/wp_KFV_2016\/wp-content\/uploads\/IMG_5427-2048x1152.jpg 2048w\" sizes=\"(max-width: 1000px) 100vw, 1000px\" \/><figcaption id=\"caption-attachment-10367\" class=\"wp-caption-text\">Die Zugf\u00fchrer des 3. Zuges: Zugf\u00fchrer Sebastian Kathmann (links) und stv. Zugf\u00fchrer Florian Soika<\/figcaption><\/figure>\n<p>Die Zugf\u00fchrer des 3. Zuges besetzen den ELW der Feuerwehr Holdorf (FV 30-11-1).<\/p>\n<p>Zum Zug geh\u00f6ren zudem folgende Fahrzeuge:<\/p>\n<ul>\n<li>FV 24-46-1 (LF 8) mit Anh\u00e4nger &#8211; FF Brockdorf<\/li>\n<li>FV 25-46-1 (LF 8) &#8211; FF S\u00fcdlohne<\/li>\n<li>FV 32-62-1 (GW-L2) &#8211; FF Steinfeld<\/li>\n<li>FV 31-21-1 (TLF 16\/24 Tr) &#8211; FF Fladderlohausen<\/li>\n<li>FV 30-24-1 (TLF 16\/25) &#8211; FF Holdorf<\/li>\n<li>FV 30-17-1 (MTF) &#8211; FF Holdorf<\/li>\n<li>FV 80-67-1 (AB-R\u00fcst) &#8211; LK Vechta \/ FF Holdorf<\/li>\n<li>FV 25-69-1 (GW) &#8211; FF S\u00fcdlohne<\/li>\n<\/ul>\n<hr>\n<h3 style=\"text-align: center;\"><span style=\"text-decoration: underline;\">4. Zug &#8211; KFB Vechta<\/span><\/h3>\n<figure id=\"attachment_10370\" aria-describedby=\"caption-attachment-10370\" style=\"width: 1000px\" class=\"wp-caption aligncenter\"><img loading=\"lazy\" decoding=\"async\" class=\"wp-image-10370\" src=\"http:\/\/www.kreisfeuerwehrverband-vechta.de\/wp_KFV_2016\/wp-content\/uploads\/IMG_5446-scaled.jpg\" alt=\"\" width=\"1000\" height=\"563\" srcset=\"https:\/\/www.kreisfeuerwehrverband-vechta.de\/wp_KFV_2016\/wp-content\/uploads\/IMG_5446-scaled.jpg 2560w, https:\/\/www.kreisfeuerwehrverband-vechta.de\/wp_KFV_2016\/wp-content\/uploads\/IMG_5446-720x405.jpg 720w, https:\/\/www.kreisfeuerwehrverband-vechta.de\/wp_KFV_2016\/wp-content\/uploads\/IMG_5446-1920x1080.jpg 1920w, https:\/\/www.kreisfeuerwehrverband-vechta.de\/wp_KFV_2016\/wp-content\/uploads\/IMG_5446-1536x864.jpg 1536w, https:\/\/www.kreisfeuerwehrverband-vechta.de\/wp_KFV_2016\/wp-content\/uploads\/IMG_5446-2048x1152.jpg 2048w\" sizes=\"(max-width: 1000px) 100vw, 1000px\" \/><figcaption id=\"caption-attachment-10370\" class=\"wp-caption-text\">Die Zugf\u00fchrer des 4. Zuges: Zugf\u00fchrer Marcel Meyer (links) und stv. Zugf\u00fchrer Stefan Rechtien<\/figcaption><\/figure>\n<p>Die Zugf\u00fchrer des 4. Zuges besetzen den ELW der Feuerwehr V\u00f6rden (FV 37-11-1).<\/p>\n<p>Zum Zug geh\u00f6ren zudem folgende Fahrzeuge:<\/p>\n<ul>\n<li>FV 89-44-1 (LF 20 KatS) &#8211; LK Vechta \/ FF Damme<\/li>\n<li>FV 36-46-1 (HLF 10) &#8211; FF Neuenkirchen<\/li>\n<li>FV 34-44-1 (LF 16 TS) &#8211; FF Borringhausen<\/li>\n<li>FV 35-21-1 (TLF 16\/24) &#8211; FF Osterfeine<\/li>\n<\/ul>\n<hr>\n<h3 style=\"text-align: center;\"><span style=\"text-decoration: underline;\">5. Zug &#8211; KFB Vechta<\/span><\/h3>\n<p>Der 5. Zug ist keine Einheit, die durch die Feuerwehren besetzt werden. Hiermit ist die Verpflegungskomponente sowie der Fachzug Logistik gemeint. Dies wird durch das Deutsche Rote Kreuz, Kreisverband Vechta sichergestellt. Dem Zug geh\u00f6ren folgende Fahrzeuge an:<\/p>\n<ul>\n<li>RKV 40-85-1 (RTW)<\/li>\n<li>RKV 89-17-1 (MTF)<\/li>\n<li>RKV 89-64-1 (BtrLKW)<\/li>\n<\/ul>\n","protected":false},"excerpt":{"rendered":"<p>&nbsp; Die F\u00fchrung der KFB: Die Kreisfeuerwehrbereitschaftsf\u00fchrer besetzen den ELW der Feuerwehr Dinklage (FV 22-11-1). Erg\u00e4nzt wird die F\u00fchrungsstaffel durch den FV 23-17-1 (MTF), besetzt durch die Feuerwehr Lohne. 1. Zug &#8211; KFB Vechta Die Zugf\u00fchrer des 1. Zuges besetzen<\/p>\n","protected":false},"author":1,"featured_media":0,"parent":156,"menu_order":0,"comment_status":"closed","ping_status":"closed","template":"","meta":{"ngg_post_thumbnail":0,"footnotes":""},"class_list":["post-10070","page","type-page","status-publish","hentry"],"_links":{"self":[{"href":"https:\/\/www.kreisfeuerwehrverband-vechta.de\/index.php?rest_route=\/wp\/v2\/pages\/10070","targetHints":{"allow":["GET"]}}],"collection":[{"href":"https:\/\/www.kreisfeuerwehrverband-vechta.de\/index.php?rest_route=\/wp\/v2\/pages"}],"about":[{"href":"https:\/\/www.kreisfeuerwehrverband-vechta.de\/index.php?rest_route=\/wp\/v2\/types\/page"}],"author":[{"embeddable":true,"href":"https:\/\/www.kreisfeuerwehrverband-vechta.de\/index.php?rest_route=\/wp\/v2\/users\/1"}],"replies":[{"embeddable":true,"href":"https:\/\/www.kreisfeuerwehrverband-vechta.de\/index.php?rest_route=%2Fwp%2Fv2%2Fcomments&post=10070"}],"version-history":[{"count":0,"href":"https:\/\/www.kreisfeuerwehrverband-vechta.de\/index.php?rest_route=\/wp\/v2\/pages\/10070\/revisions"}],"up":[{"embeddable":true,"href":"https:\/\/www.kreisfeuerwehrverband-vechta.de\/index.php?rest_route=\/wp\/v2\/pages\/156"}],"wp:attachment":[{"href":"https:\/\/www.kreisfeuerwehrverband-vechta.de\/index.php?rest_route=%2Fwp%2Fv2%2Fmedia&parent=10070"}],"curies":[{"name":"wp","href":"https:\/\/api.w.org\/{rel}","templated":true}]}}